{"id":43583,"date":"2024-01-31T12:57:11","date_gmt":"2024-01-31T12:57:11","guid":{"rendered":"https:\/\/e.kosmolat.eu\/product\/viorica-viegls-kermena-krems-200-ml\/"},"modified":"2026-04-11T18:40:25","modified_gmt":"2026-04-11T18:40:25","slug":"viorica-viegls-kermena-krems-200-ml","status":"publish","type":"product","link":"https:\/\/e.kosmolat.eu\/lt\/produktas\/viorica-viegls-kermena-krems-200-ml\/","title":{"rendered":"VIORICA Lengvas k\u016bno kremas, 200 ml"},"content":{"rendered":"<p>Dr\u0117kinamasis kremas lengvai \u012fsigeria, daro od\u0105 &scaron;velni\u0105 ir lygi\u0105, suteikdamas subtil\u0173 abrikos\u0173 \u017eied\u0173 kvap\u0105. Tinka visiems odos tipams.&nbsp;<\/p>\n<p><strong>Naudojimas: <\/strong>tepkite krem\u0105, ypating\u0105 d\u0117mes\u012f skirdami i&scaron;saus\u0117jusioms k\u016bno vietoms. Nor\u0117dami gauti maksimal\u0173 efekt\u0105, naudokite i&scaron;kart po du&scaron;o ar vonios.<\/p>\n<p>Laikyti t&deg; nuo +5&deg;\u0421 iki +25&deg;\u0421, saugoti nuo tiesiogini\u0173 saul\u0117s spinduli\u0173.&nbsp;<br \/>\n&nbsp;<\/p>\n","protected":false},"excerpt":{"rendered":"<p>Dr\u0117kinamasis kremas lengvai \u012fsigeria, daro od\u0105 &scaron;velni\u0105 ir lygi\u0105, suteikdamas subtil\u0173 abrikos\u0173 \u017eied\u0173 kvap\u0105. Tinka visiems odos tipams.&nbsp; Naudojimas: tepkite krem\u0105, ypating\u0105 d\u0117mes\u012f skirdami i&scaron;saus\u0117jusioms k\u016bno vietoms. Nor\u0117dami gauti maksimal\u0173 efekt\u0105, naudokite i&scaron;kart po du&scaron;o ar vonios. Laikyti t&deg; nuo +5&deg;\u0421 iki +25&deg;\u0421, saugoti nuo tiesiogini\u0173 saul\u0117s spinduli\u0173.&nbsp; &nbsp;<\/p>\n","protected":false},"featured_media":88298,"template":"","meta":[],"product_cat":[1390],"product_tag":[],"class_list":{"0":"post-43583","1":"product","2":"type-product","3":"status-publish","4":"has-post-thumbnail","6":"product_brand-viorica-cosmeplant_bg-lt","7":"product_cat-kremai-aliejai-kuno-pienelis","9":"first","10":"instock","11":"taxable","12":"shipping-taxable","13":"product-type-simple"},"_links":{"self":[{"href":"https:\/\/e.kosmolat.eu\/lt\/wp-json\/wp\/v2\/product\/43583","targetHints":{"allow":["GET"]}}],"collection":[{"href":"https:\/\/e.kosmolat.eu\/lt\/wp-json\/wp\/v2\/product"}],"about":[{"href":"https:\/\/e.kosmolat.eu\/lt\/wp-json\/wp\/v2\/types\/product"}],"wp:featuredmedia":[{"embeddable":true,"href":"https:\/\/e.kosmolat.eu\/lt\/wp-json\/wp\/v2\/media\/88298"}],"wp:attachment":[{"href":"https:\/\/e.kosmolat.eu\/lt\/wp-json\/wp\/v2\/media?parent=43583"}],"wp:term":[{"taxonomy":"product_cat","embeddable":true,"href":"https:\/\/e.kosmolat.eu\/lt\/wp-json\/wp\/v2\/product_cat?post=43583"},{"taxonomy":"product_tag","embeddable":true,"href":"https:\/\/e.kosmolat.eu\/lt\/wp-json\/wp\/v2\/product_tag?post=43583"}],"curies":[{"name":"wp","href":"https:\/\/api.w.org\/{rel}","templated":true}]}}