{"id":43575,"date":"2024-01-31T12:56:52","date_gmt":"2024-01-31T12:56:52","guid":{"rendered":"https:\/\/e.kosmolat.eu\/product\/viorica-vie-toniks-adas-mirdzums-200-ml\/"},"modified":"2026-04-11T18:39:57","modified_gmt":"2026-04-11T18:39:57","slug":"viorica-vie-toniks-adas-mirdzums-200-ml","status":"publish","type":"product","link":"https:\/\/e.kosmolat.eu\/lt\/produktas\/viorica-vie-toniks-adas-mirdzums-200-ml\/","title":{"rendered":"VIORICA VIE Skin Glow Tonikas, 200 ml"},"content":{"rendered":"<p>Viephenol&trade; suteikia odos l\u0105stel\u0117ms galing\u0105 antioksidacin\u0119 apsaug\u0105 ir skatina j\u0173 atsinaujinim\u0105. Vitaminas C tonizuoja, pa&scaron;alina smulkius netobulumus, suteikia sveiko &scaron;vyt\u0117jimo. Niacinamidas sutraukia poras ir skatina mikrocirkuliacij\u0105. Provitaminas B5 akimirksniu ramina ir dr\u0117kina od\u0105.&nbsp;<\/p>\n<p><strong>Naudojimas: <\/strong>U\u017etepkite pakankam\u0105 kiek\u012f priemon\u0117s ant vatos diskelio ir &scaron;velniai nuvalykite veid\u0105, vengdami srities aplink akis. Prie&scaron; naudodami i&scaron;bandykite gamin\u012f ant vidinio dilbio pavir&scaron;iaus.<\/p>\n<p>Laikyti t&deg; nuo +5&deg;\u0421 iki +25&deg;\u0421, saugoti nuo tiesiogini\u0173 saul\u0117s spinduli\u0173.<br \/>\n&nbsp;<\/p>\n","protected":false},"excerpt":{"rendered":"<p>Viephenol&trade; suteikia odos l\u0105stel\u0117ms galing\u0105 antioksidacin\u0119 apsaug\u0105 ir skatina j\u0173 atsinaujinim\u0105. Vitaminas C tonizuoja, pa&scaron;alina smulkius netobulumus, suteikia sveiko &scaron;vyt\u0117jimo. Niacinamidas sutraukia poras ir skatina mikrocirkuliacij\u0105. Provitaminas B5 akimirksniu ramina ir dr\u0117kina od\u0105.&nbsp; Naudojimas: U\u017etepkite pakankam\u0105 kiek\u012f priemon\u0117s ant vatos diskelio ir &scaron;velniai nuvalykite veid\u0105, vengdami srities aplink akis. Prie&scaron; naudodami i&scaron;bandykite gamin\u012f ant vidinio [&#8230;]\n","protected":false},"featured_media":88286,"template":"","meta":[],"product_cat":[1580],"product_tag":[],"class_list":{"0":"post-43575","1":"product","2":"type-product","3":"status-publish","4":"has-post-thumbnail","6":"product_brand-viorica-cosmeplant_bg-lt","7":"product_cat-losjonai-ir-tonikai","9":"first","10":"outofstock","11":"taxable","12":"shipping-taxable","13":"product-type-simple"},"_links":{"self":[{"href":"https:\/\/e.kosmolat.eu\/lt\/wp-json\/wp\/v2\/product\/43575","targetHints":{"allow":["GET"]}}],"collection":[{"href":"https:\/\/e.kosmolat.eu\/lt\/wp-json\/wp\/v2\/product"}],"about":[{"href":"https:\/\/e.kosmolat.eu\/lt\/wp-json\/wp\/v2\/types\/product"}],"wp:featuredmedia":[{"embeddable":true,"href":"https:\/\/e.kosmolat.eu\/lt\/wp-json\/wp\/v2\/media\/88286"}],"wp:attachment":[{"href":"https:\/\/e.kosmolat.eu\/lt\/wp-json\/wp\/v2\/media?parent=43575"}],"wp:term":[{"taxonomy":"product_cat","embeddable":true,"href":"https:\/\/e.kosmolat.eu\/lt\/wp-json\/wp\/v2\/product_cat?post=43575"},{"taxonomy":"product_tag","embeddable":true,"href":"https:\/\/e.kosmolat.eu\/lt\/wp-json\/wp\/v2\/product_tag?post=43575"}],"curies":[{"name":"wp","href":"https:\/\/api.w.org\/{rel}","templated":true}]}}