{"id":43563,"date":"2024-01-31T12:56:19","date_gmt":"2024-01-31T12:56:19","guid":{"rendered":"https:\/\/e.kosmolat.eu\/product\/viorica-vie-reaktivejoss-pretnovecosanas-nakts-krems-50-ml\/"},"modified":"2026-03-31T07:38:19","modified_gmt":"2026-03-31T07:38:19","slug":"viorica-vie-reaktivejoss-pretnovecosanas-nakts-krems-50-ml","status":"publish","type":"product","link":"https:\/\/e.kosmolat.eu\/lt\/produktas\/viorica-vie-reaktivejoss-pretnovecosanas-nakts-krems-50-ml\/","title":{"rendered":"VIORICA VIE Naktinis sen\u0117jim\u0105 stabdantis reaktyvuojantis kremas, 50 ml"},"content":{"rendered":"<p>Antioksidacinis kompleksas Viephenol&trade; apsaugo nuo prie&scaron;laikinio odos sen\u0117jimo: skatina kolageno gamyb\u0105, palaiko l\u0105steli\u0173 atsinaujinimo proces\u0105 ir apsaugo nuo fotosen\u0117jimo. Spanguoli\u0173 aliejus dr\u0117kina ir praturtina od\u0105 neso\u010diosiomis riebal\u0173 r\u016bg&scaron;timis Omega 3, 6 ir 9. Tamarind\u0173 polisacharidai lygina od\u0105. Niacinamidas gerina mikrocirkuliacij\u0105 ir i&scaron;lygina odos atspalv\u012f.<\/p>\n<p><strong>Naudojimas:<\/strong> Tepkite krem\u0105 masa\u017euojamaisiais judesiais ant &scaron;varios veido, kaklo ir dekolt\u0117 odos. Nor\u0117dami ilgalaikio poveikio, naudokite kiekvien\u0105 vakar\u0105. Prie&scaron; naudodami i&scaron;bandykite gamin\u012f ant vidinio dilbio pavir&scaron;iaus.<\/p>\n<p>Laikyti t&deg; nuo +5&deg;\u0421 iki +25&deg;\u0421, saugoti nuo tiesiogini\u0173 saul\u0117s spinduli\u0173.&nbsp;<br \/>\n&nbsp;<\/p>\n","protected":false},"excerpt":{"rendered":"<p>Antioksidacinis kompleksas Viephenol&trade; apsaugo nuo prie&scaron;laikinio odos sen\u0117jimo: skatina kolageno gamyb\u0105, palaiko l\u0105steli\u0173 atsinaujinimo proces\u0105 ir apsaugo nuo fotosen\u0117jimo. Spanguoli\u0173 aliejus dr\u0117kina ir praturtina od\u0105 neso\u010diosiomis riebal\u0173 r\u016bg&scaron;timis Omega 3, 6 ir 9. Tamarind\u0173 polisacharidai lygina od\u0105. Niacinamidas gerina mikrocirkuliacij\u0105 ir i&scaron;lygina odos atspalv\u012f. Naudojimas: Tepkite krem\u0105 masa\u017euojamaisiais judesiais ant &scaron;varios veido, kaklo ir dekolt\u0117 [&#8230;]\n","protected":false},"featured_media":88262,"template":"","meta":[],"product_cat":[1322],"product_tag":[],"class_list":{"0":"post-43563","1":"product","2":"type-product","3":"status-publish","4":"has-post-thumbnail","6":"product_brand-viorica-cosmeplant_bg-lt","7":"product_cat-veido-kremai","9":"first","10":"outofstock","11":"taxable","12":"shipping-taxable","13":"product-type-simple"},"_links":{"self":[{"href":"https:\/\/e.kosmolat.eu\/lt\/wp-json\/wp\/v2\/product\/43563","targetHints":{"allow":["GET"]}}],"collection":[{"href":"https:\/\/e.kosmolat.eu\/lt\/wp-json\/wp\/v2\/product"}],"about":[{"href":"https:\/\/e.kosmolat.eu\/lt\/wp-json\/wp\/v2\/types\/product"}],"wp:featuredmedia":[{"embeddable":true,"href":"https:\/\/e.kosmolat.eu\/lt\/wp-json\/wp\/v2\/media\/88262"}],"wp:attachment":[{"href":"https:\/\/e.kosmolat.eu\/lt\/wp-json\/wp\/v2\/media?parent=43563"}],"wp:term":[{"taxonomy":"product_cat","embeddable":true,"href":"https:\/\/e.kosmolat.eu\/lt\/wp-json\/wp\/v2\/product_cat?post=43563"},{"taxonomy":"product_tag","embeddable":true,"href":"https:\/\/e.kosmolat.eu\/lt\/wp-json\/wp\/v2\/product_tag?post=43563"}],"curies":[{"name":"wp","href":"https:\/\/api.w.org\/{rel}","templated":true}]}}