{"id":43555,"date":"2024-01-31T12:56:03","date_gmt":"2024-01-31T12:56:03","guid":{"rendered":"https:\/\/e.kosmolat.eu\/product\/viorica-vie-pretnovecosanas-dienas-krems-ar-liftinga-efektu-50-ml\/"},"modified":"2026-04-11T18:38:29","modified_gmt":"2026-04-11T18:38:29","slug":"viorica-vie-pretnovecosanas-dienas-krems-ar-liftinga-efektu-50-ml","status":"publish","type":"product","link":"https:\/\/e.kosmolat.eu\/lt\/produktas\/viorica-vie-pretnovecosanas-dienas-krems-ar-liftinga-efektu-50-ml\/","title":{"rendered":"VIORICA VIE Dieninis sen\u0117jim\u0105 stabdantis stangrinantis kremas, 50 ml"},"content":{"rendered":"<p>Antioksidacinis kompleksas Viephenol&trade; apsaugo nuo prie&scaron;laikinio odos sen\u0117jimo: skatina kolageno gamyb\u0105, palaiko l\u0105steli\u0173 atsinaujinimo proces\u0105 ir apsaugo nuo fotosen\u0117jimo. Avi\u017e\u0173 beta-gliukanas akimirksniu stangrina ir dr\u0117kina od\u0105. Sen\u0117jim\u0105 stabdantys peptidai gerina odos tekst\u016br\u0105 ir ma\u017eina rauk&scaron;les.<\/p>\n<p><strong>Naudojimas:<\/strong> Tepkite krem\u0105 masa\u017euojamaisiais judesiais ant &scaron;varios veido, kaklo ir dekolt\u0117 odos. Nor\u0117dami ilgalaikio poveikio, naudokite kiekvien\u0105 ryt\u0105. Prie&scaron; naudodami i&scaron;bandykite gamin\u012f ant vidinio dilbio pavir&scaron;iaus.<\/p>\n<p>Laikyti t&deg; nuo +5&deg;\u0421 iki +25&deg;\u0421, saugoti nuo tiesiogini\u0173 saul\u0117s spinduli\u0173.&nbsp;<br \/>\n&nbsp;<\/p>\n","protected":false},"excerpt":{"rendered":"<p>Antioksidacinis kompleksas Viephenol&trade; apsaugo nuo prie&scaron;laikinio odos sen\u0117jimo: skatina kolageno gamyb\u0105, palaiko l\u0105steli\u0173 atsinaujinimo proces\u0105 ir apsaugo nuo fotosen\u0117jimo. Avi\u017e\u0173 beta-gliukanas akimirksniu stangrina ir dr\u0117kina od\u0105. Sen\u0117jim\u0105 stabdantys peptidai gerina odos tekst\u016br\u0105 ir ma\u017eina rauk&scaron;les. Naudojimas: Tepkite krem\u0105 masa\u017euojamaisiais judesiais ant &scaron;varios veido, kaklo ir dekolt\u0117 odos. Nor\u0117dami ilgalaikio poveikio, naudokite kiekvien\u0105 ryt\u0105. Prie&scaron; naudodami [&#8230;]\n","protected":false},"featured_media":88258,"template":"","meta":[],"product_cat":[1322],"product_tag":[],"class_list":{"0":"post-43555","1":"product","2":"type-product","3":"status-publish","4":"has-post-thumbnail","6":"product_brand-viorica-cosmeplant_bg-lt","7":"product_cat-veido-kremai","9":"first","10":"outofstock","11":"taxable","12":"shipping-taxable","13":"product-type-simple"},"_links":{"self":[{"href":"https:\/\/e.kosmolat.eu\/lt\/wp-json\/wp\/v2\/product\/43555","targetHints":{"allow":["GET"]}}],"collection":[{"href":"https:\/\/e.kosmolat.eu\/lt\/wp-json\/wp\/v2\/product"}],"about":[{"href":"https:\/\/e.kosmolat.eu\/lt\/wp-json\/wp\/v2\/types\/product"}],"wp:featuredmedia":[{"embeddable":true,"href":"https:\/\/e.kosmolat.eu\/lt\/wp-json\/wp\/v2\/media\/88258"}],"wp:attachment":[{"href":"https:\/\/e.kosmolat.eu\/lt\/wp-json\/wp\/v2\/media?parent=43555"}],"wp:term":[{"taxonomy":"product_cat","embeddable":true,"href":"https:\/\/e.kosmolat.eu\/lt\/wp-json\/wp\/v2\/product_cat?post=43555"},{"taxonomy":"product_tag","embeddable":true,"href":"https:\/\/e.kosmolat.eu\/lt\/wp-json\/wp\/v2\/product_tag?post=43555"}],"curies":[{"name":"wp","href":"https:\/\/api.w.org\/{rel}","templated":true}]}}