{"id":43551,"date":"2024-01-31T12:55:20","date_gmt":"2024-01-31T12:55:20","guid":{"rendered":"https:\/\/e.kosmolat.eu\/product\/viorica-vie-atjaunojoss-krems-adai-ap-acim-30-ml\/"},"modified":"2026-04-11T18:38:16","modified_gmt":"2026-04-11T18:38:16","slug":"viorica-vie-atjaunojoss-krems-adai-ap-acim-30-ml","status":"publish","type":"product","link":"https:\/\/e.kosmolat.eu\/lt\/produktas\/viorica-vie-atjaunojoss-krems-adai-ap-acim-30-ml\/","title":{"rendered":"VIORICA VIE Atkuriamasis paaki\u0173 kremas, 30 ml"},"content":{"rendered":"<p>Viephenol&trade; suteikia odos l\u0105stel\u0117ms galing\u0105 antioksidacin\u0119 apsaug\u0105 ir skatina j\u0173 atsinaujinim\u0105. Vitaminas C gerina mikrocirkuliacij\u0105, suteikdamas elastingumo &scaron;velniai odai aplink akis. J\u016bros dumbli\u0173 ekstraktas ma\u017eina rauk&scaron;les, paburkim\u0105 ir tamsius ratilus.&nbsp;<\/p>\n<p><strong>Naudojimas: <\/strong>Naudoti krem\u0105 ryte ir vakare po kruop&scaron;taus valymo. Lengvais sukamaisiais judesiais tepkite krem\u0105 aplink akis. Prie&scaron; naudodami i&scaron;bandykite gamin\u012f ant vidinio dilbio pavir&scaron;iaus.<\/p>\n<p>Laikyti t&deg; nuo +5&deg;\u0421 iki +25&deg;\u0421, saugoti nuo tiesiogini\u0173 saul\u0117s spinduli\u0173.&nbsp;<br \/>\n&nbsp;<\/p>\n","protected":false},"excerpt":{"rendered":"<p>Viephenol&trade; suteikia odos l\u0105stel\u0117ms galing\u0105 antioksidacin\u0119 apsaug\u0105 ir skatina j\u0173 atsinaujinim\u0105. Vitaminas C gerina mikrocirkuliacij\u0105, suteikdamas elastingumo &scaron;velniai odai aplink akis. J\u016bros dumbli\u0173 ekstraktas ma\u017eina rauk&scaron;les, paburkim\u0105 ir tamsius ratilus.&nbsp; Naudojimas: Naudoti krem\u0105 ryte ir vakare po kruop&scaron;taus valymo. Lengvais sukamaisiais judesiais tepkite krem\u0105 aplink akis. Prie&scaron; naudodami i&scaron;bandykite gamin\u012f ant vidinio dilbio pavir&scaron;iaus. Laikyti [&#8230;]\n","protected":false},"featured_media":88254,"template":"","meta":[],"product_cat":[1590],"product_tag":[],"class_list":{"0":"post-43551","1":"product","2":"type-product","3":"status-publish","4":"has-post-thumbnail","6":"product_brand-viorica-cosmeplant_bg-lt","7":"product_cat-paakiu-kremai","9":"first","10":"outofstock","11":"taxable","12":"shipping-taxable","13":"product-type-simple"},"_links":{"self":[{"href":"https:\/\/e.kosmolat.eu\/lt\/wp-json\/wp\/v2\/product\/43551","targetHints":{"allow":["GET"]}}],"collection":[{"href":"https:\/\/e.kosmolat.eu\/lt\/wp-json\/wp\/v2\/product"}],"about":[{"href":"https:\/\/e.kosmolat.eu\/lt\/wp-json\/wp\/v2\/types\/product"}],"wp:featuredmedia":[{"embeddable":true,"href":"https:\/\/e.kosmolat.eu\/lt\/wp-json\/wp\/v2\/media\/88254"}],"wp:attachment":[{"href":"https:\/\/e.kosmolat.eu\/lt\/wp-json\/wp\/v2\/media?parent=43551"}],"wp:term":[{"taxonomy":"product_cat","embeddable":true,"href":"https:\/\/e.kosmolat.eu\/lt\/wp-json\/wp\/v2\/product_cat?post=43551"},{"taxonomy":"product_tag","embeddable":true,"href":"https:\/\/e.kosmolat.eu\/lt\/wp-json\/wp\/v2\/product_tag?post=43551"}],"curies":[{"name":"wp","href":"https:\/\/api.w.org\/{rel}","templated":true}]}}