{"id":43543,"date":"2024-01-31T12:54:35","date_gmt":"2024-01-31T12:54:35","guid":{"rendered":"https:\/\/e.kosmolat.eu\/product\/viorica-vie-barojoss-sejas-krems-50-ml\/"},"modified":"2026-04-11T18:37:49","modified_gmt":"2026-04-11T18:37:49","slug":"viorica-vie-barojoss-sejas-krems-50-ml","status":"publish","type":"product","link":"https:\/\/e.kosmolat.eu\/lt\/produktas\/viorica-vie-barojoss-sejas-krems-50-ml\/","title":{"rendered":"VIORICA VIE Maitinamasis kremas, 50 ml"},"content":{"rendered":"<p>Viephenol&trade; suteikia odos l\u0105stel\u0117ms galing\u0105 antioksidacin\u0119 apsaug\u0105 ir skatina j\u0173 atsinaujinim\u0105. Vynuogi\u0173 s\u0117kl\u0173 ir migdol\u0173 lipidai intensyviai maitina od\u0105. Levand\u0173 ekstraktas suteikia odai elastingumo ir sveiko &scaron;vyt\u0117jimo.&nbsp;<\/p>\n<p><strong>Naudojimas:<\/strong> Tepkite krem\u0105 masa\u017euojamaisiais judesiais ant &scaron;varios veido, kaklo ir dekolt\u0117 odos. Nor\u0117dami ilgalaikio poveikio, naudokite kiekvien\u0105 ryt\u0105. Prie&scaron; naudodami i&scaron;bandykite gamin\u012f ant vidinio dilbio pavir&scaron;iaus.<\/p>\n<p>Laikyti t&deg; nuo +5&deg;\u0421 iki +25&deg;\u0421, saugoti nuo tiesiogini\u0173 saul\u0117s spinduli\u0173.<br \/>\n&nbsp;<\/p>\n","protected":false},"excerpt":{"rendered":"<p>Viephenol&trade; suteikia odos l\u0105stel\u0117ms galing\u0105 antioksidacin\u0119 apsaug\u0105 ir skatina j\u0173 atsinaujinim\u0105. Vynuogi\u0173 s\u0117kl\u0173 ir migdol\u0173 lipidai intensyviai maitina od\u0105. Levand\u0173 ekstraktas suteikia odai elastingumo ir sveiko &scaron;vyt\u0117jimo.&nbsp; Naudojimas: Tepkite krem\u0105 masa\u017euojamaisiais judesiais ant &scaron;varios veido, kaklo ir dekolt\u0117 odos. Nor\u0117dami ilgalaikio poveikio, naudokite kiekvien\u0105 ryt\u0105. Prie&scaron; naudodami i&scaron;bandykite gamin\u012f ant vidinio dilbio pavir&scaron;iaus. Laikyti t&deg; [&#8230;]\n","protected":false},"featured_media":88246,"template":"","meta":[],"product_cat":[1322],"product_tag":[],"class_list":{"0":"post-43543","1":"product","2":"type-product","3":"status-publish","4":"has-post-thumbnail","6":"product_brand-viorica-cosmeplant_bg-lt","7":"product_cat-veido-kremai","9":"first","10":"outofstock","11":"taxable","12":"shipping-taxable","13":"product-type-simple"},"_links":{"self":[{"href":"https:\/\/e.kosmolat.eu\/lt\/wp-json\/wp\/v2\/product\/43543","targetHints":{"allow":["GET"]}}],"collection":[{"href":"https:\/\/e.kosmolat.eu\/lt\/wp-json\/wp\/v2\/product"}],"about":[{"href":"https:\/\/e.kosmolat.eu\/lt\/wp-json\/wp\/v2\/types\/product"}],"wp:featuredmedia":[{"embeddable":true,"href":"https:\/\/e.kosmolat.eu\/lt\/wp-json\/wp\/v2\/media\/88246"}],"wp:attachment":[{"href":"https:\/\/e.kosmolat.eu\/lt\/wp-json\/wp\/v2\/media?parent=43543"}],"wp:term":[{"taxonomy":"product_cat","embeddable":true,"href":"https:\/\/e.kosmolat.eu\/lt\/wp-json\/wp\/v2\/product_cat?post=43543"},{"taxonomy":"product_tag","embeddable":true,"href":"https:\/\/e.kosmolat.eu\/lt\/wp-json\/wp\/v2\/product_tag?post=43543"}],"curies":[{"name":"wp","href":"https:\/\/api.w.org\/{rel}","templated":true}]}}