{"id":43535,"date":"2024-01-31T12:54:16","date_gmt":"2024-01-31T12:54:16","guid":{"rendered":"https:\/\/e.kosmolat.eu\/product\/viorica-atjaunojoss-krems-acu-konturai-30-ml\/"},"modified":"2026-04-17T13:22:40","modified_gmt":"2026-04-17T13:22:40","slug":"viorica-atjaunojoss-krems-acu-konturai-30-ml","status":"publish","type":"product","link":"https:\/\/e.kosmolat.eu\/lt\/produktas\/viorica-atjaunojoss-krems-acu-konturai-30-ml\/","title":{"rendered":"VIORICA Regeneruojantis aki\u0173 kont\u016bro kremas, 30 ml"},"content":{"rendered":"<p>Abrikos\u0173 aliejus pagerina stangrum\u0105 ir elastingum\u0105. Rud\u0173j\u0173 j\u016bros dumbli\u0173 ekstraktas \u017eymiai suma\u017eina tamsius ratilus ir paburkim\u0105. Migdol\u0173 aliejus ma\u017eina rauk&scaron;li\u0173 atsiradim\u0105.&nbsp;<\/p>\n<p><strong>Naudojimas:<\/strong> Naudoti krem\u0105 ryte ir vakare po kruop&scaron;taus valymo. Lengvais sukamaisiais judesiais tepkite krem\u0105 aplink akis.<\/p>\n<p>Laikyti t&deg; nuo +5&deg;\u0421 iki +25&deg;\u0421, saugoti nuo tiesiogini\u0173 saul\u0117s spinduli\u0173.&nbsp;<br \/>\n&nbsp;<\/p>\n","protected":false},"excerpt":{"rendered":"<p>Abrikos\u0173 aliejus pagerina stangrum\u0105 ir elastingum\u0105. Rud\u0173j\u0173 j\u016bros dumbli\u0173 ekstraktas \u017eymiai suma\u017eina tamsius ratilus ir paburkim\u0105. Migdol\u0173 aliejus ma\u017eina rauk&scaron;li\u0173 atsiradim\u0105.&nbsp; Naudojimas: Naudoti krem\u0105 ryte ir vakare po kruop&scaron;taus valymo. Lengvais sukamaisiais judesiais tepkite krem\u0105 aplink akis. Laikyti t&deg; nuo +5&deg;\u0421 iki +25&deg;\u0421, saugoti nuo tiesiogini\u0173 saul\u0117s spinduli\u0173.&nbsp; &nbsp;<\/p>\n","protected":false},"featured_media":88238,"template":"","meta":[],"product_cat":[1590],"product_tag":[],"class_list":{"0":"post-43535","1":"product","2":"type-product","3":"status-publish","4":"has-post-thumbnail","6":"product_brand-viorica-cosmeplant_bg-lt","7":"product_cat-paakiu-kremai","9":"first","10":"instock","11":"taxable","12":"shipping-taxable","13":"product-type-simple"},"_links":{"self":[{"href":"https:\/\/e.kosmolat.eu\/lt\/wp-json\/wp\/v2\/product\/43535","targetHints":{"allow":["GET"]}}],"collection":[{"href":"https:\/\/e.kosmolat.eu\/lt\/wp-json\/wp\/v2\/product"}],"about":[{"href":"https:\/\/e.kosmolat.eu\/lt\/wp-json\/wp\/v2\/types\/product"}],"wp:featuredmedia":[{"embeddable":true,"href":"https:\/\/e.kosmolat.eu\/lt\/wp-json\/wp\/v2\/media\/88238"}],"wp:attachment":[{"href":"https:\/\/e.kosmolat.eu\/lt\/wp-json\/wp\/v2\/media?parent=43535"}],"wp:term":[{"taxonomy":"product_cat","embeddable":true,"href":"https:\/\/e.kosmolat.eu\/lt\/wp-json\/wp\/v2\/product_cat?post=43535"},{"taxonomy":"product_tag","embeddable":true,"href":"https:\/\/e.kosmolat.eu\/lt\/wp-json\/wp\/v2\/product_tag?post=43535"}],"curies":[{"name":"wp","href":"https:\/\/api.w.org\/{rel}","templated":true}]}}