{"id":43531,"date":"2024-01-31T12:53:58","date_gmt":"2024-01-31T12:53:58","guid":{"rendered":"https:\/\/e.kosmolat.eu\/product\/viorica-ultramitrinoss-krems-50-ml\/"},"modified":"2026-04-11T18:37:12","modified_gmt":"2026-04-11T18:37:12","slug":"viorica-ultramitrinoss-krems-50-ml","status":"publish","type":"product","link":"https:\/\/e.kosmolat.eu\/lt\/produktas\/viorica-ultramitrinoss-krems-50-ml\/","title":{"rendered":"VIORICA Ultra dr\u0117kinantis kremas, 50 ml"},"content":{"rendered":"<p>Moli\u016bg\u0173 s\u0117kl\u0173 aliejus maitina ir prisotina vitamin\u0173. Hydroviton kompleksas apsaugo nuo dr\u0117gm\u0117s praradimo. Agurk\u0173 ekstraktas intensyviai dr\u0117kina ir mink&scaron;tina.&nbsp;<\/p>\n<p><strong>Naudojimas:<\/strong> Tepkite krem\u0105 masa\u017euojamaisiais judesiais ant kruop&scaron;\u010diai nuvalytos veido, kaklo ir dekolt\u0117 odos. Ilgalaikiam poveikiui naudokite krem\u0105 kiekvien\u0105 ryt\u0105 ir derinkite su Viorica Ultra Moisturizing Night Cream.<\/p>\n<p>Laikyti t&deg; nuo +5&deg;\u0421 iki +25&deg;\u0421, saugoti nuo tiesiogini\u0173 saul\u0117s spinduli\u0173.&nbsp;<br \/>\n&nbsp;<\/p>\n","protected":false},"excerpt":{"rendered":"<p>Moli\u016bg\u0173 s\u0117kl\u0173 aliejus maitina ir prisotina vitamin\u0173. Hydroviton kompleksas apsaugo nuo dr\u0117gm\u0117s praradimo. Agurk\u0173 ekstraktas intensyviai dr\u0117kina ir mink&scaron;tina.&nbsp; Naudojimas: Tepkite krem\u0105 masa\u017euojamaisiais judesiais ant kruop&scaron;\u010diai nuvalytos veido, kaklo ir dekolt\u0117 odos. Ilgalaikiam poveikiui naudokite krem\u0105 kiekvien\u0105 ryt\u0105 ir derinkite su Viorica Ultra Moisturizing Night Cream. Laikyti t&deg; nuo +5&deg;\u0421 iki +25&deg;\u0421, saugoti nuo tiesiogini\u0173 [&#8230;]\n","protected":false},"featured_media":88234,"template":"","meta":[],"product_cat":[1322],"product_tag":[],"class_list":{"0":"post-43531","1":"product","2":"type-product","3":"status-publish","4":"has-post-thumbnail","6":"product_brand-viorica-cosmeplant_bg-lt","7":"product_cat-veido-kremai","9":"first","10":"outofstock","11":"taxable","12":"shipping-taxable","13":"product-type-simple"},"_links":{"self":[{"href":"https:\/\/e.kosmolat.eu\/lt\/wp-json\/wp\/v2\/product\/43531","targetHints":{"allow":["GET"]}}],"collection":[{"href":"https:\/\/e.kosmolat.eu\/lt\/wp-json\/wp\/v2\/product"}],"about":[{"href":"https:\/\/e.kosmolat.eu\/lt\/wp-json\/wp\/v2\/types\/product"}],"wp:featuredmedia":[{"embeddable":true,"href":"https:\/\/e.kosmolat.eu\/lt\/wp-json\/wp\/v2\/media\/88234"}],"wp:attachment":[{"href":"https:\/\/e.kosmolat.eu\/lt\/wp-json\/wp\/v2\/media?parent=43531"}],"wp:term":[{"taxonomy":"product_cat","embeddable":true,"href":"https:\/\/e.kosmolat.eu\/lt\/wp-json\/wp\/v2\/product_cat?post=43531"},{"taxonomy":"product_tag","embeddable":true,"href":"https:\/\/e.kosmolat.eu\/lt\/wp-json\/wp\/v2\/product_tag?post=43531"}],"curies":[{"name":"wp","href":"https:\/\/api.w.org\/{rel}","templated":true}]}}