{"id":43519,"date":"2024-01-31T12:53:20","date_gmt":"2024-01-31T12:53:20","guid":{"rendered":"https:\/\/e.kosmolat.eu\/product\/7d-mbw-nomierin-sejas-zeleja-skin-meditation-80-ml\/"},"modified":"2026-03-10T12:09:50","modified_gmt":"2026-03-10T12:09:50","slug":"7d-mbw-nomierin-sejas-zeleja-skin-meditation-80-ml","status":"publish","type":"product","link":"https:\/\/e.kosmolat.eu\/lt\/produktas\/7d-mbw-nomierin-sejas-zeleja-skin-meditation-80-ml\/","title":{"rendered":"7DAYS MY BEAUTY WEEK Raminamasis veido gelis Skin meditation, 80 ml"},"content":{"rendered":"<p>98% alavij\u0173. Universalus veido ir k\u016bno gelis giliai dr\u0117kina, ramina ir gaivina od\u0105.<br \/>\nAloe Vera ma\u017eina paraudim\u0105, &scaron;erpetojim\u0105 &nbsp;ir tempimo jausm\u0105. Arbatmedis prisotina dr\u0117gm\u0117s, kovoja su tr\u016bkumais ir riebiu blizgesiu. Jis gali b\u016bti naudojamas kaip veido kauk\u0117, makia\u017eo gruntas, k\u016bno ar odeli\u0173 gelis arba gelis po saul\u0117s.<\/p>\n<p><strong>Naudojimas: <\/strong>tepti ant &scaron;varios odos, vengiant aki\u0173 srities. &Scaron;velniai paskirstykite gel\u012f, kol jis visi&scaron;kai \u012fsigers. Skalauti nereikia.<\/p>\n<p><strong>Atsargumo priemon\u0117s:<\/strong>&nbsp;nenaudoti ant pa\u017eeistos ar sudirgusios odos. Galimas individualus jautrumas atskiriems komponentams.<\/p>\n<p>Laikyti nuo +5 &deg;C iki +25 &deg;C temperat\u016broje, vaikams nepasiekiamoje vietoje.<br \/>\n&nbsp;<\/p>\n","protected":false},"excerpt":{"rendered":"<p>98% alavij\u0173. Universalus veido ir k\u016bno gelis giliai dr\u0117kina, ramina ir gaivina od\u0105. Aloe Vera ma\u017eina paraudim\u0105, &scaron;erpetojim\u0105 &nbsp;ir tempimo jausm\u0105. Arbatmedis prisotina dr\u0117gm\u0117s, kovoja su tr\u016bkumais ir riebiu blizgesiu. Jis gali b\u016bti naudojamas kaip veido kauk\u0117, makia\u017eo gruntas, k\u016bno ar odeli\u0173 gelis arba gelis po saul\u0117s. Naudojimas: tepti ant &scaron;varios odos, vengiant aki\u0173 srities. [&#8230;]\n","protected":false},"featured_media":103201,"template":"","meta":[],"product_cat":[2181],"product_tag":[],"class_list":{"0":"post-43519","1":"product","2":"type-product","3":"status-publish","4":"has-post-thumbnail","6":"product_brand-7days_it-lt","7":"product_cat-bez-kategorijas-lt","9":"first","10":"instock","11":"taxable","12":"shipping-taxable","13":"product-type-simple"},"_links":{"self":[{"href":"https:\/\/e.kosmolat.eu\/lt\/wp-json\/wp\/v2\/product\/43519","targetHints":{"allow":["GET"]}}],"collection":[{"href":"https:\/\/e.kosmolat.eu\/lt\/wp-json\/wp\/v2\/product"}],"about":[{"href":"https:\/\/e.kosmolat.eu\/lt\/wp-json\/wp\/v2\/types\/product"}],"wp:featuredmedia":[{"embeddable":true,"href":"https:\/\/e.kosmolat.eu\/lt\/wp-json\/wp\/v2\/media\/103201"}],"wp:attachment":[{"href":"https:\/\/e.kosmolat.eu\/lt\/wp-json\/wp\/v2\/media?parent=43519"}],"wp:term":[{"taxonomy":"product_cat","embeddable":true,"href":"https:\/\/e.kosmolat.eu\/lt\/wp-json\/wp\/v2\/product_cat?post=43519"},{"taxonomy":"product_tag","embeddable":true,"href":"https:\/\/e.kosmolat.eu\/lt\/wp-json\/wp\/v2\/product_tag?post=43519"}],"curies":[{"name":"wp","href":"https:\/\/api.w.org\/{rel}","templated":true}]}}