{"id":43515,"date":"2024-01-31T12:53:02","date_gmt":"2024-01-31T12:53:02","guid":{"rendered":"https:\/\/e.kosmolat.eu\/product\/shik-darvas-sampuns-400-g\/"},"modified":"2026-04-23T13:17:52","modified_gmt":"2026-04-23T13:17:52","slug":"shik-darvas-sampuns-400-g","status":"publish","type":"product","link":"https:\/\/e.kosmolat.eu\/lt\/produktas\/shik-darvas-sampuns-400-g\/","title":{"rendered":"SHIK \u0160amp\u016bnas Degutas, 400 g"},"content":{"rendered":"<p>&Scaron;amp\u016bno formul\u0117 efektyviai valo plaukus ir galvos od\u0105. Padeda pri\u017ei\u016br\u0117ti plaukus ir od\u0105, linkusi\u0105 \u012f pleiskanas ir riebum\u0105. Prisideda prie epidermio normalizavimo ir plauk\u0173 augimo bei tvirtumo. Sud\u0117tyje yra aktyvi\u0173 nat\u016brali\u0173 ingredient\u0173, kurie padeda naikinti pleiskanas, saugo sveik\u0105 galvos odos mikroflor\u0105 ir atnaujina odos l\u0105steles.<\/p>\n<p><strong>Naudojimas: <\/strong>paskirstykite ant dr\u0117gn\u0173 plauk\u0173, suputokite, po 3-5 minu\u010di\u0173 nuplaukite vandeniu. Proced\u016br\u0105 galima pakartoti..<\/p>\n<p><strong>Atsargumo priemon\u0117s: <\/strong>Tik i&scaron;oriniam naudojimui. Patekus \u012f akis, gerai i&scaron;plauti dideliu kiekiu vanden.<\/p>\n<p><strong>Geriausias:<\/strong> 36 m\u0117n. nuo pagaminimo datos.<\/p>\n<p>Laikyti nuo +5&deg;\u0421 iki +25&deg;\u0421 temperat\u016broje, apsaugotoje nuo tiesiogini\u0173 saul\u0117s spinduli\u0173.<br \/>\n&nbsp;<\/p>\n","protected":false},"excerpt":{"rendered":"<p>&Scaron;amp\u016bno formul\u0117 efektyviai valo plaukus ir galvos od\u0105. Padeda pri\u017ei\u016br\u0117ti plaukus ir od\u0105, linkusi\u0105 \u012f pleiskanas ir riebum\u0105. Prisideda prie epidermio normalizavimo ir plauk\u0173 augimo bei tvirtumo. Sud\u0117tyje yra aktyvi\u0173 nat\u016brali\u0173 ingredient\u0173, kurie padeda naikinti pleiskanas, saugo sveik\u0105 galvos odos mikroflor\u0105 ir atnaujina odos l\u0105steles. Naudojimas: paskirstykite ant dr\u0117gn\u0173 plauk\u0173, suputokite, po 3-5 minu\u010di\u0173 nuplaukite [&#8230;]\n","protected":false},"featured_media":99566,"template":"","meta":[],"product_cat":[1251],"product_tag":[],"class_list":{"0":"post-43515","1":"product","2":"type-product","3":"status-publish","4":"has-post-thumbnail","6":"product_brand-slobozanskij-milovar_ua-lt","7":"product_cat-sampunai","9":"first","10":"instock","11":"taxable","12":"shipping-taxable","13":"product-type-simple"},"_links":{"self":[{"href":"https:\/\/e.kosmolat.eu\/lt\/wp-json\/wp\/v2\/product\/43515","targetHints":{"allow":["GET"]}}],"collection":[{"href":"https:\/\/e.kosmolat.eu\/lt\/wp-json\/wp\/v2\/product"}],"about":[{"href":"https:\/\/e.kosmolat.eu\/lt\/wp-json\/wp\/v2\/types\/product"}],"wp:featuredmedia":[{"embeddable":true,"href":"https:\/\/e.kosmolat.eu\/lt\/wp-json\/wp\/v2\/media\/99566"}],"wp:attachment":[{"href":"https:\/\/e.kosmolat.eu\/lt\/wp-json\/wp\/v2\/media?parent=43515"}],"wp:term":[{"taxonomy":"product_cat","embeddable":true,"href":"https:\/\/e.kosmolat.eu\/lt\/wp-json\/wp\/v2\/product_cat?post=43515"},{"taxonomy":"product_tag","embeddable":true,"href":"https:\/\/e.kosmolat.eu\/lt\/wp-json\/wp\/v2\/product_tag?post=43515"}],"curies":[{"name":"wp","href":"https:\/\/api.w.org\/{rel}","templated":true}]}}