{"id":43491,"date":"2024-01-31T12:52:02","date_gmt":"2024-01-31T12:52:02","guid":{"rendered":"https:\/\/e.kosmolat.eu\/product\/effect-sasa-odekolons-77-ml\/"},"modified":"2026-04-10T10:41:30","modified_gmt":"2026-04-10T10:41:30","slug":"effect-sasa-odekolons-77-ml","status":"publish","type":"product","link":"https:\/\/e.kosmolat.eu\/lt\/produktas\/effect-sasa-odekolons-77-ml\/","title":{"rendered":"EFFECT Sa\u0161a Odekolonas, 77 ml"},"content":{"rendered":"<p>Etilo alkoholio, t\u016brio proc., 62,5&plusmn;1,0.<\/p>\n<p><strong>Atsargumo priemon\u0117s:<\/strong> Nenaudoti &scaron;alia ugnies. Vengti patekimo \u012f akis.<\/p>\n<p>Laikymo temperat\u016bra nuo +5&deg;\u0421 iki + 25&deg;\u0421.&nbsp;<br \/>\n&nbsp;<\/p>\n","protected":false},"excerpt":{"rendered":"<p>Etilo alkoholio, t\u016brio proc., 62,5&plusmn;1,0. Atsargumo priemon\u0117s: Nenaudoti &scaron;alia ugnies. Vengti patekimo \u012f akis. Laikymo temperat\u016bra nuo +5&deg;\u0421 iki + 25&deg;\u0421.&nbsp; &nbsp;<\/p>\n","protected":false},"featured_media":90026,"template":"","meta":[],"product_cat":[1317],"product_tag":[],"class_list":{"0":"post-43491","1":"product","2":"type-product","3":"status-publish","4":"has-post-thumbnail","6":"product_brand-effekt_ua-lt","7":"product_cat-odekolonai-ir-losjonai","9":"first","10":"instock","11":"taxable","12":"shipping-taxable","13":"product-type-simple"},"_links":{"self":[{"href":"https:\/\/e.kosmolat.eu\/lt\/wp-json\/wp\/v2\/product\/43491","targetHints":{"allow":["GET"]}}],"collection":[{"href":"https:\/\/e.kosmolat.eu\/lt\/wp-json\/wp\/v2\/product"}],"about":[{"href":"https:\/\/e.kosmolat.eu\/lt\/wp-json\/wp\/v2\/types\/product"}],"wp:featuredmedia":[{"embeddable":true,"href":"https:\/\/e.kosmolat.eu\/lt\/wp-json\/wp\/v2\/media\/90026"}],"wp:attachment":[{"href":"https:\/\/e.kosmolat.eu\/lt\/wp-json\/wp\/v2\/media?parent=43491"}],"wp:term":[{"taxonomy":"product_cat","embeddable":true,"href":"https:\/\/e.kosmolat.eu\/lt\/wp-json\/wp\/v2\/product_cat?post=43491"},{"taxonomy":"product_tag","embeddable":true,"href":"https:\/\/e.kosmolat.eu\/lt\/wp-json\/wp\/v2\/product_tag?post=43491"}],"curies":[{"name":"wp","href":"https:\/\/api.w.org\/{rel}","templated":true}]}}