{"id":43483,"date":"2024-01-31T12:51:25","date_gmt":"2024-01-31T12:51:25","guid":{"rendered":"https:\/\/e.kosmolat.eu\/product\/bio-naturell-kremv-dusas-zeleja-mango-un-magnolija-473-ml\/"},"modified":"2026-04-22T13:16:10","modified_gmt":"2026-04-22T13:16:10","slug":"bio-naturell-kremv-dusas-zeleja-mango-un-magnolija-473-ml","status":"publish","type":"product","link":"https:\/\/e.kosmolat.eu\/lt\/produktas\/bio-naturell-kremv-dusas-zeleja-mango-un-magnolija-473-ml\/","title":{"rendered":"BIO NATURELL Kremin\u0117 du\u0161o \u017eel\u0117 Mangai ir magnolijos, 473 ml"},"content":{"rendered":"<p>Du&scaron;o \u017eel\u0117 TM Bio Naturell efektyviai ir &scaron;velniai valo od\u0105. Lengvas aromatas tarsi apgaubia k\u016bn\u0105 ir suteikia tikr\u0105 malonum\u0105. Mang\u0173 sviestas ir magnolij\u0173 ekstraktas r\u016bpinasi oda, tod\u0117l ji tampa &scaron;velnesn\u0117 ir aksomin\u0117. Vegani&scaron;kas produktas.<\/p>\n<p><strong>Naudojimas:<\/strong> tepti ant dr\u0117gnos odos, suputoti, nuplauti vandeniu.<\/p>\n<p><strong>Atsargumo priemon\u0117s:<\/strong> galimas padid\u0117j\u0119s individualus jautrumas atskiriems komponentams.<\/p>\n<p>Laikyti nuo +5 &deg;C iki +25 &deg;C temperat\u016broje.<br \/>\n&nbsp;<\/p>\n","protected":false},"excerpt":{"rendered":"<p>Du&scaron;o \u017eel\u0117 TM Bio Naturell efektyviai ir &scaron;velniai valo od\u0105. Lengvas aromatas tarsi apgaubia k\u016bn\u0105 ir suteikia tikr\u0105 malonum\u0105. Mang\u0173 sviestas ir magnolij\u0173 ekstraktas r\u016bpinasi oda, tod\u0117l ji tampa &scaron;velnesn\u0117 ir aksomin\u0117. Vegani&scaron;kas produktas. Naudojimas: tepti ant dr\u0117gnos odos, suputoti, nuplauti vandeniu. Atsargumo priemon\u0117s: galimas padid\u0117j\u0119s individualus jautrumas atskiriems komponentams. Laikyti nuo +5 &deg;C iki [&#8230;]\n","protected":false},"featured_media":89822,"template":"","meta":[],"product_cat":[2181],"product_tag":[],"class_list":{"0":"post-43483","1":"product","2":"type-product","3":"status-publish","4":"has-post-thumbnail","6":"product_brand-elfa_ua-lt","7":"product_cat-bez-kategorijas-lt","9":"first","10":"instock","11":"taxable","12":"shipping-taxable","13":"product-type-simple"},"_links":{"self":[{"href":"https:\/\/e.kosmolat.eu\/lt\/wp-json\/wp\/v2\/product\/43483","targetHints":{"allow":["GET"]}}],"collection":[{"href":"https:\/\/e.kosmolat.eu\/lt\/wp-json\/wp\/v2\/product"}],"about":[{"href":"https:\/\/e.kosmolat.eu\/lt\/wp-json\/wp\/v2\/types\/product"}],"wp:featuredmedia":[{"embeddable":true,"href":"https:\/\/e.kosmolat.eu\/lt\/wp-json\/wp\/v2\/media\/89822"}],"wp:attachment":[{"href":"https:\/\/e.kosmolat.eu\/lt\/wp-json\/wp\/v2\/media?parent=43483"}],"wp:term":[{"taxonomy":"product_cat","embeddable":true,"href":"https:\/\/e.kosmolat.eu\/lt\/wp-json\/wp\/v2\/product_cat?post=43483"},{"taxonomy":"product_tag","embeddable":true,"href":"https:\/\/e.kosmolat.eu\/lt\/wp-json\/wp\/v2\/product_tag?post=43483"}],"curies":[{"name":"wp","href":"https:\/\/api.w.org\/{rel}","templated":true}]}}