{"id":43479,"date":"2024-01-31T12:51:06","date_gmt":"2024-01-31T12:51:06","guid":{"rendered":"https:\/\/e.kosmolat.eu\/product\/herbarica-sejas-un-plakstinu-krems-45-tvirtuma-atjaunos-40-g\/"},"modified":"2025-09-20T02:05:46","modified_gmt":"2025-09-20T02:05:46","slug":"herbarica-sejas-un-plakstinu-krems-45-tvirtuma-atjaunos-40-g","status":"publish","type":"product","link":"https:\/\/e.kosmolat.eu\/lt\/produktas\/herbarica-sejas-un-plakstinu-krems-45-tvirtuma-atjaunos-40-g\/","title":{"rendered":"BELKOSMEX Herbarica Veido ir paaki\u0173 kremas 45+ Atkuriantis elastingum\u0105, 40 g"},"content":{"rendered":"<p>Kokos\u0173 aliejus ir taukmed\u017ei\u0173 sviestas intensyviai maitina saus\u0105 od\u0105, dr\u0117kina ir neleid\u017eia pleiskanoti. Ginkmed\u017ei\u0173, sukta\u017eoli\u0173 ir goji uog\u0173 ekstraktai prisideda prie elastino skaidul\u0173 atk\u016brimo ir pasi\u017eyi stangrinio efektu. Betainas ir glicerinas yra dr\u0117kinamasis derinys, d\u0117l kurio oda atrodo gaivi ir elastinga.<\/p>\n<p><strong>Naudojimas:<\/strong> tepkite krem\u0105 ant &scaron;varios veido ir kaklo odos ryte ir\/arba vakare.<br \/>\n&nbsp;<\/p>\n","protected":false},"excerpt":{"rendered":"<p>Kokos\u0173 aliejus ir taukmed\u017ei\u0173 sviestas intensyviai maitina saus\u0105 od\u0105, dr\u0117kina ir neleid\u017eia pleiskanoti. Ginkmed\u017ei\u0173, sukta\u017eoli\u0173 ir goji uog\u0173 ekstraktai prisideda prie elastino skaidul\u0173 atk\u016brimo ir pasi\u017eyi stangrinio efektu. Betainas ir glicerinas yra dr\u0117kinamasis derinys, d\u0117l kurio oda atrodo gaivi ir elastinga. Naudojimas: tepkite krem\u0105 ant &scaron;varios veido ir kaklo odos ryte ir\/arba vakare. &nbsp;<\/p>\n","protected":false},"featured_media":89630,"template":"","meta":[],"product_cat":[1322],"product_tag":[],"class_list":{"0":"post-43479","1":"product","2":"type-product","3":"status-publish","4":"has-post-thumbnail","6":"product_brand-belkosmex_by-lt","7":"product_cat-veido-kremai","9":"first","10":"outofstock","11":"taxable","12":"shipping-taxable","13":"product-type-simple"},"_links":{"self":[{"href":"https:\/\/e.kosmolat.eu\/lt\/wp-json\/wp\/v2\/product\/43479","targetHints":{"allow":["GET"]}}],"collection":[{"href":"https:\/\/e.kosmolat.eu\/lt\/wp-json\/wp\/v2\/product"}],"about":[{"href":"https:\/\/e.kosmolat.eu\/lt\/wp-json\/wp\/v2\/types\/product"}],"wp:featuredmedia":[{"embeddable":true,"href":"https:\/\/e.kosmolat.eu\/lt\/wp-json\/wp\/v2\/media\/89630"}],"wp:attachment":[{"href":"https:\/\/e.kosmolat.eu\/lt\/wp-json\/wp\/v2\/media?parent=43479"}],"wp:term":[{"taxonomy":"product_cat","embeddable":true,"href":"https:\/\/e.kosmolat.eu\/lt\/wp-json\/wp\/v2\/product_cat?post=43479"},{"taxonomy":"product_tag","embeddable":true,"href":"https:\/\/e.kosmolat.eu\/lt\/wp-json\/wp\/v2\/product_tag?post=43479"}],"curies":[{"name":"wp","href":"https:\/\/api.w.org\/{rel}","templated":true}]}}