{"id":43475,"date":"2024-01-31T12:50:46","date_gmt":"2024-01-31T12:50:46","guid":{"rendered":"https:\/\/e.kosmolat.eu\/product\/lb-pofilakt-zobu-p-ar-salvijas-alvejas-ekstr-75-ml\/"},"modified":"2024-08-28T12:52:34","modified_gmt":"2024-08-28T12:52:34","slug":"lb-pofilakt-zobu-p-ar-salvijas-alvejas-ekstr-75-ml","status":"publish","type":"product","link":"https:\/\/e.kosmolat.eu\/lt\/produktas\/lb-pofilakt-zobu-p-ar-salvijas-alvejas-ekstr-75-ml\/","title":{"rendered":"LESNOJ BALZAM Dant\u0173 pasta su \u0161alavij\u0173 ir alavij\u0173 ekstraktais bei vaista\u017eol\u0117mis, 75 ml"},"content":{"rendered":"<p>Palaiko dant\u0173 sveikat\u0105 ir 84 % suma\u017eina rimt\u0173 burnos problem\u0173 rizik\u0105. Pu&scaron;\u0173 ir alavij\u0173 ekstraktai turi antibakterin\u012f poveik\u012f, tonizuoja ir apr\u016bpina dantenas vitaminais. &Scaron;alavij\u0173 ekstraktas neleid\u017eia vystytis patogenin\u0117ms bakterijoms burnos ertm\u0117je. \u017doleli\u0173 nuoviro formul\u0117 stiprina dantenas ir gerina j\u0173 sveikat\u0105.<\/p>\n<p><strong>Naudojimas: <\/strong>kad dantys ir dantenos b\u016bt\u0173 sveiki, odontologai rekomenduoja dantis valyti 2-3 minutes bent 2 kartus per dien\u0105.<\/p>\n<p>Sud\u0117tyje yra natrio fluorido. Fluorid\u0173 mas\u0117s dalis 0,1 % mas\u0117s. Nenaudoti jaunesniems nei 14 met\u0173 asmenims. Nenuryti. Tai n\u0117ra vaistas.<\/p>\n<p>Laikyti nuo 0 &deg;C iki +25 &deg;C temperat\u016broje, vaikams nepasiekiamoje vietoje.<br \/>\n&nbsp;<\/p>\n","protected":false},"excerpt":{"rendered":"<p>Palaiko dant\u0173 sveikat\u0105 ir 84 % suma\u017eina rimt\u0173 burnos problem\u0173 rizik\u0105. Pu&scaron;\u0173 ir alavij\u0173 ekstraktai turi antibakterin\u012f poveik\u012f, tonizuoja ir apr\u016bpina dantenas vitaminais. &Scaron;alavij\u0173 ekstraktas neleid\u017eia vystytis patogenin\u0117ms bakterijoms burnos ertm\u0117je. \u017doleli\u0173 nuoviro formul\u0117 stiprina dantenas ir gerina j\u0173 sveikat\u0105. Naudojimas: kad dantys ir dantenos b\u016bt\u0173 sveiki, odontologai rekomenduoja dantis valyti 2-3 minutes bent 2 [&#8230;]\n","protected":false},"featured_media":26468,"template":"","meta":[],"product_cat":[1308],"product_tag":[],"class_list":{"0":"post-43475","1":"product","2":"type-product","3":"status-publish","4":"has-post-thumbnail","6":"product_brand-unilever-cistajalinija-silkyhands-forestbalm-axe-tresemme-lt","7":"product_cat-dantu-pastos-ir-geliai","9":"first","10":"outofstock","11":"taxable","12":"shipping-taxable","13":"product-type-simple"},"_links":{"self":[{"href":"https:\/\/e.kosmolat.eu\/lt\/wp-json\/wp\/v2\/product\/43475","targetHints":{"allow":["GET"]}}],"collection":[{"href":"https:\/\/e.kosmolat.eu\/lt\/wp-json\/wp\/v2\/product"}],"about":[{"href":"https:\/\/e.kosmolat.eu\/lt\/wp-json\/wp\/v2\/types\/product"}],"wp:featuredmedia":[{"embeddable":true,"href":"https:\/\/e.kosmolat.eu\/lt\/wp-json\/wp\/v2\/media\/26468"}],"wp:attachment":[{"href":"https:\/\/e.kosmolat.eu\/lt\/wp-json\/wp\/v2\/media?parent=43475"}],"wp:term":[{"taxonomy":"product_cat","embeddable":true,"href":"https:\/\/e.kosmolat.eu\/lt\/wp-json\/wp\/v2\/product_cat?post=43475"},{"taxonomy":"product_tag","embeddable":true,"href":"https:\/\/e.kosmolat.eu\/lt\/wp-json\/wp\/v2\/product_tag?post=43475"}],"curies":[{"name":"wp","href":"https:\/\/api.w.org\/{rel}","templated":true}]}}