{"id":43467,"date":"2024-01-31T12:50:23","date_gmt":"2024-01-31T12:50:23","guid":{"rendered":"https:\/\/e.kosmolat.eu\/product\/avenelle-pretnovec-balzams-dzilu-grumbu-novers-30-g\/"},"modified":"2025-09-20T00:19:57","modified_gmt":"2025-09-20T00:19:57","slug":"avenelle-pretnovec-balzams-dzilu-grumbu-novers-30-g","status":"publish","type":"product","link":"https:\/\/e.kosmolat.eu\/lt\/produktas\/avenelle-pretnovec-balzams-dzilu-grumbu-novers-30-g\/","title":{"rendered":"AVENELLE Balzamas nuo sen\u0117jimo gili\u0173 rauk\u0161li\u0173 prevencijai, 30 g"},"content":{"rendered":"<p>Pagrindiniai brand\u017eios veido odos poreikiai yra jauninantis poveikis d\u0117l matom\u0173 &bdquo;nat\u016bralaus sen\u0117jimo&ldquo; po\u017eymi\u0173 ma\u017einimo: rauk&scaron;li\u0173 ma\u017einimas ir &bdquo;rauk&scaron;li\u0173&ldquo; i&scaron;lyginimas, elastingumo ir stangrumo suteikimas, problemini\u0173 viet\u0173 stanginimas, tonuso gerinimas, mityba ir odos tonizavimas.<\/p>\n<ul>\n<li>Avi\u017e\u0173 ekstraktas &ndash; skirtas kovoti su i&scaron;saus\u0117jusia ir i&scaron;saus\u0117jusia oda, dr\u0117kina, maitina, regeneruoja, i&scaron;lygina odos atspalv\u012f.<\/li>\n<li>Kompozicijoje naudojami ANTI-AGE CO2 ekstraktai yra daug biologi&scaron;kai aktyvi\u0173 med\u017eiag\u0173, kuri\u0173 didel\u0117 koncentracija suteikia efektyv\u0173 rezultat\u0105 kovojant u\u017e odos jaunyst\u0119 ir gro\u017e\u012f. Sen\u0117jim\u0105 stabdan\u010di\u0173 CO2 ekstrakt\u0173 mi&scaron;inys edelveis\u0173, avie\u010di\u0173 ir rozmarin\u0173 pagrindu didina ir palaiko odos elastingum\u0105 ir stangrum\u0105, veiksmingai kovoja&nbsp;su esamomis rauk&scaron;l\u0117mis ir pigmentin\u0117mis d\u0117m\u0117mis, neleid\u017eia susidaryti naujoms. Jis turi auk&scaron;t\u0105 antioksidacin\u0117s apsaugos lyg\u012f.<\/li>\n<li>Niacinamidas &ndash; didina atsparum\u0105 fotosen\u0117jimui, l\u0117tina pigmentini\u0173 d\u0117mi\u0173 susidarym\u0105.<\/li>\n<li>Kvie\u010di\u0173 gemal\u0173 aliejus ir argan\u0173 aliejus &ndash; stangrina veido od\u0105, lygina rauk&scaron;les, suteikia odai aksomi&scaron;kumo, naikina &scaron;erpetojim\u0105.<\/li>\n<li>Kokos\u0173 aliejus &ndash; skatina odos elastingum\u0105 ir stangrum\u0105, saugo nuo neigiam\u0173 aplinkos veiksni\u0173 ir ultravioletini\u0173 spinduli\u0173.<\/li>\n<li>Vitaminas E &ndash; saugo nuo laisv\u0173j\u0173 radikal\u0173, turi listangrinimo efekt\u0105, aktyvina jauninimo mechanizmus, gerina odos strukt\u016br\u0105.<\/li>\n<\/ul>\n<p><strong>Naudojimas: <\/strong>1. Tepkite ant gerai nuvalytos sausos veido ir kaklo odos. 2. &Scaron;velniai paskirstykite i&scaron;ilgai masa\u017eo linij\u0173.<br \/>\nGali b\u016bti naudojamas kaip makia\u017eo pagrindas. Jei atsiranda nepageidaujam\u0173 odos reakcij\u0173, nustokite naudoti kosmetikos gamin\u012f. Optimali produkto doz\u0117 ir suvartojimas yra 1-2 paspaudimai.<\/p>\n<p>Laikyti nuo +5 &deg;C iki +25 &deg;C temperat\u016broje.<\/p>\n<p><strong>Geriausias:<\/strong> 36 m\u0117nesiai nuo pagaminimo datos.<br \/>\n&nbsp;<\/p>\n","protected":false},"excerpt":{"rendered":"<p>Pagrindiniai brand\u017eios veido odos poreikiai yra jauninantis poveikis d\u0117l matom\u0173 &bdquo;nat\u016bralaus sen\u0117jimo&ldquo; po\u017eymi\u0173 ma\u017einimo: rauk&scaron;li\u0173 ma\u017einimas ir &bdquo;rauk&scaron;li\u0173&ldquo; i&scaron;lyginimas, elastingumo ir stangrumo suteikimas, problemini\u0173 viet\u0173 stanginimas, tonuso gerinimas, mityba ir odos tonizavimas. Avi\u017e\u0173 ekstraktas &ndash; skirtas kovoti su i&scaron;saus\u0117jusia ir i&scaron;saus\u0117jusia oda, dr\u0117kina, maitina, regeneruoja, i&scaron;lygina odos atspalv\u012f. Kompozicijoje naudojami ANTI-AGE CO2 ekstraktai yra daug [&#8230;]\n","protected":false},"featured_media":87882,"template":"","meta":[],"product_cat":[1322],"product_tag":[],"class_list":{"0":"post-43467","1":"product","2":"type-product","3":"status-publish","4":"has-post-thumbnail","6":"product_brand-belkosmex_by-lt","7":"product_cat-veido-kremai","9":"first","10":"outofstock","11":"taxable","12":"shipping-taxable","13":"product-type-simple"},"_links":{"self":[{"href":"https:\/\/e.kosmolat.eu\/lt\/wp-json\/wp\/v2\/product\/43467","targetHints":{"allow":["GET"]}}],"collection":[{"href":"https:\/\/e.kosmolat.eu\/lt\/wp-json\/wp\/v2\/product"}],"about":[{"href":"https:\/\/e.kosmolat.eu\/lt\/wp-json\/wp\/v2\/types\/product"}],"wp:featuredmedia":[{"embeddable":true,"href":"https:\/\/e.kosmolat.eu\/lt\/wp-json\/wp\/v2\/media\/87882"}],"wp:attachment":[{"href":"https:\/\/e.kosmolat.eu\/lt\/wp-json\/wp\/v2\/media?parent=43467"}],"wp:term":[{"taxonomy":"product_cat","embeddable":true,"href":"https:\/\/e.kosmolat.eu\/lt\/wp-json\/wp\/v2\/product_cat?post=43467"},{"taxonomy":"product_tag","embeddable":true,"href":"https:\/\/e.kosmolat.eu\/lt\/wp-json\/wp\/v2\/product_tag?post=43467"}],"curies":[{"name":"wp","href":"https:\/\/api.w.org\/{rel}","templated":true}]}}