{"id":43459,"date":"2024-01-31T12:49:46","date_gmt":"2024-01-31T12:49:46","guid":{"rendered":"https:\/\/e.kosmolat.eu\/product\/lv-lupu-balzams-help\/"},"modified":"2025-09-20T00:14:17","modified_gmt":"2025-09-20T00:14:17","slug":"lv-lupu-balzams-help-3-9-g","status":"publish","type":"product","link":"https:\/\/e.kosmolat.eu\/lt\/produktas\/lv-lupu-balzams-help-3-9-g\/","title":{"rendered":"LUXVISAGE L\u016bp\u0173 balzamas HELP!"},"content":{"rendered":"<p>Atkuria suskilin\u0117jusias ir i&scaron;saus\u0117jusias l\u016bpas.<\/p>\n<p><strong>Naudojimas: <\/strong>L\u016bpas u\u017etepkite reikiamu balzamo kiekiu.<\/p>\n<p>Laikyti nuo 0 &ordm;C iki +25 &ordm;C sausoje vietoje, apsaugotoje nuo tiesiogini\u0173 saul\u0117s spinduli\u0173.<br \/>\n&nbsp;<\/p>\n","protected":false},"excerpt":{"rendered":"<p>Atkuria suskilin\u0117jusias ir i&scaron;saus\u0117jusias l\u016bpas. Naudojimas: L\u016bpas u\u017etepkite reikiamu balzamo kiekiu. Laikyti nuo 0 &ordm;C iki +25 &ordm;C sausoje vietoje, apsaugotoje nuo tiesiogini\u0173 saul\u0117s spinduli\u0173. &nbsp;<\/p>\n","protected":false},"featured_media":87798,"template":"","meta":[],"product_cat":[1593],"product_tag":[],"class_list":{"0":"post-43459","1":"product","2":"type-product","3":"status-publish","4":"has-post-thumbnail","6":"product_brand-lux-visage_by-lt","7":"product_cat-lupu-prieziura","9":"first","10":"outofstock","11":"taxable","12":"shipping-taxable","13":"product-type-simple"},"_links":{"self":[{"href":"https:\/\/e.kosmolat.eu\/lt\/wp-json\/wp\/v2\/product\/43459","targetHints":{"allow":["GET"]}}],"collection":[{"href":"https:\/\/e.kosmolat.eu\/lt\/wp-json\/wp\/v2\/product"}],"about":[{"href":"https:\/\/e.kosmolat.eu\/lt\/wp-json\/wp\/v2\/types\/product"}],"wp:featuredmedia":[{"embeddable":true,"href":"https:\/\/e.kosmolat.eu\/lt\/wp-json\/wp\/v2\/media\/87798"}],"wp:attachment":[{"href":"https:\/\/e.kosmolat.eu\/lt\/wp-json\/wp\/v2\/media?parent=43459"}],"wp:term":[{"taxonomy":"product_cat","embeddable":true,"href":"https:\/\/e.kosmolat.eu\/lt\/wp-json\/wp\/v2\/product_cat?post=43459"},{"taxonomy":"product_tag","embeddable":true,"href":"https:\/\/e.kosmolat.eu\/lt\/wp-json\/wp\/v2\/product_tag?post=43459"}],"curies":[{"name":"wp","href":"https:\/\/api.w.org\/{rel}","templated":true}]}}