{"id":43443,"date":"2024-01-31T12:49:09","date_gmt":"2024-01-31T12:49:09","guid":{"rendered":"https:\/\/e.kosmolat.eu\/product\/cosmeplant-losjons-pret-matu-izkris-ar-natres-un-apina-ekstr-200-ml\/"},"modified":"2026-04-11T18:18:44","modified_gmt":"2026-04-11T18:18:44","slug":"cosmeplant-losjons-pret-matu-izkris-ar-natres-un-apina-ekstr-200-ml","status":"publish","type":"product","link":"https:\/\/e.kosmolat.eu\/lt\/produktas\/cosmeplant-losjons-pret-matu-izkris-ar-natres-un-apina-ekstr-200-ml\/","title":{"rendered":"COSMEPLANT Losjonas nuo plauk\u0173 slinkimo su organiniu dilg\u0117li\u0173 ir apyni\u0173 ekstraktu, 200 ml"},"content":{"rendered":"<p>Padidina kraujo tek\u0117jim\u0105 \u012f plauk\u0173 folikulus, atgaivina juos, apr\u016bpina naudingomis med\u017eiagomis, kurios skatina sveik\u0173 ir stipri\u0173 plauk\u0173 augim\u0105. Losjonas atgaivina galvos od\u0105 ir padidina plauk\u0173 tankum\u0105.&nbsp;<\/p>\n<p><strong>Naudojimas: <\/strong>purk&scaron;ti ant dr\u0117gn\u0173 arba saus\u0173 plauk\u0173 &scaron;akn\u0173, &scaron;velniai masa\u017euoti galvos od\u0105. Nereikalauja skalavimo.<\/p>\n<p>Laikyti t&deg; nuo +5&deg;\u0421 iki +25&deg;\u0421, saugoti nuo tiesiogini\u0173 saul\u0117s spinduli\u0173.&nbsp;<\/p>\n<p><strong>Geriausias:<\/strong> 36 m\u0117nesi\u0173 nuo pagaminimo datos.<br \/>\n&nbsp;<\/p>\n","protected":false},"excerpt":{"rendered":"<p>Padidina kraujo tek\u0117jim\u0105 \u012f plauk\u0173 folikulus, atgaivina juos, apr\u016bpina naudingomis med\u017eiagomis, kurios skatina sveik\u0173 ir stipri\u0173 plauk\u0173 augim\u0105. Losjonas atgaivina galvos od\u0105 ir padidina plauk\u0173 tankum\u0105.&nbsp; Naudojimas: purk&scaron;ti ant dr\u0117gn\u0173 arba saus\u0173 plauk\u0173 &scaron;akn\u0173, &scaron;velniai masa\u017euoti galvos od\u0105. Nereikalauja skalavimo. Laikyti t&deg; nuo +5&deg;\u0421 iki +25&deg;\u0421, saugoti nuo tiesiogini\u0173 saul\u0117s spinduli\u0173.&nbsp; Geriausias: 36 m\u0117nesi\u0173 nuo [&#8230;]\n","protected":false},"featured_media":87646,"template":"","meta":[],"product_cat":[1345],"product_tag":[],"class_list":{"0":"post-43443","1":"product","2":"type-product","3":"status-publish","4":"has-post-thumbnail","6":"product_brand-viorica-cosmeplant_bg-lt","7":"product_cat-kitos-plauku-prieziuros-priemones","9":"first","10":"outofstock","11":"taxable","12":"shipping-taxable","13":"product-type-simple"},"_links":{"self":[{"href":"https:\/\/e.kosmolat.eu\/lt\/wp-json\/wp\/v2\/product\/43443","targetHints":{"allow":["GET"]}}],"collection":[{"href":"https:\/\/e.kosmolat.eu\/lt\/wp-json\/wp\/v2\/product"}],"about":[{"href":"https:\/\/e.kosmolat.eu\/lt\/wp-json\/wp\/v2\/types\/product"}],"wp:featuredmedia":[{"embeddable":true,"href":"https:\/\/e.kosmolat.eu\/lt\/wp-json\/wp\/v2\/media\/87646"}],"wp:attachment":[{"href":"https:\/\/e.kosmolat.eu\/lt\/wp-json\/wp\/v2\/media?parent=43443"}],"wp:term":[{"taxonomy":"product_cat","embeddable":true,"href":"https:\/\/e.kosmolat.eu\/lt\/wp-json\/wp\/v2\/product_cat?post=43443"},{"taxonomy":"product_tag","embeddable":true,"href":"https:\/\/e.kosmolat.eu\/lt\/wp-json\/wp\/v2\/product_tag?post=43443"}],"curies":[{"name":"wp","href":"https:\/\/api.w.org\/{rel}","templated":true}]}}