{"id":43423,"date":"2024-01-31T12:48:07","date_gmt":"2024-01-31T12:48:07","guid":{"rendered":"https:\/\/e.kosmolat.eu\/product\/cosmeplant-mitrin-dienas-sej-krems-ar-gurka-ekstr-50-ml\/"},"modified":"2026-04-21T09:14:04","modified_gmt":"2026-04-21T09:14:04","slug":"cosmeplant-mitrin-dienas-sej-krems-ar-gurka-ekstr-50-ml","status":"publish","type":"product","link":"https:\/\/e.kosmolat.eu\/lt\/produktas\/cosmeplant-mitrin-dienas-sej-krems-ar-gurka-ekstr-50-ml\/","title":{"rendered":"COSMEPLANT Dieninis dr\u0117kinamasis veido kremas su organiniu agurk\u0173 ekstraktu, 50 ml"},"content":{"rendered":"<p>Greitai susigeria, intensyviai dr\u0117kina ir gaivina, suteikia komforto jausm\u0105. Ilgai naudojant, pager\u0117ja odos i\u0161vaizda. <\/p>\n<p>Sud\u0117tyje yra vitamino A. Prie\u0161 naudojant atsi\u017evelgti \u012f paros doz\u0119.<\/p>\n<p>Naudojimas: tepkite krem\u0105 ant \u0161varios ir sausos veido odos, \u0161velniai masa\u017euokite, kol visi\u0161kai \u012fsigers. Naudokite kiekvien\u0105 ryt\u0105.<\/p>\n<p>Laikyti t\u00b0 nuo +5\u00b0\u0421 iki +25\u00b0\u0421, saugoti nuo tiesiogini\u0173 saul\u0117s spinduli\u0173. <\/p>\n<p>Geriausias: 30 m\u0117nesiai nuo pagaminimo datos.<\/p>\n","protected":false},"excerpt":{"rendered":"<p>Greitai susigeria, intensyviai dr\u0117kina ir gaivina, suteikia komforto jausm\u0105. Ilgai naudojant, pager\u0117ja odos i\u0161vaizda. Sud\u0117tyje yra vitamino A. Prie\u0161 naudojant atsi\u017evelgti \u012f paros doz\u0119. Naudojimas: tepkite krem\u0105 ant \u0161varios ir sausos veido odos, \u0161velniai masa\u017euokite, kol visi\u0161kai \u012fsigers. Naudokite kiekvien\u0105 ryt\u0105. Laikyti t\u00b0 nuo +5\u00b0\u0421 iki +25\u00b0\u0421, saugoti nuo tiesiogini\u0173 saul\u0117s spinduli\u0173. Geriausias: 30 m\u0117nesiai [&#8230;]\n","protected":false},"featured_media":87550,"template":"","meta":[],"product_cat":[2181],"product_tag":[],"class_list":{"0":"post-43423","1":"product","2":"type-product","3":"status-publish","4":"has-post-thumbnail","6":"product_brand-viorica-cosmeplant_bg-lt","7":"product_cat-bez-kategorijas-lt","9":"first","10":"instock","11":"taxable","12":"shipping-taxable","13":"product-type-simple"},"_links":{"self":[{"href":"https:\/\/e.kosmolat.eu\/lt\/wp-json\/wp\/v2\/product\/43423","targetHints":{"allow":["GET"]}}],"collection":[{"href":"https:\/\/e.kosmolat.eu\/lt\/wp-json\/wp\/v2\/product"}],"about":[{"href":"https:\/\/e.kosmolat.eu\/lt\/wp-json\/wp\/v2\/types\/product"}],"wp:featuredmedia":[{"embeddable":true,"href":"https:\/\/e.kosmolat.eu\/lt\/wp-json\/wp\/v2\/media\/87550"}],"wp:attachment":[{"href":"https:\/\/e.kosmolat.eu\/lt\/wp-json\/wp\/v2\/media?parent=43423"}],"wp:term":[{"taxonomy":"product_cat","embeddable":true,"href":"https:\/\/e.kosmolat.eu\/lt\/wp-json\/wp\/v2\/product_cat?post=43423"},{"taxonomy":"product_tag","embeddable":true,"href":"https:\/\/e.kosmolat.eu\/lt\/wp-json\/wp\/v2\/product_tag?post=43423"}],"curies":[{"name":"wp","href":"https:\/\/api.w.org\/{rel}","templated":true}]}}