{"id":43419,"date":"2024-01-31T12:47:49","date_gmt":"2024-01-31T12:47:49","guid":{"rendered":"https:\/\/e.kosmolat.eu\/product\/vollare-barojoss-atvesinoss-kaju-krems-100-ml\/"},"modified":"2025-09-19T23:48:29","modified_gmt":"2025-09-19T23:48:29","slug":"vollare-barojoss-atvesinoss-kaju-krems-100-ml","status":"publish","type":"product","link":"https:\/\/e.kosmolat.eu\/lt\/produktas\/vollare-barojoss-atvesinoss-kaju-krems-100-ml\/","title":{"rendered":"VOLLARE Maitinamasis v\u0117sinantis kremas kojoms, 100 ml"},"content":{"rendered":"<p>Pavargusi\u0173 p\u0117d\u0173 ir odos, kuri\u0105 reikia maitinti, prie\u017ei\u016brai. Unikali formul\u0117 suteikia lengvumo ir gaivumo poj\u016bt\u012f. Karbamidas puikiai dr\u0117kina ir mink&scaron;tina od\u0105, mentolis akimirksniu v\u0117sina. Alyvuogi\u0173 aliejus intensyviai maitina od\u0105.<\/p>\n<p><strong>Naudojimas:<\/strong> tepkite krem\u0105 ant &scaron;varios, sausos koj\u0173 odos, masa\u017euokite kelet\u0105 minu\u010di\u0173, kol \u012fsigers. Naudoti &nbsp;pagal poreik\u012f.<br \/>\n&nbsp;<\/p>\n","protected":false},"excerpt":{"rendered":"<p>Pavargusi\u0173 p\u0117d\u0173 ir odos, kuri\u0105 reikia maitinti, prie\u017ei\u016brai. Unikali formul\u0117 suteikia lengvumo ir gaivumo poj\u016bt\u012f. Karbamidas puikiai dr\u0117kina ir mink&scaron;tina od\u0105, mentolis akimirksniu v\u0117sina. Alyvuogi\u0173 aliejus intensyviai maitina od\u0105. Naudojimas: tepkite krem\u0105 ant &scaron;varios, sausos koj\u0173 odos, masa\u017euokite kelet\u0105 minu\u010di\u0173, kol \u012fsigers. Naudoti &nbsp;pagal poreik\u012f. &nbsp;<\/p>\n","protected":false},"featured_media":87422,"template":"","meta":[],"product_cat":[1763],"product_tag":[],"class_list":{"0":"post-43419","1":"product","2":"type-product","3":"status-publish","4":"has-post-thumbnail","6":"product_brand-malina-akcija-lt","7":"product_cat-koju-prieziuros-kosmetika","9":"first","10":"outofstock","11":"taxable","12":"shipping-taxable","13":"product-type-simple"},"_links":{"self":[{"href":"https:\/\/e.kosmolat.eu\/lt\/wp-json\/wp\/v2\/product\/43419","targetHints":{"allow":["GET"]}}],"collection":[{"href":"https:\/\/e.kosmolat.eu\/lt\/wp-json\/wp\/v2\/product"}],"about":[{"href":"https:\/\/e.kosmolat.eu\/lt\/wp-json\/wp\/v2\/types\/product"}],"wp:featuredmedia":[{"embeddable":true,"href":"https:\/\/e.kosmolat.eu\/lt\/wp-json\/wp\/v2\/media\/87422"}],"wp:attachment":[{"href":"https:\/\/e.kosmolat.eu\/lt\/wp-json\/wp\/v2\/media?parent=43419"}],"wp:term":[{"taxonomy":"product_cat","embeddable":true,"href":"https:\/\/e.kosmolat.eu\/lt\/wp-json\/wp\/v2\/product_cat?post=43419"},{"taxonomy":"product_tag","embeddable":true,"href":"https:\/\/e.kosmolat.eu\/lt\/wp-json\/wp\/v2\/product_tag?post=43419"}],"curies":[{"name":"wp","href":"https:\/\/api.w.org\/{rel}","templated":true}]}}