{"id":43415,"date":"2024-01-31T12:47:28","date_gmt":"2024-01-31T12:47:28","guid":{"rendered":"https:\/\/e.kosmolat.eu\/product\/vollare-age-creator-regen-pretgrumbu-kr-60-regeneration-creator-50-ml\/"},"modified":"2025-09-19T23:46:19","modified_gmt":"2025-09-19T23:46:19","slug":"vollare-age-creator-regen-pretgrumbu-kr-60-regeneration-creator-50-ml","status":"publish","type":"product","link":"https:\/\/e.kosmolat.eu\/lt\/produktas\/vollare-age-creator-regen-pretgrumbu-kr-60-regeneration-creator-50-ml\/","title":{"rendered":"VOLLARE Age Creator Regeneruojantis kremas nuo rauk\u0161li\u0173  60+ Regeneration Creator, 50 ml"},"content":{"rendered":"<p>Atkuriamasis dieninis ir naktinis veido kremas nuo rauk&scaron;li\u0173, sukurtas kaip kasdien\u0117s odos prie\u017ei\u016bros elementas vyresn\u0117ms nei 60 met\u0173 moterims, nepriklausomai nuo j\u0173 odos tipo. Ma\u017eina odos sen\u0117jimo po\u017eymius ir poveik\u012f. Koncentruotos veikliosios med\u017eiagos intensyviai maitina ir stangrina od\u0105, pabr\u0117\u017edamos veido oval\u0105, gerina odos b\u016bkl\u0119, didina jos tank\u012f ir pagreitina regeneracijos procesus.<\/p>\n<ul>\n<li>SNAP-8 yra peptidas, kuris neutralizuoja nuolatin\u0119 odos \u012ftamp\u0105, ma\u017eina rauk&scaron;li\u0173 atsiradim\u0105.<\/li>\n<li>Klini&scaron;kai \u012frodyta, kad RonaCare&reg; Luremin&trade; yra protinga veiklioji med\u017eiaga, kuri pagerina odos elastingum\u0105 ir pagerina&nbsp;funkcijas pana&scaron;iai kaip retinolis. Padeda i&scaron;lyginti od\u0105 ir pagerinti jos strukt\u016br\u0105.<\/li>\n<\/ul>\n<p><strong>Naudojimas: <\/strong>tepkite krem\u0105 ant &scaron;varios veido, kaklo ir dekolt\u0117 odos ryte ir vakare.<br \/>\n&nbsp;<\/p>\n","protected":false},"excerpt":{"rendered":"<p>Atkuriamasis dieninis ir naktinis veido kremas nuo rauk&scaron;li\u0173, sukurtas kaip kasdien\u0117s odos prie\u017ei\u016bros elementas vyresn\u0117ms nei 60 met\u0173 moterims, nepriklausomai nuo j\u0173 odos tipo. Ma\u017eina odos sen\u0117jimo po\u017eymius ir poveik\u012f. Koncentruotos veikliosios med\u017eiagos intensyviai maitina ir stangrina od\u0105, pabr\u0117\u017edamos veido oval\u0105, gerina odos b\u016bkl\u0119, didina jos tank\u012f ir pagreitina regeneracijos procesus. SNAP-8 yra peptidas, kuris [&#8230;]\n","protected":false},"featured_media":87386,"template":"","meta":[],"product_cat":[1322],"product_tag":[],"class_list":{"0":"post-43415","1":"product","2":"type-product","3":"status-publish","4":"has-post-thumbnail","6":"product_brand-malina-akcija-lt","7":"product_cat-veido-kremai","9":"first","10":"outofstock","11":"taxable","12":"shipping-taxable","13":"product-type-simple"},"_links":{"self":[{"href":"https:\/\/e.kosmolat.eu\/lt\/wp-json\/wp\/v2\/product\/43415","targetHints":{"allow":["GET"]}}],"collection":[{"href":"https:\/\/e.kosmolat.eu\/lt\/wp-json\/wp\/v2\/product"}],"about":[{"href":"https:\/\/e.kosmolat.eu\/lt\/wp-json\/wp\/v2\/types\/product"}],"wp:featuredmedia":[{"embeddable":true,"href":"https:\/\/e.kosmolat.eu\/lt\/wp-json\/wp\/v2\/media\/87386"}],"wp:attachment":[{"href":"https:\/\/e.kosmolat.eu\/lt\/wp-json\/wp\/v2\/media?parent=43415"}],"wp:term":[{"taxonomy":"product_cat","embeddable":true,"href":"https:\/\/e.kosmolat.eu\/lt\/wp-json\/wp\/v2\/product_cat?post=43415"},{"taxonomy":"product_tag","embeddable":true,"href":"https:\/\/e.kosmolat.eu\/lt\/wp-json\/wp\/v2\/product_tag?post=43415"}],"curies":[{"name":"wp","href":"https:\/\/api.w.org\/{rel}","templated":true}]}}