{"id":43411,"date":"2024-01-31T12:47:08","date_gmt":"2024-01-31T12:47:08","guid":{"rendered":"https:\/\/e.kosmolat.eu\/product\/vollare-age-creator-mitrin-pretgrumbu-kr-40-youth-creator-50-ml\/"},"modified":"2025-09-19T23:45:51","modified_gmt":"2025-09-19T23:45:51","slug":"vollare-age-creator-mitrin-pretgrumbu-kr-40-youth-creator-50-ml","status":"publish","type":"product","link":"https:\/\/e.kosmolat.eu\/lt\/produktas\/vollare-age-creator-mitrin-pretgrumbu-kr-40-youth-creator-50-ml\/","title":{"rendered":"VOLLARE Age Creator Dr\u0117kinamasis kremas nuo rauk\u0161li\u0173 40+ Youth Creator, 50 ml"},"content":{"rendered":"<p>Dr\u0117kinamasis dieninis ir naktinis veido kremas nuo rauk&scaron;li\u0173, sukurtas kaip kasdien\u0117s odos prie\u017ei\u016bros elementas moterims nuo 40 met\u0173, nepriklausomai nuo j\u0173 odos tipo. Suteikia intensyv\u0173 ir ilgalaik\u012f dr\u0117kinim\u0105, saugo od\u0105 nuo sen\u0117jimo ir ma\u017eina jo pasekmes. Suma\u017eina nuovargio ir streso simptomus ir pagerina odos i&scaron;vaizd\u0105.<\/p>\n<ul>\n<li>SNAP-8 yra peptidas, kuris neutralizuoja nuolatin\u0119 odos \u012ftamp\u0105, ma\u017eina rauk&scaron;li\u0173 atsiradim\u0105.<\/li>\n<li>Hialurono r\u016bg&scaron;tis &ndash; intensyviai dr\u0117kina ir lygina od\u0105, taip pat didina elastingum\u0105 ir suteikia ilgalaik\u012f stangrinimo efekt\u0105.<\/li>\n<li>Polisacharidas &ndash; u\u017etikrina intensyv\u0173 ir ilgalaik\u012f dr\u0117kinim\u0105, padengia epiderm\u012f apsaugine pl\u0117vele, kuri neleid\u017eia i&scaron;garuoti vandeniui i&scaron; odos l\u0105steli\u0173.<\/li>\n<\/ul>\n<p><strong>Naudojimas:<\/strong> tepkite krem\u0105 ant &scaron;varios veido, kaklo ir dekolt\u0117 odos ryte ir vakare.<br \/>\n&nbsp;<\/p>\n","protected":false},"excerpt":{"rendered":"<p>Dr\u0117kinamasis dieninis ir naktinis veido kremas nuo rauk&scaron;li\u0173, sukurtas kaip kasdien\u0117s odos prie\u017ei\u016bros elementas moterims nuo 40 met\u0173, nepriklausomai nuo j\u0173 odos tipo. Suteikia intensyv\u0173 ir ilgalaik\u012f dr\u0117kinim\u0105, saugo od\u0105 nuo sen\u0117jimo ir ma\u017eina jo pasekmes. Suma\u017eina nuovargio ir streso simptomus ir pagerina odos i&scaron;vaizd\u0105. SNAP-8 yra peptidas, kuris neutralizuoja nuolatin\u0119 odos \u012ftamp\u0105, ma\u017eina rauk&scaron;li\u0173 [&#8230;]\n","protected":false},"featured_media":87378,"template":"","meta":[],"product_cat":[1322],"product_tag":[],"class_list":{"0":"post-43411","1":"product","2":"type-product","3":"status-publish","4":"has-post-thumbnail","6":"product_brand-malina-akcija-lt","7":"product_cat-veido-kremai","9":"first","10":"outofstock","11":"taxable","12":"shipping-taxable","13":"product-type-simple"},"_links":{"self":[{"href":"https:\/\/e.kosmolat.eu\/lt\/wp-json\/wp\/v2\/product\/43411","targetHints":{"allow":["GET"]}}],"collection":[{"href":"https:\/\/e.kosmolat.eu\/lt\/wp-json\/wp\/v2\/product"}],"about":[{"href":"https:\/\/e.kosmolat.eu\/lt\/wp-json\/wp\/v2\/types\/product"}],"wp:featuredmedia":[{"embeddable":true,"href":"https:\/\/e.kosmolat.eu\/lt\/wp-json\/wp\/v2\/media\/87378"}],"wp:attachment":[{"href":"https:\/\/e.kosmolat.eu\/lt\/wp-json\/wp\/v2\/media?parent=43411"}],"wp:term":[{"taxonomy":"product_cat","embeddable":true,"href":"https:\/\/e.kosmolat.eu\/lt\/wp-json\/wp\/v2\/product_cat?post=43411"},{"taxonomy":"product_tag","embeddable":true,"href":"https:\/\/e.kosmolat.eu\/lt\/wp-json\/wp\/v2\/product_tag?post=43411"}],"curies":[{"name":"wp","href":"https:\/\/api.w.org\/{rel}","templated":true}]}}