{"id":43407,"date":"2024-01-31T12:46:50","date_gmt":"2024-01-31T12:46:50","guid":{"rendered":"https:\/\/e.kosmolat.eu\/product\/vollare-liftinga-sej-krems-ar-kazas-piena-prot-medu-un-bisu-vasku-50-ml\/"},"modified":"2025-09-19T23:45:35","modified_gmt":"2025-09-19T23:45:35","slug":"vollare-liftinga-sej-krems-ar-kazas-piena-prot-medu-un-bisu-vasku-50-ml","status":"publish","type":"product","link":"https:\/\/e.kosmolat.eu\/lt\/produktas\/vollare-liftinga-sej-krems-ar-kazas-piena-prot-medu-un-bisu-vasku-50-ml\/","title":{"rendered":"VOLLARE Stangrinantis veido kremas su o\u017ek\u0173 pieno baltymais, medumi ir bi\u010di\u0173 va\u0161ku, 50 ml"},"content":{"rendered":"<p>&Scaron;velnus veido kremas su stangrinimo efektu vis\u0173 tip\u0173 odai. Puikiai dr\u0117kina, regeneruoja ir gerina odos elastingum\u0105. Oda atrodys jauna ir spindinti d\u0117ka o\u017ek\u0173 pieno baltym\u0173, medaus ekstrakto, kuris intensyviai dr\u0117kina ir atstato od\u0105, bei bi\u010di\u0173 va&scaron;ko, kuris maitina ir gerina odos elastingum\u0105. Dermatologi&scaron;kai patikrintas.<\/p>\n<p><strong>Naudojimas: <\/strong>tepkite krem\u0105 ant &scaron;varios veido ir kaklo odos lengvais masa\u017euojamaisiais judesiais.<br \/>\n&nbsp;<\/p>\n","protected":false},"excerpt":{"rendered":"<p>&Scaron;velnus veido kremas su stangrinimo efektu vis\u0173 tip\u0173 odai. Puikiai dr\u0117kina, regeneruoja ir gerina odos elastingum\u0105. Oda atrodys jauna ir spindinti d\u0117ka o\u017ek\u0173 pieno baltym\u0173, medaus ekstrakto, kuris intensyviai dr\u0117kina ir atstato od\u0105, bei bi\u010di\u0173 va&scaron;ko, kuris maitina ir gerina odos elastingum\u0105. Dermatologi&scaron;kai patikrintas. Naudojimas: tepkite krem\u0105 ant &scaron;varios veido ir kaklo odos lengvais masa\u017euojamaisiais [&#8230;]\n","protected":false},"featured_media":87374,"template":"","meta":[],"product_cat":[1322],"product_tag":[],"class_list":{"0":"post-43407","1":"product","2":"type-product","3":"status-publish","4":"has-post-thumbnail","6":"product_brand-malina-akcija-lt","7":"product_cat-veido-kremai","9":"first","10":"outofstock","11":"taxable","12":"shipping-taxable","13":"product-type-simple"},"_links":{"self":[{"href":"https:\/\/e.kosmolat.eu\/lt\/wp-json\/wp\/v2\/product\/43407","targetHints":{"allow":["GET"]}}],"collection":[{"href":"https:\/\/e.kosmolat.eu\/lt\/wp-json\/wp\/v2\/product"}],"about":[{"href":"https:\/\/e.kosmolat.eu\/lt\/wp-json\/wp\/v2\/types\/product"}],"wp:featuredmedia":[{"embeddable":true,"href":"https:\/\/e.kosmolat.eu\/lt\/wp-json\/wp\/v2\/media\/87374"}],"wp:attachment":[{"href":"https:\/\/e.kosmolat.eu\/lt\/wp-json\/wp\/v2\/media?parent=43407"}],"wp:term":[{"taxonomy":"product_cat","embeddable":true,"href":"https:\/\/e.kosmolat.eu\/lt\/wp-json\/wp\/v2\/product_cat?post=43407"},{"taxonomy":"product_tag","embeddable":true,"href":"https:\/\/e.kosmolat.eu\/lt\/wp-json\/wp\/v2\/product_tag?post=43407"}],"curies":[{"name":"wp","href":"https:\/\/api.w.org\/{rel}","templated":true}]}}