{"id":43403,"date":"2024-01-31T12:46:33","date_gmt":"2024-01-31T12:46:33","guid":{"rendered":"https:\/\/e.kosmolat.eu\/product\/vollare-pretgrumbu-sej-kr-ar-kazas-piena-prot-tara-koka-un-juras-algu-ekstr-50-ml\/"},"modified":"2025-09-19T23:45:21","modified_gmt":"2025-09-19T23:45:21","slug":"vollare-pretgrumbu-sej-kr-ar-kazas-piena-prot-tara-koka-un-juras-algu-ekstr-50-ml","status":"publish","type":"product","link":"https:\/\/e.kosmolat.eu\/lt\/produktas\/vollare-pretgrumbu-sej-kr-ar-kazas-piena-prot-tara-koka-un-juras-algu-ekstr-50-ml\/","title":{"rendered":"VOLLARE Veido kremas nuo rauk\u0161li\u0173 su o\u017ek\u0173 pieno baltymais, tara med\u017eio ir dumbli\u0173 ekstraktais, 50 ml"},"content":{"rendered":"<p>Kremas nuo rauk&scaron;li\u0173, kuris efektyviai kovoja su sen\u0117jimo po\u017eymiais, suteikia odai ilgalaik\u012f dr\u0117kinim\u0105, saugo nuo \u017ealing\u0173 aplinkos veiksni\u0173 ir lygina rauk&scaron;les. Oda tampa &scaron;ilkin\u0117 ir stangri d\u0117l o\u017ek\u0173 pieno baltym\u0173, tara med\u017eio vaisi\u0173 ekstrakto, kuris suteikia odai stangrumo ir glotnumo bei raudon\u0173j\u0173 dumbli\u0173 ekstrakto, kuris lygina rauk&scaron;les ir lygina od\u0105. Dermatologi&scaron;kai patikrintas.<\/p>\n<p><strong>Naudojimas:<\/strong> tepkite krem\u0105 ant &scaron;varios veido ir kaklo odos lengvais masa\u017euojamaisiais judesiais.<br \/>\n&nbsp;<\/p>\n","protected":false},"excerpt":{"rendered":"<p>Kremas nuo rauk&scaron;li\u0173, kuris efektyviai kovoja su sen\u0117jimo po\u017eymiais, suteikia odai ilgalaik\u012f dr\u0117kinim\u0105, saugo nuo \u017ealing\u0173 aplinkos veiksni\u0173 ir lygina rauk&scaron;les. Oda tampa &scaron;ilkin\u0117 ir stangri d\u0117l o\u017ek\u0173 pieno baltym\u0173, tara med\u017eio vaisi\u0173 ekstrakto, kuris suteikia odai stangrumo ir glotnumo bei raudon\u0173j\u0173 dumbli\u0173 ekstrakto, kuris lygina rauk&scaron;les ir lygina od\u0105. Dermatologi&scaron;kai patikrintas. Naudojimas: tepkite krem\u0105 [&#8230;]\n","protected":false},"featured_media":87370,"template":"","meta":[],"product_cat":[1322],"product_tag":[],"class_list":{"0":"post-43403","1":"product","2":"type-product","3":"status-publish","4":"has-post-thumbnail","6":"product_brand-malina-akcija-lt","7":"product_cat-veido-kremai","9":"first","10":"outofstock","11":"taxable","12":"shipping-taxable","13":"product-type-simple"},"_links":{"self":[{"href":"https:\/\/e.kosmolat.eu\/lt\/wp-json\/wp\/v2\/product\/43403","targetHints":{"allow":["GET"]}}],"collection":[{"href":"https:\/\/e.kosmolat.eu\/lt\/wp-json\/wp\/v2\/product"}],"about":[{"href":"https:\/\/e.kosmolat.eu\/lt\/wp-json\/wp\/v2\/types\/product"}],"wp:featuredmedia":[{"embeddable":true,"href":"https:\/\/e.kosmolat.eu\/lt\/wp-json\/wp\/v2\/media\/87370"}],"wp:attachment":[{"href":"https:\/\/e.kosmolat.eu\/lt\/wp-json\/wp\/v2\/media?parent=43403"}],"wp:term":[{"taxonomy":"product_cat","embeddable":true,"href":"https:\/\/e.kosmolat.eu\/lt\/wp-json\/wp\/v2\/product_cat?post=43403"},{"taxonomy":"product_tag","embeddable":true,"href":"https:\/\/e.kosmolat.eu\/lt\/wp-json\/wp\/v2\/product_tag?post=43403"}],"curies":[{"name":"wp","href":"https:\/\/api.w.org\/{rel}","templated":true}]}}