{"id":43395,"date":"2024-01-31T12:45:53","date_gmt":"2024-01-31T12:45:53","guid":{"rendered":"https:\/\/e.kosmolat.eu\/product\/vollare-baroj-sej-krems-ar-kazas-piena-prot-un-7-ellam-50-ml\/"},"modified":"2025-09-19T23:44:50","modified_gmt":"2025-09-19T23:44:50","slug":"vollare-baroj-sej-krems-ar-kazas-piena-prot-un-7-ellam-50-ml","status":"publish","type":"product","link":"https:\/\/e.kosmolat.eu\/lt\/produktas\/vollare-baroj-sej-krems-ar-kazas-piena-prot-un-7-ellam-50-ml\/","title":{"rendered":"VOLLARE Maitinamasis veido kremas su o\u017ek\u0173 pieno baltymais ir 7 aliejais, 50 ml"},"content":{"rendered":"<p>Intensyviai maitinamasis kremas vis\u0173 tip\u0173 sausai odai. Pagerina odos elastingum\u0105 ir daro j\u0105 &scaron;ilkin\u0119 bei lygi\u0105. Ramina ir atkuria komfort\u0105, tod\u0117l epidermis tampa mink&scaron;tas ir elastingas. Oda tampa &scaron;vytinti d\u0117l o\u017ekos pieno baltym\u0173 ir 7 atnaujinam\u0173 aliej\u0173, kurie skatina odos regeneracijos proces\u0105. Dermatologi&scaron;kai patikrintas.<\/p>\n<p><strong>Naudojimas: <\/strong>tepkite krem\u0105 ant &scaron;varios veido ir kaklo odos lengvais masa\u017euojamaisiais judesiais. Galima tepti prie&scaron; pagrind\u0105.<br \/>\n&nbsp;<\/p>\n","protected":false},"excerpt":{"rendered":"<p>Intensyviai maitinamasis kremas vis\u0173 tip\u0173 sausai odai. Pagerina odos elastingum\u0105 ir daro j\u0105 &scaron;ilkin\u0119 bei lygi\u0105. Ramina ir atkuria komfort\u0105, tod\u0117l epidermis tampa mink&scaron;tas ir elastingas. Oda tampa &scaron;vytinti d\u0117l o\u017ekos pieno baltym\u0173 ir 7 atnaujinam\u0173 aliej\u0173, kurie skatina odos regeneracijos proces\u0105. Dermatologi&scaron;kai patikrintas. Naudojimas: tepkite krem\u0105 ant &scaron;varios veido ir kaklo odos lengvais masa\u017euojamaisiais [&#8230;]\n","protected":false},"featured_media":87362,"template":"","meta":[],"product_cat":[1322],"product_tag":[],"class_list":{"0":"post-43395","1":"product","2":"type-product","3":"status-publish","4":"has-post-thumbnail","6":"product_brand-verona_pl-lt","7":"product_cat-veido-kremai","9":"first","10":"outofstock","11":"taxable","12":"shipping-taxable","13":"product-type-simple"},"_links":{"self":[{"href":"https:\/\/e.kosmolat.eu\/lt\/wp-json\/wp\/v2\/product\/43395","targetHints":{"allow":["GET"]}}],"collection":[{"href":"https:\/\/e.kosmolat.eu\/lt\/wp-json\/wp\/v2\/product"}],"about":[{"href":"https:\/\/e.kosmolat.eu\/lt\/wp-json\/wp\/v2\/types\/product"}],"wp:featuredmedia":[{"embeddable":true,"href":"https:\/\/e.kosmolat.eu\/lt\/wp-json\/wp\/v2\/media\/87362"}],"wp:attachment":[{"href":"https:\/\/e.kosmolat.eu\/lt\/wp-json\/wp\/v2\/media?parent=43395"}],"wp:term":[{"taxonomy":"product_cat","embeddable":true,"href":"https:\/\/e.kosmolat.eu\/lt\/wp-json\/wp\/v2\/product_cat?post=43395"},{"taxonomy":"product_tag","embeddable":true,"href":"https:\/\/e.kosmolat.eu\/lt\/wp-json\/wp\/v2\/product_tag?post=43395"}],"curies":[{"name":"wp","href":"https:\/\/api.w.org\/{rel}","templated":true}]}}