{"id":43367,"date":"2024-01-31T12:44:31","date_gmt":"2024-01-31T12:44:31","guid":{"rendered":"https:\/\/e.kosmolat.eu\/product\/claire-beauty-solution-auduma-sejas-maska-skin-relax-27-ml\/"},"modified":"2025-05-01T09:56:13","modified_gmt":"2025-05-01T09:56:13","slug":"claire-beauty-solution-auduma-sejas-maska-skin-relax-27-ml","status":"publish","type":"product","link":"https:\/\/e.kosmolat.eu\/lt\/produktas\/claire-beauty-solution-auduma-sejas-maska-skin-relax-27-ml\/","title":{"rendered":"CLAIRE Beauty Solution Lak\u0161tin\u0117 kauk\u0117 Skin Relax, 27 ml"},"content":{"rendered":"<p>Lak\u0161tin\u0117 kauk\u0117 su alavij\u0173 ekstraktu akimirksniu tonizuoja ir gaivina veido od\u0105. Pa\u0161alina diskomforto ir nuovargio jausm\u0105, suteikia gaivi\u0105 ir \u0161vytin\u010di\u0105 i\u0161vaizd\u0105, veikia raminamai. Alavij\u0173 esencija ma\u017eina paraudim\u0105, mink\u0161tina ir dr\u0117kina od\u0105, gerina jos apsaugines savybes.<\/p>\n<p><strong>Naudojimas: <\/strong>i\u0161imkite kauk\u0119 ir \u0161velniai paskirstykite j\u0105 ant i\u0161 anksto nuvalytos veido odos. U\u017etikrinkite tvirt\u0105 prigludim\u0105, palikite veikti 15-20 minu\u010di\u0173, tada nuimkite ir pir\u0161t\u0173 galiukais &bdquo;\u012ftap\u0161nokite&ldquo; likusi\u0105 esencij\u0105 \u012f od\u0105, kol ji visi\u0161kai \u012fsigers.<\/p>\n<p><strong>Atsargumo priemon\u0117s:<\/strong> Tik i\u0161oriniam naudojimui. Netepkite ant pa\u017eeistos odos. Galimas individualus komponent\u0173 netoleravimas.<\/p>\n<p>Laikyti nuo +5 &deg;C iki +25 &deg;C temperat\u016broje.<br \/>\n&nbsp;<\/p>\n","protected":false},"excerpt":{"rendered":"<p>Lak\u0161tin\u0117 kauk\u0117 su alavij\u0173 ekstraktu akimirksniu tonizuoja ir gaivina veido od\u0105. Pa\u0161alina diskomforto ir nuovargio jausm\u0105, suteikia gaivi\u0105 ir \u0161vytin\u010di\u0105 i\u0161vaizd\u0105, veikia raminamai. Alavij\u0173 esencija ma\u017eina paraudim\u0105, mink\u0161tina ir dr\u0117kina od\u0105, gerina jos apsaugines savybes. Naudojimas: i\u0161imkite kauk\u0119 ir \u0161velniai paskirstykite j\u0105 ant i\u0161 anksto nuvalytos veido odos. U\u017etikrinkite tvirt\u0105 prigludim\u0105, palikite veikti 15-20 minu\u010di\u0173, [&#8230;]\n","protected":false},"featured_media":2882,"template":"","meta":[],"product_cat":[1369],"product_tag":[],"class_list":{"0":"post-43367","1":"product","2":"type-product","3":"status-publish","4":"has-post-thumbnail","6":"product_brand-dilis-kosmetik_by-lt","7":"product_cat-veido-kaukes","9":"first","10":"instock","11":"taxable","12":"shipping-taxable","13":"product-type-simple"},"_links":{"self":[{"href":"https:\/\/e.kosmolat.eu\/lt\/wp-json\/wp\/v2\/product\/43367","targetHints":{"allow":["GET"]}}],"collection":[{"href":"https:\/\/e.kosmolat.eu\/lt\/wp-json\/wp\/v2\/product"}],"about":[{"href":"https:\/\/e.kosmolat.eu\/lt\/wp-json\/wp\/v2\/types\/product"}],"wp:featuredmedia":[{"embeddable":true,"href":"https:\/\/e.kosmolat.eu\/lt\/wp-json\/wp\/v2\/media\/2882"}],"wp:attachment":[{"href":"https:\/\/e.kosmolat.eu\/lt\/wp-json\/wp\/v2\/media?parent=43367"}],"wp:term":[{"taxonomy":"product_cat","embeddable":true,"href":"https:\/\/e.kosmolat.eu\/lt\/wp-json\/wp\/v2\/product_cat?post=43367"},{"taxonomy":"product_tag","embeddable":true,"href":"https:\/\/e.kosmolat.eu\/lt\/wp-json\/wp\/v2\/product_tag?post=43367"}],"curies":[{"name":"wp","href":"https:\/\/api.w.org\/{rel}","templated":true}]}}