{"id":43359,"date":"2024-01-31T12:43:54","date_gmt":"2024-01-31T12:43:54","guid":{"rendered":"https:\/\/e.kosmolat.eu\/product\/claire-beauty-solution-auduma-sejas-maska-energy-bomb-27-ml\/"},"modified":"2025-05-06T13:01:11","modified_gmt":"2025-05-06T13:01:11","slug":"claire-beauty-solution-auduma-sejas-maska-energy-bomb-27-ml","status":"publish","type":"product","link":"https:\/\/e.kosmolat.eu\/lt\/produktas\/claire-beauty-solution-auduma-sejas-maska-energy-bomb-27-ml\/","title":{"rendered":"CLAIRE Beauty Solution Lak\u0161tin\u0117 kauk\u0117 Energy Bomb, 27 ml"},"content":{"rendered":"<p>Vitamino C ir E lak\u0161tin\u0117 kauk\u0117 yra specialiai sukurta \u0161vytin\u010diai ir jaunatvi\u0161kai atrodan\u010diai odai. Aktyvi gaivi\u0173 citrusini\u0173 vaisi\u0173 kokteilio formul\u0117 akimirksniu atgaivina, maitina ir lygina od\u0105, pripildo j\u0105 energijos ir pa\u0161alina nuovargio po\u017eymius.<\/p>\n<p><strong>Naudojimas:<\/strong> i\u0161imkite kauk\u0119 ir \u0161velniai paskirstykite j\u0105 ant i\u0161 anksto nuvalytos veido odos. U\u017etikrinkite tvirt\u0105 prigludim\u0105, palikite veikti 15-20 minu\u010di\u0173, tada nuimkite ir pir\u0161t\u0173 galiukais &bdquo;\u012ftap\u0161nokite&ldquo; likusi\u0105 esencij\u0105 \u012f od\u0105, kol ji visi\u0161kai \u012fsigers.<\/p>\n<p><strong>Atsargumo priemon\u0117s: <\/strong>Tik i\u0161oriniam naudojimui. Netepkite ant pa\u017eeistos odos. Galimas individualus komponent\u0173 netoleravimas.<\/p>\n<p>Laikyti nuo +5 &deg;C iki +25 &deg;C temperat\u016broje.<br \/>\n&nbsp;<\/p>\n","protected":false},"excerpt":{"rendered":"<p>Vitamino C ir E lak\u0161tin\u0117 kauk\u0117 yra specialiai sukurta \u0161vytin\u010diai ir jaunatvi\u0161kai atrodan\u010diai odai. Aktyvi gaivi\u0173 citrusini\u0173 vaisi\u0173 kokteilio formul\u0117 akimirksniu atgaivina, maitina ir lygina od\u0105, pripildo j\u0105 energijos ir pa\u0161alina nuovargio po\u017eymius. Naudojimas: i\u0161imkite kauk\u0119 ir \u0161velniai paskirstykite j\u0105 ant i\u0161 anksto nuvalytos veido odos. U\u017etikrinkite tvirt\u0105 prigludim\u0105, palikite veikti 15-20 minu\u010di\u0173, tada nuimkite [&#8230;]\n","protected":false},"featured_media":10004,"template":"","meta":[],"product_cat":[1369],"product_tag":[],"class_list":{"0":"post-43359","1":"product","2":"type-product","3":"status-publish","4":"has-post-thumbnail","6":"product_brand-dilis-kosmetik_by-lt","7":"product_cat-veido-kaukes","9":"first","10":"outofstock","11":"taxable","12":"shipping-taxable","13":"product-type-simple"},"_links":{"self":[{"href":"https:\/\/e.kosmolat.eu\/lt\/wp-json\/wp\/v2\/product\/43359","targetHints":{"allow":["GET"]}}],"collection":[{"href":"https:\/\/e.kosmolat.eu\/lt\/wp-json\/wp\/v2\/product"}],"about":[{"href":"https:\/\/e.kosmolat.eu\/lt\/wp-json\/wp\/v2\/types\/product"}],"wp:featuredmedia":[{"embeddable":true,"href":"https:\/\/e.kosmolat.eu\/lt\/wp-json\/wp\/v2\/media\/10004"}],"wp:attachment":[{"href":"https:\/\/e.kosmolat.eu\/lt\/wp-json\/wp\/v2\/media?parent=43359"}],"wp:term":[{"taxonomy":"product_cat","embeddable":true,"href":"https:\/\/e.kosmolat.eu\/lt\/wp-json\/wp\/v2\/product_cat?post=43359"},{"taxonomy":"product_tag","embeddable":true,"href":"https:\/\/e.kosmolat.eu\/lt\/wp-json\/wp\/v2\/product_tag?post=43359"}],"curies":[{"name":"wp","href":"https:\/\/api.w.org\/{rel}","templated":true}]}}