{"id":43355,"date":"2024-01-31T12:43:34","date_gmt":"2024-01-31T12:43:34","guid":{"rendered":"https:\/\/e.kosmolat.eu\/product\/claire-beauty-solution-auduma-sejas-maska-deep-detox-27-ml\/"},"modified":"2025-07-11T12:32:16","modified_gmt":"2025-07-11T12:32:16","slug":"claire-beauty-solution-auduma-sejas-maska-deep-detox-27-ml","status":"publish","type":"product","link":"https:\/\/e.kosmolat.eu\/lt\/produktas\/claire-beauty-solution-auduma-sejas-maska-deep-detox-27-ml\/","title":{"rendered":"CLAIRE Beauty Solution Lak\u0161tin\u0117 kauk\u0117 Deep Detox, 27 ml"},"content":{"rendered":"<p>Lak\u0161tin\u0117 veido kauk\u0117 yra puikus sprendimas, pad\u0117siantis pagerinti odos b\u016bkl\u0119 vos po vieno naudojimo. &nbsp;\u017daliosios arbatos ekstraktas turi raminam\u0105j\u012f ir apsaugin\u012f poveik\u012f, tod\u0117l padeda atsikratyti odos netobulum\u0173 ir sudirgim\u0173.<\/p>\n<p><strong>Naudojimas: <\/strong>i\u0161imkite kauk\u0119 ir \u0161velniai paskirstykite j\u0105 ant i\u0161 anksto nuvalytos veido odos. U\u017etikrinkite tvirt\u0105 prigludim\u0105, palikite veikti 15-20 minu\u010di\u0173, tada nuimkite ir pir\u0161t\u0173 galiukais &bdquo;\u012ftap\u0161nokite&ldquo; likusi\u0105 esencij\u0105 \u012f od\u0105, kol ji visi\u0161kai \u012fsigers.<\/p>\n<p><strong>Atsargumo priemon\u0117s: <\/strong>Tik i\u0161oriniam naudojimui. Netepkite ant pa\u017eeistos odos. Galimas individualus komponent\u0173 netoleravimas.<\/p>\n<p>Laikyti nuo +5 &deg;C iki +25 &deg;C temperat\u016broje.<br \/>\n&nbsp;<\/p>\n","protected":false},"excerpt":{"rendered":"<p>Lak\u0161tin\u0117 veido kauk\u0117 yra puikus sprendimas, pad\u0117siantis pagerinti odos b\u016bkl\u0119 vos po vieno naudojimo. &nbsp;\u017daliosios arbatos ekstraktas turi raminam\u0105j\u012f ir apsaugin\u012f poveik\u012f, tod\u0117l padeda atsikratyti odos netobulum\u0173 ir sudirgim\u0173. Naudojimas: i\u0161imkite kauk\u0119 ir \u0161velniai paskirstykite j\u0105 ant i\u0161 anksto nuvalytos veido odos. U\u017etikrinkite tvirt\u0105 prigludim\u0105, palikite veikti 15-20 minu\u010di\u0173, tada nuimkite ir pir\u0161t\u0173 galiukais &bdquo;\u012ftap\u0161nokite&ldquo; [&#8230;]\n","protected":false},"featured_media":2874,"template":"","meta":[],"product_cat":[1369],"product_tag":[],"class_list":{"0":"post-43355","1":"product","2":"type-product","3":"status-publish","4":"has-post-thumbnail","6":"product_brand-dilis-kosmetik_by-lt","7":"product_cat-veido-kaukes","9":"first","10":"outofstock","11":"taxable","12":"shipping-taxable","13":"product-type-simple"},"_links":{"self":[{"href":"https:\/\/e.kosmolat.eu\/lt\/wp-json\/wp\/v2\/product\/43355","targetHints":{"allow":["GET"]}}],"collection":[{"href":"https:\/\/e.kosmolat.eu\/lt\/wp-json\/wp\/v2\/product"}],"about":[{"href":"https:\/\/e.kosmolat.eu\/lt\/wp-json\/wp\/v2\/types\/product"}],"wp:featuredmedia":[{"embeddable":true,"href":"https:\/\/e.kosmolat.eu\/lt\/wp-json\/wp\/v2\/media\/2874"}],"wp:attachment":[{"href":"https:\/\/e.kosmolat.eu\/lt\/wp-json\/wp\/v2\/media?parent=43355"}],"wp:term":[{"taxonomy":"product_cat","embeddable":true,"href":"https:\/\/e.kosmolat.eu\/lt\/wp-json\/wp\/v2\/product_cat?post=43355"},{"taxonomy":"product_tag","embeddable":true,"href":"https:\/\/e.kosmolat.eu\/lt\/wp-json\/wp\/v2\/product_tag?post=43355"}],"curies":[{"name":"wp","href":"https:\/\/api.w.org\/{rel}","templated":true}]}}