{"id":43307,"date":"2024-01-31T12:40:25","date_gmt":"2024-01-31T12:40:25","guid":{"rendered":"https:\/\/e.kosmolat.eu\/product\/i_bc-nature-skidras-ziepes-bambuss-un-zala-teja-450-ml\/"},"modified":"2025-05-12T11:00:56","modified_gmt":"2025-05-12T11:00:56","slug":"i_bc-nature-skidras-ziepes-bambuss-un-zala-teja-450-ml","status":"publish","type":"product","link":"https:\/\/e.kosmolat.eu\/lt\/produktas\/i_bc-nature-skidras-ziepes-bambuss-un-zala-teja-450-ml\/","title":{"rendered":"I_BIOTON COSMETICS Skystas muilas Bambukai ir \u017ealioji  arbata, 450 ml"},"content":{"rendered":"<p>Skystas muilas sudaro sodrias putas, kurios lengvai nuplauna ne\u0161varumus ir paver\u010dia k\u016bno prie\u017ei\u016br\u0105 tikru malonumu. &Scaron;veln\u016bs valomieji ingredientai kartu su dr\u0117kinamuoju pieneliu palaiko optimal\u0173 odos pH balans\u0105, apsaugodami nuo chloruoto vandens poveikio. Bambukai pasi\u017eymi nat\u016braliomis antibakterin\u0117mis savyb\u0117mis, kurias lemia j\u0173 pluo\u0161tuose esantis stiprus antiseptikas. \u017dalioji arbata suteikia tonizuojant\u012f poveik\u012f, suteikia odai elastingumo ir stangrumo, taip pat gerai j\u0105 mink\u0161tina.<\/p>\n<p><strong>Naudojimas:<\/strong> nedidel\u012f kiek\u012f muilo u\u017etepkite ant odos, suputokite, nuplaukite vandeniu. Jei reikia, pakartokite.<\/p>\n<p><strong>Atsargumo priemon\u0117s: <\/strong>Tik i\u0161oriniam naudojimui. Saugoti nuo vaik\u0173.<\/p>\n<p><strong>Geriausias: <\/strong>30 m\u0117nesi\u0173 nuo pagaminimo datos<\/p>\n<p>Laikyti nuo +5 &deg;C iki +25 &deg;C temperat\u016broje.<br \/>\n&nbsp;<\/p>\n","protected":false},"excerpt":{"rendered":"<p>Skystas muilas sudaro sodrias putas, kurios lengvai nuplauna ne\u0161varumus ir paver\u010dia k\u016bno prie\u017ei\u016br\u0105 tikru malonumu. &Scaron;veln\u016bs valomieji ingredientai kartu su dr\u0117kinamuoju pieneliu palaiko optimal\u0173 odos pH balans\u0105, apsaugodami nuo chloruoto vandens poveikio. Bambukai pasi\u017eymi nat\u016braliomis antibakterin\u0117mis savyb\u0117mis, kurias lemia j\u0173 pluo\u0161tuose esantis stiprus antiseptikas. \u017dalioji arbata suteikia tonizuojant\u012f poveik\u012f, suteikia odai elastingumo ir stangrumo, taip [&#8230;]\n","protected":false},"featured_media":13733,"template":"","meta":[],"product_cat":[1748],"product_tag":[],"class_list":{"0":"post-43307","1":"product","2":"type-product","3":"status-publish","4":"has-post-thumbnail","6":"product_brand-bioton_ua-lt","7":"product_cat-skystas-muilas","9":"first","10":"outofstock","11":"taxable","12":"shipping-taxable","13":"product-type-simple"},"_links":{"self":[{"href":"https:\/\/e.kosmolat.eu\/lt\/wp-json\/wp\/v2\/product\/43307","targetHints":{"allow":["GET"]}}],"collection":[{"href":"https:\/\/e.kosmolat.eu\/lt\/wp-json\/wp\/v2\/product"}],"about":[{"href":"https:\/\/e.kosmolat.eu\/lt\/wp-json\/wp\/v2\/types\/product"}],"wp:featuredmedia":[{"embeddable":true,"href":"https:\/\/e.kosmolat.eu\/lt\/wp-json\/wp\/v2\/media\/13733"}],"wp:attachment":[{"href":"https:\/\/e.kosmolat.eu\/lt\/wp-json\/wp\/v2\/media?parent=43307"}],"wp:term":[{"taxonomy":"product_cat","embeddable":true,"href":"https:\/\/e.kosmolat.eu\/lt\/wp-json\/wp\/v2\/product_cat?post=43307"},{"taxonomy":"product_tag","embeddable":true,"href":"https:\/\/e.kosmolat.eu\/lt\/wp-json\/wp\/v2\/product_tag?post=43307"}],"curies":[{"name":"wp","href":"https:\/\/api.w.org\/{rel}","templated":true}]}}