{"id":43303,"date":"2024-01-31T12:40:05","date_gmt":"2024-01-31T12:40:05","guid":{"rendered":"https:\/\/e.kosmolat.eu\/product\/hyauron-dh-viegla-sejas-emuls-intens-mitrin-komf-un-mirdz-30-g\/"},"modified":"2026-01-08T15:51:43","modified_gmt":"2026-01-08T15:51:43","slug":"hyauron-dh-viegla-sejas-emuls-intens-mitrin-komf-un-mirdz-30-g","status":"publish","type":"product","link":"https:\/\/e.kosmolat.eu\/lt\/produktas\/hyauron-dh-viegla-sejas-emuls-intens-mitrin-komf-un-mirdz-30-g\/","title":{"rendered":"HYALURON Deep Hydration Lengva emulsija veidui intensyvus dr\u0117kinimas, komfortas ir spindesys, 30 g"},"content":{"rendered":"<p>Emulsija tinka vis\u0173 tip\u0173 odai, ypa\u010d rekomenduojama sausai ir jautriai odai. Puikiai prisitaiko prie individuali\u0173 odos poreiki\u0173, yra puiki dehidratacijos prevencija, u\u017etikrina lengv\u0105 med\u017eiag\u0173 \u012fsiskverbim\u0105 \u012f epiderm\u012f. Sukurtas patogiam naudojimui &bdquo;kaprizingai odai&ldquo;, pasi\u017eymintis puikiu dr\u0117kinimo, gaivumo ir spindesio efektu. Tinka kasdienei prie\u017ei\u016brai.<\/p>\n<p>2 tip\u0173 r\u016bg\u0161\u010di\u0173 derinys: hialurono ir poliglutamo su kitomis veikliosiomis med\u017eiagomis u\u017etikrina visapusi\u0161k\u0105 kov\u0105 su su am\u017eiumi susijusiais odos tr\u016bkumais.<\/p>\n<p>&bull; apsaugo nuo odos sen\u0117jimo;<br \/>\n&bull; apsaugo nuo rauk\u0161li\u0173 atsiradimo ir padeda \u017eenkliai suma\u017einti esam\u0173 apimtis;<br \/>\n&bull; daro od\u0105 gaivi\u0105 ir pails\u0117jusi\u0105;<br \/>\n&bull; gr\u0105\u017eina jai jaunyst\u0119 ir spindes\u012f.<\/p>\n<p>Didel\u0117s molekulin\u0117s mas\u0117s poliglutamo r\u016bg\u0161tis veikia kaip hialurono r\u016bg\u0161ties apsauga, u\u017ekertanti keli\u0105 jos sunaikinimui ir pa\u0161alinimui i\u0161 odos, r\u016bpindamasi jos i\u0161saugojimu dermoje. Jis turi &bdquo;super&ldquo; sugeb\u0117jim\u0105 pritraukti vandens molekules, 2,5 karto ar daugiau nei hialurono r\u016bg\u0161tis. Tai polipeptidinis biopolimeras, efektyviai reguliuojantis odos dr\u0117kinimo lyg\u012f, stipriai pritraukiantis vanden\u012f i\u0161 i\u0161orin\u0117s aplinkos, skatinantis keramid\u0173 gamyb\u0105, kontroliuojantis odos atsinaujinimo ir regeneracijos procesus. Padidina nat\u016bralaus dr\u0117kinamojo faktoriaus (NDF) lyg\u012f, taip pat slopina ferment\u0105 hialuronidaz\u0119, kuri skaido hialurono r\u016bg\u0161t\u012f odoje. Patek\u0119s \u012f od\u0105, jis veikia nuosavo kolageno gamybos lyg\u012f, taip pat pa\u0161alina nuovargio po\u017eymius, pvz., blanki\u0105 veido spalv\u0105. U\u017etikrina lengv\u0105 kit\u0173 med\u017eiag\u0173 \u012fsiskverbim\u0105 \u012f epiderm\u012f. Jis turi greit\u0105 ry\u0161k\u0173 poveik\u012f, taip pat puik\u0173 kaupiam\u0105j\u012f dr\u0117kinam\u0105j\u012f rezultat\u0105. Idealus naujovi\u0161kas derinys &ndash; 2 r\u016bg\u0161\u010di\u0173 mi\u0161inys &ndash; tai intensyvus keli\u0173 lygi\u0173 sprendimas sausai, dehidratuotai, senstan\u010diai, probleminei odai.<\/p>\n<p><strong>Naudojimas: <\/strong>nuvalykite veido od\u0105, \u0161velniais glostymo judesiais tepkite i\u0161ilgai masa\u017eo linij\u0173. Laikyti nuo 5&deg;C iki 25&deg;C temperat\u016broje. Venkite tiesiogini\u0173 saul\u0117s spinduli\u0173.<\/p>\n<p><strong>Geriausias:<\/strong> 36 m\u0117n. nuo pagaminimo datos<br \/>\n&nbsp;<\/p>\n","protected":false},"excerpt":{"rendered":"<p>Emulsija tinka vis\u0173 tip\u0173 odai, ypa\u010d rekomenduojama sausai ir jautriai odai. Puikiai prisitaiko prie individuali\u0173 odos poreiki\u0173, yra puiki dehidratacijos prevencija, u\u017etikrina lengv\u0105 med\u017eiag\u0173 \u012fsiskverbim\u0105 \u012f epiderm\u012f. Sukurtas patogiam naudojimui &bdquo;kaprizingai odai&ldquo;, pasi\u017eymintis puikiu dr\u0117kinimo, gaivumo ir spindesio efektu. Tinka kasdienei prie\u017ei\u016brai. 2 tip\u0173 r\u016bg\u0161\u010di\u0173 derinys: hialurono ir poliglutamo su kitomis veikliosiomis med\u017eiagomis u\u017etikrina visapusi\u0161k\u0105 [&#8230;]\n","protected":false},"featured_media":97695,"template":"","meta":[],"product_cat":[2181],"product_tag":[],"class_list":{"0":"post-43303","1":"product","2":"type-product","3":"status-publish","4":"has-post-thumbnail","6":"product_brand-belkosmex_by-lt","7":"product_cat-bez-kategorijas-lt","9":"first","10":"outofstock","11":"taxable","12":"shipping-taxable","13":"product-type-simple"},"_links":{"self":[{"href":"https:\/\/e.kosmolat.eu\/lt\/wp-json\/wp\/v2\/product\/43303","targetHints":{"allow":["GET"]}}],"collection":[{"href":"https:\/\/e.kosmolat.eu\/lt\/wp-json\/wp\/v2\/product"}],"about":[{"href":"https:\/\/e.kosmolat.eu\/lt\/wp-json\/wp\/v2\/types\/product"}],"wp:featuredmedia":[{"embeddable":true,"href":"https:\/\/e.kosmolat.eu\/lt\/wp-json\/wp\/v2\/media\/97695"}],"wp:attachment":[{"href":"https:\/\/e.kosmolat.eu\/lt\/wp-json\/wp\/v2\/media?parent=43303"}],"wp:term":[{"taxonomy":"product_cat","embeddable":true,"href":"https:\/\/e.kosmolat.eu\/lt\/wp-json\/wp\/v2\/product_cat?post=43303"},{"taxonomy":"product_tag","embeddable":true,"href":"https:\/\/e.kosmolat.eu\/lt\/wp-json\/wp\/v2\/product_tag?post=43303"}],"curies":[{"name":"wp","href":"https:\/\/api.w.org\/{rel}","templated":true}]}}