{"id":43287,"date":"2024-01-31T12:39:09","date_gmt":"2024-01-31T12:39:09","guid":{"rendered":"https:\/\/e.kosmolat.eu\/product\/spkrug-gels-smaganam-42-g\/"},"modified":"2026-04-23T08:27:36","modified_gmt":"2026-04-23T08:27:36","slug":"spkrug-gels-smaganam-42-g","status":"publish","type":"product","link":"https:\/\/e.kosmolat.eu\/lt\/produktas\/spkrug-gels-smaganam-42-g\/","title":{"rendered":"SPASATELNIJ KRUG Gelis dantenoms, 42 g"},"content":{"rendered":"<p>Gelbsti &nbsp;danten\u0173 u\u017edegim\u0173 &nbsp;ir kraujavimo atvejais. Kosmetikos gaminys.<\/p>\n<p><strong>Naudojimas: <\/strong>tepti 2 kartus per dien\u0105 &ndash; po pusry\u010di\u0173 ir prie&scaron; mieg\u0105. Prie&scaron; naudodami, kruop&scaron;\u010diai i&scaron;sivalykite dantis ir praskalaukite burn\u0105. U\u017etepkite nedidel\u012f kiek\u012f ant dant\u0173 &scaron;epet\u0117lio ir &scaron;velniai padenkite dantis bei dantenas. Naudokite mink&scaron;t\u0105 dant\u0173 &scaron;epet\u0117l\u012f arba tepkite &scaron;variu pir&scaron;tu.<\/p>\n<p><strong>Kontraindikacijos:<\/strong> individualus komponent\u0173 netoleravimas.<\/p>\n<p>Laikyti nuo +2&deg;C iki +25&deg;C temperat\u016broje.<br \/>\n&nbsp;<\/p>\n","protected":false},"excerpt":{"rendered":"<p>Gelbsti &nbsp;danten\u0173 u\u017edegim\u0173 &nbsp;ir kraujavimo atvejais. Kosmetikos gaminys. Naudojimas: tepti 2 kartus per dien\u0105 &ndash; po pusry\u010di\u0173 ir prie&scaron; mieg\u0105. Prie&scaron; naudodami, kruop&scaron;\u010diai i&scaron;sivalykite dantis ir praskalaukite burn\u0105. U\u017etepkite nedidel\u012f kiek\u012f ant dant\u0173 &scaron;epet\u0117lio ir &scaron;velniai padenkite dantis bei dantenas. Naudokite mink&scaron;t\u0105 dant\u0173 &scaron;epet\u0117l\u012f arba tepkite &scaron;variu pir&scaron;tu. Kontraindikacijos: individualus komponent\u0173 netoleravimas. Laikyti nuo +2&deg;C [&#8230;]\n","protected":false},"featured_media":89438,"template":"","meta":[],"product_cat":[1308],"product_tag":[],"class_list":{"0":"post-43287","1":"product","2":"type-product","3":"status-publish","4":"has-post-thumbnail","6":"product_brand-elpis-lt","7":"product_cat-dantu-pastos-ir-geliai","9":"first","10":"outofstock","11":"taxable","12":"shipping-taxable","13":"product-type-simple"},"_links":{"self":[{"href":"https:\/\/e.kosmolat.eu\/lt\/wp-json\/wp\/v2\/product\/43287","targetHints":{"allow":["GET"]}}],"collection":[{"href":"https:\/\/e.kosmolat.eu\/lt\/wp-json\/wp\/v2\/product"}],"about":[{"href":"https:\/\/e.kosmolat.eu\/lt\/wp-json\/wp\/v2\/types\/product"}],"wp:featuredmedia":[{"embeddable":true,"href":"https:\/\/e.kosmolat.eu\/lt\/wp-json\/wp\/v2\/media\/89438"}],"wp:attachment":[{"href":"https:\/\/e.kosmolat.eu\/lt\/wp-json\/wp\/v2\/media?parent=43287"}],"wp:term":[{"taxonomy":"product_cat","embeddable":true,"href":"https:\/\/e.kosmolat.eu\/lt\/wp-json\/wp\/v2\/product_cat?post=43287"},{"taxonomy":"product_tag","embeddable":true,"href":"https:\/\/e.kosmolat.eu\/lt\/wp-json\/wp\/v2\/product_tag?post=43287"}],"curies":[{"name":"wp","href":"https:\/\/api.w.org\/{rel}","templated":true}]}}