{"id":43279,"date":"2024-01-31T12:38:37","date_gmt":"2024-01-31T12:38:37","guid":{"rendered":"https:\/\/e.kosmolat.eu\/product\/bio-naturell-argan-oil-of-morocco-collagen-matu-maska-295-ml\/"},"modified":"2026-04-01T07:28:18","modified_gmt":"2026-04-01T07:28:18","slug":"i_bio-naturell-argan-oil-of-morocco-collagen-matu-maska-295-ml","status":"publish","type":"product","link":"https:\/\/e.kosmolat.eu\/lt\/produktas\/i_bio-naturell-argan-oil-of-morocco-collagen-matu-maska-295-ml\/","title":{"rendered":"I_BIO NATURELL Argan Oil of Morocco &#038; Collagen plauk\u0173 kauk\u0117, 295 ml"},"content":{"rendered":"<p>Plauk\u0173 kauk\u0117 Ultra energija. 97% ingredient\u0173 yra nat\u016bralios kilm\u0117s. Sud\u0117tyje yra 100% nat\u016brali\u0173 aliej\u0173. Vegani&scaron;kas produktas.<\/p>\n<p><strong>Naudojimas:<\/strong> paskirstykite ant &scaron;vari\u0173, dr\u0117gn\u0173 plauk\u0173, palikite 3-5 minutes, nuplaukite vandeniu.<\/p>\n<p><strong>Atsargumo priemon\u0117s:<\/strong> patekus \u012f akis, praplauti vandeniu. Galimas padid\u0117j\u0119s individualus jautrumas atskiriems komponentams.<\/p>\n<p>Laikyti nuo +5 &deg;C iki +25 &deg;C temperat\u016broje.<\/p>\n","protected":false},"excerpt":{"rendered":"<p>Plauk\u0173 kauk\u0117 Ultra energija. 97% ingredient\u0173 yra nat\u016bralios kilm\u0117s. Sud\u0117tyje yra 100% nat\u016brali\u0173 aliej\u0173. Vegani&scaron;kas produktas. Naudojimas: paskirstykite ant &scaron;vari\u0173, dr\u0117gn\u0173 plauk\u0173, palikite 3-5 minutes, nuplaukite vandeniu. Atsargumo priemon\u0117s: patekus \u012f akis, praplauti vandeniu. Galimas padid\u0117j\u0119s individualus jautrumas atskiriems komponentams. Laikyti nuo +5 &deg;C iki +25 &deg;C temperat\u016broje.<\/p>\n","protected":false},"featured_media":89558,"template":"","meta":[],"product_cat":[1256],"product_tag":[],"class_list":{"0":"post-43279","1":"product","2":"type-product","3":"status-publish","4":"has-post-thumbnail","6":"product_brand-elfa_ua-lt","7":"product_cat-plauku-kaukes","9":"first","10":"outofstock","11":"taxable","12":"shipping-taxable","13":"product-type-simple"},"_links":{"self":[{"href":"https:\/\/e.kosmolat.eu\/lt\/wp-json\/wp\/v2\/product\/43279","targetHints":{"allow":["GET"]}}],"collection":[{"href":"https:\/\/e.kosmolat.eu\/lt\/wp-json\/wp\/v2\/product"}],"about":[{"href":"https:\/\/e.kosmolat.eu\/lt\/wp-json\/wp\/v2\/types\/product"}],"wp:featuredmedia":[{"embeddable":true,"href":"https:\/\/e.kosmolat.eu\/lt\/wp-json\/wp\/v2\/media\/89558"}],"wp:attachment":[{"href":"https:\/\/e.kosmolat.eu\/lt\/wp-json\/wp\/v2\/media?parent=43279"}],"wp:term":[{"taxonomy":"product_cat","embeddable":true,"href":"https:\/\/e.kosmolat.eu\/lt\/wp-json\/wp\/v2\/product_cat?post=43279"},{"taxonomy":"product_tag","embeddable":true,"href":"https:\/\/e.kosmolat.eu\/lt\/wp-json\/wp\/v2\/product_tag?post=43279"}],"curies":[{"name":"wp","href":"https:\/\/api.w.org\/{rel}","templated":true}]}}