{"id":43255,"date":"2024-01-31T12:37:00","date_gmt":"2024-01-31T12:37:00","guid":{"rendered":"https:\/\/e.kosmolat.eu\/product\/cl-losj-toniks-kombin-adai-rudzupuke-100-ml\/"},"modified":"2025-09-20T01:48:16","modified_gmt":"2025-09-20T01:48:16","slug":"cl-losj-toniks-kombin-adai-rudzupuke-100-ml","status":"publish","type":"product","link":"https:\/\/e.kosmolat.eu\/lt\/produktas\/cl-losj-toniks-kombin-adai-rudzupuke-100-ml\/","title":{"rendered":"\u010cISTAJA LINIJA Losjonas-tonikas mi\u0161riai odai vaistini\u0173 \u017eoleli\u0173 nuoviro pagrindu Rugiag\u0117l\u0117, 100 ml"},"content":{"rendered":"<p>Sud\u0117tyje yra 5 ekstrakt\u0173 ir aliej\u0173 Nature Plus esencija (verben\u0173 ekstraktas, bij\u016bn\u0173 ekstraktas, migdol\u0173, lin\u0173 ir alyvuogi\u0173 aliejus) ir hialuronas. Dr\u0117kinantis ir gaivinantis. Rugiag\u0117li\u0173 ekstraktas tonizuoja od\u0105 ir gerina jos elastingum\u0105.<\/p>\n<p><strong>Naudojimas: <\/strong>U\u017etepkite tonizuojant\u012f losjon\u0105 ant vatos diskelio ir nuvalykite veid\u0105 bei kakl\u0105 i&scaron;ilgai masa\u017eo linij\u0173.<\/p>\n<p>Ne vaistas. D\u0117l nat\u016brali\u0173 ingredient\u0173 kiekio gali susidaryti nedideli\u0173 nuos\u0117d\u0173. Neturi \u012ftakos gaminio kokybei ir saugai. Prie&scaron; naudojim\u0105 rekomenduojame buteliuk\u0105 pakratyti.<br \/>\n&nbsp;<\/p>\n","protected":false},"excerpt":{"rendered":"<p>Sud\u0117tyje yra 5 ekstrakt\u0173 ir aliej\u0173 Nature Plus esencija (verben\u0173 ekstraktas, bij\u016bn\u0173 ekstraktas, migdol\u0173, lin\u0173 ir alyvuogi\u0173 aliejus) ir hialuronas. Dr\u0117kinantis ir gaivinantis. Rugiag\u0117li\u0173 ekstraktas tonizuoja od\u0105 ir gerina jos elastingum\u0105. Naudojimas: U\u017etepkite tonizuojant\u012f losjon\u0105 ant vatos diskelio ir nuvalykite veid\u0105 bei kakl\u0105 i&scaron;ilgai masa\u017eo linij\u0173. Ne vaistas. D\u0117l nat\u016brali\u0173 ingredient\u0173 kiekio gali susidaryti nedideli\u0173 [&#8230;]\n","protected":false},"featured_media":89338,"template":"","meta":[],"product_cat":[1580],"product_tag":[],"class_list":{"0":"post-43255","1":"product","2":"type-product","3":"status-publish","4":"has-post-thumbnail","6":"product_brand-unilever-ua-lt","7":"product_cat-losjonai-ir-tonikai","9":"first","10":"outofstock","11":"taxable","12":"shipping-taxable","13":"product-type-simple"},"_links":{"self":[{"href":"https:\/\/e.kosmolat.eu\/lt\/wp-json\/wp\/v2\/product\/43255","targetHints":{"allow":["GET"]}}],"collection":[{"href":"https:\/\/e.kosmolat.eu\/lt\/wp-json\/wp\/v2\/product"}],"about":[{"href":"https:\/\/e.kosmolat.eu\/lt\/wp-json\/wp\/v2\/types\/product"}],"wp:featuredmedia":[{"embeddable":true,"href":"https:\/\/e.kosmolat.eu\/lt\/wp-json\/wp\/v2\/media\/89338"}],"wp:attachment":[{"href":"https:\/\/e.kosmolat.eu\/lt\/wp-json\/wp\/v2\/media?parent=43255"}],"wp:term":[{"taxonomy":"product_cat","embeddable":true,"href":"https:\/\/e.kosmolat.eu\/lt\/wp-json\/wp\/v2\/product_cat?post=43255"},{"taxonomy":"product_tag","embeddable":true,"href":"https:\/\/e.kosmolat.eu\/lt\/wp-json\/wp\/v2\/product_tag?post=43255"}],"curies":[{"name":"wp","href":"https:\/\/api.w.org\/{rel}","templated":true}]}}