{"id":43247,"date":"2024-01-31T12:36:38","date_gmt":"2024-01-31T12:36:38","guid":{"rendered":"https:\/\/e.kosmolat.eu\/product\/belkosm-beauty-expert-acu-patci-kofeins-3-g\/"},"modified":"2025-09-20T01:45:40","modified_gmt":"2025-09-20T01:45:40","slug":"belkosm-beauty-expert-acu-patci-kofeins-3-g","status":"publish","type":"product","link":"https:\/\/e.kosmolat.eu\/lt\/produktas\/belkosm-beauty-expert-acu-patci-kofeins-3-g\/","title":{"rendered":"BELKOSMEX Beauty Expert Pagalv\u0117l\u0117s  odai aplink akis Kofeinas, 2 vnt."},"content":{"rendered":"<p>Prie&scaron; nuovarg\u012f ir tamsius ratilus.<\/p>\n<p><strong>Veikliosios med\u017eiagos:<\/strong> kofeinas, vitaminas C.<\/p>\n<p><strong>Naudojimas<\/strong>: Pirmiausia nuvalykite makia\u017e\u0105 ir nuvalykite veid\u0105. Atidarykite pakuot\u0119, nuimkite ir u\u017eklijuokite pagalv\u0117les ant nuvalytos odos aplink akis. Laikykite 15-20 minu\u010di\u0173. Likus\u012f skyst\u012f &scaron;velniai \u012fmasa\u017euokite \u012f od\u0105 pir&scaron;t\u0173 galiukais. Jei norite, patepkite paaki\u0173 kremu.<\/p>\n<p><strong>Atsargumo priemon\u0117s: <\/strong>atsiradus pirmiesiems diskomforto, deginimo, dilg\u010diojimo, dirginimo po\u017eymiams naudojant kauk\u0119, nedelsiant nuimti ir nebenaudoti. Naudojant pirm\u0105 kart\u0105, rekomenduojama sutrumpinti ekspozicijos laik\u0105 ir atid\u017eiai steb\u0117ti, ar n\u0117ra dirginimo ir diskomforto po\u017eymiai. Vienkartiniam naudojimui.<\/p>\n<p>Laikyti nuo +5 &deg;C iki +25 &deg;C temperat\u016broje, saugoti nuo tiesiogini\u0173 saul\u0117s spinduli\u0173.<br \/>\n&nbsp;<\/p>\n","protected":false},"excerpt":{"rendered":"<p>Prie&scaron; nuovarg\u012f ir tamsius ratilus. Veikliosios med\u017eiagos: kofeinas, vitaminas C. Naudojimas: Pirmiausia nuvalykite makia\u017e\u0105 ir nuvalykite veid\u0105. Atidarykite pakuot\u0119, nuimkite ir u\u017eklijuokite pagalv\u0117les ant nuvalytos odos aplink akis. Laikykite 15-20 minu\u010di\u0173. Likus\u012f skyst\u012f &scaron;velniai \u012fmasa\u017euokite \u012f od\u0105 pir&scaron;t\u0173 galiukais. Jei norite, patepkite paaki\u0173 kremu. Atsargumo priemon\u0117s: atsiradus pirmiesiems diskomforto, deginimo, dilg\u010diojimo, dirginimo po\u017eymiams naudojant kauk\u0119, [&#8230;]\n","protected":false},"featured_media":89294,"template":"","meta":[],"product_cat":[1369],"product_tag":[],"class_list":{"0":"post-43247","1":"product","2":"type-product","3":"status-publish","4":"has-post-thumbnail","6":"product_brand-belkosmex_by-lt","7":"product_cat-veido-kaukes","9":"first","10":"outofstock","11":"taxable","12":"shipping-taxable","13":"product-type-simple"},"_links":{"self":[{"href":"https:\/\/e.kosmolat.eu\/lt\/wp-json\/wp\/v2\/product\/43247","targetHints":{"allow":["GET"]}}],"collection":[{"href":"https:\/\/e.kosmolat.eu\/lt\/wp-json\/wp\/v2\/product"}],"about":[{"href":"https:\/\/e.kosmolat.eu\/lt\/wp-json\/wp\/v2\/types\/product"}],"wp:featuredmedia":[{"embeddable":true,"href":"https:\/\/e.kosmolat.eu\/lt\/wp-json\/wp\/v2\/media\/89294"}],"wp:attachment":[{"href":"https:\/\/e.kosmolat.eu\/lt\/wp-json\/wp\/v2\/media?parent=43247"}],"wp:term":[{"taxonomy":"product_cat","embeddable":true,"href":"https:\/\/e.kosmolat.eu\/lt\/wp-json\/wp\/v2\/product_cat?post=43247"},{"taxonomy":"product_tag","embeddable":true,"href":"https:\/\/e.kosmolat.eu\/lt\/wp-json\/wp\/v2\/product_tag?post=43247"}],"curies":[{"name":"wp","href":"https:\/\/api.w.org\/{rel}","templated":true}]}}