{"id":43207,"date":"2024-01-31T12:34:52","date_gmt":"2024-01-31T12:34:52","guid":{"rendered":"https:\/\/e.kosmolat.eu\/product\/belkosm-beauty-expert-sejas-maska-antioksidanti-ce-23-g\/"},"modified":"2025-09-20T01:44:17","modified_gmt":"2025-09-20T01:44:17","slug":"belkosm-beauty-expert-sejas-maska-antioksidanti-ce-23-g","status":"publish","type":"product","link":"https:\/\/e.kosmolat.eu\/lt\/produktas\/belkosm-beauty-expert-sejas-maska-antioksidanti-ce-23-g\/","title":{"rendered":"BELKOSMEX Beauty Expert kauk\u0117 veidui \u0104ntioksidantai \u0421+\u0122, 23 g"},"content":{"rendered":"<p>Jauninimas, odos &scaron;vyt\u0117jimas.<\/p>\n<p><strong>Veikliosios med\u017eiagos:<\/strong> vitaminas C, vitaminas E<\/p>\n<p><strong>Naudojimas: <\/strong>Pirmiausia nuvalykite makia\u017e\u0105 ir nuvalykite veid\u0105. Atidarykite pakuot\u0119, i&scaron;imkite ir u\u017ed\u0117kite kauk\u0119 ant anks\u010diau nuvalytos veido odos, kad ji kuo tvir\u010diau priglust\u0173, atkartodama veido reljef\u0105. Nuimkite kauk\u0119 po 15-20 minu\u010di\u0173. Likus\u012f skyst\u012f &scaron;velniai \u012fmasa\u017euokite \u012f od\u0105 pir&scaron;t\u0173 galiukais. Proced\u016br\u0105 u\u017ebaikite odos tip\u0105 atitinkan\u010diu kremu.<\/p>\n<p>Atsargumo priemon\u0117s: atsiradus pirmiesiems diskomforto, deginimo, dilg\u010diojimo, dirginimo po\u017eymiams naudojant kauk\u0119, nedelsiant nuimti ir nebenaudoti.<br \/>\nNaudojant pirm\u0105 kart\u0105, rekomenduojama sutrumpinti kauk\u0117s buvimo ant veido laik\u0105 ir atid\u017eiai steb\u0117ti, ar neatsiranda dirginimo ir diskomforto po\u017eymi\u0173. Vienkartiniam naudojimui.<\/p>\n<p>Laikyti nuo +5 &deg;C iki +25 &deg;C temperat\u016broje, saugoti nuo tiesiogini\u0173 saul\u0117s spinduli\u0173.<br \/>\n&nbsp;<\/p>\n","protected":false},"excerpt":{"rendered":"<p>Jauninimas, odos &scaron;vyt\u0117jimas. Veikliosios med\u017eiagos: vitaminas C, vitaminas E Naudojimas: Pirmiausia nuvalykite makia\u017e\u0105 ir nuvalykite veid\u0105. Atidarykite pakuot\u0119, i&scaron;imkite ir u\u017ed\u0117kite kauk\u0119 ant anks\u010diau nuvalytos veido odos, kad ji kuo tvir\u010diau priglust\u0173, atkartodama veido reljef\u0105. Nuimkite kauk\u0119 po 15-20 minu\u010di\u0173. Likus\u012f skyst\u012f &scaron;velniai \u012fmasa\u017euokite \u012f od\u0105 pir&scaron;t\u0173 galiukais. Proced\u016br\u0105 u\u017ebaikite odos tip\u0105 atitinkan\u010diu kremu. Atsargumo [&#8230;]\n","protected":false},"featured_media":89274,"template":"","meta":[],"product_cat":[1369],"product_tag":[],"class_list":{"0":"post-43207","1":"product","2":"type-product","3":"status-publish","4":"has-post-thumbnail","6":"product_brand-belkosmex_by-lt","7":"product_cat-veido-kaukes","9":"first","10":"outofstock","11":"taxable","12":"shipping-taxable","13":"product-type-simple"},"_links":{"self":[{"href":"https:\/\/e.kosmolat.eu\/lt\/wp-json\/wp\/v2\/product\/43207","targetHints":{"allow":["GET"]}}],"collection":[{"href":"https:\/\/e.kosmolat.eu\/lt\/wp-json\/wp\/v2\/product"}],"about":[{"href":"https:\/\/e.kosmolat.eu\/lt\/wp-json\/wp\/v2\/types\/product"}],"wp:featuredmedia":[{"embeddable":true,"href":"https:\/\/e.kosmolat.eu\/lt\/wp-json\/wp\/v2\/media\/89274"}],"wp:attachment":[{"href":"https:\/\/e.kosmolat.eu\/lt\/wp-json\/wp\/v2\/media?parent=43207"}],"wp:term":[{"taxonomy":"product_cat","embeddable":true,"href":"https:\/\/e.kosmolat.eu\/lt\/wp-json\/wp\/v2\/product_cat?post=43207"},{"taxonomy":"product_tag","embeddable":true,"href":"https:\/\/e.kosmolat.eu\/lt\/wp-json\/wp\/v2\/product_tag?post=43207"}],"curies":[{"name":"wp","href":"https:\/\/api.w.org\/{rel}","templated":true}]}}