{"id":43195,"date":"2024-01-31T12:34:12","date_gmt":"2024-01-31T12:34:12","guid":{"rendered":"https:\/\/e.kosmolat.eu\/product\/multi-masking-nakts-maska-pilings-60-g\/"},"modified":"2025-09-20T01:40:38","modified_gmt":"2025-09-20T01:40:38","slug":"multi-masking-nakts-maska-pilings-60-g","status":"publish","type":"product","link":"https:\/\/e.kosmolat.eu\/lt\/produktas\/multi-masking-nakts-maska-pilings-60-g\/","title":{"rendered":"BELKOSMEX Multi-masking Kauk\u0117-pilingas naktin\u0117, 60 g"},"content":{"rendered":"<p>Kauk\u0117s veikimu siekiama kovoti su pavargusia, bly&scaron;kia oda. Pastebimas atk\u016brimas, &scaron;vei\u010diant negyvas l\u0105steles ir i&scaron;lyginant rauk&scaron;les. AHA r\u016bg&scaron;tys skatina odos atsinaujinim\u0105, suvienodina ton\u0105 ir tekst\u016br\u0105. Taukmed\u017ei\u0173 sviestas ir ananas\u0173 ekstraktai su Azijos centel\u0117mis sustiprina dr\u0117kinam\u0105sias ir regeneruojan\u010dias kauk\u0117s savybes.<\/p>\n<p><strong>Naudojimas: <\/strong>tepkite ant nuvalytos odos kaip naktin\u012f krem\u0105. Ryte tepkite krem\u0105 nuo saul\u0117s. Rekomenduojama naudoti 1-2 kartus per savait\u0119.<\/p>\n<p>Laikyti nuo +5 &deg;C iki +25 &deg;C temperat\u016broje.<br \/>\n&nbsp;<\/p>\n","protected":false},"excerpt":{"rendered":"<p>Kauk\u0117s veikimu siekiama kovoti su pavargusia, bly&scaron;kia oda. Pastebimas atk\u016brimas, &scaron;vei\u010diant negyvas l\u0105steles ir i&scaron;lyginant rauk&scaron;les. AHA r\u016bg&scaron;tys skatina odos atsinaujinim\u0105, suvienodina ton\u0105 ir tekst\u016br\u0105. Taukmed\u017ei\u0173 sviestas ir ananas\u0173 ekstraktai su Azijos centel\u0117mis sustiprina dr\u0117kinam\u0105sias ir regeneruojan\u010dias kauk\u0117s savybes. Naudojimas: tepkite ant nuvalytos odos kaip naktin\u012f krem\u0105. Ryte tepkite krem\u0105 nuo saul\u0117s. Rekomenduojama naudoti 1-2 [&#8230;]\n","protected":false},"featured_media":89218,"template":"","meta":[],"product_cat":[1369],"product_tag":[],"class_list":{"0":"post-43195","1":"product","2":"type-product","3":"status-publish","4":"has-post-thumbnail","6":"product_brand-belkosmex_by-lt","7":"product_cat-veido-kaukes","9":"first","10":"outofstock","11":"taxable","12":"shipping-taxable","13":"product-type-simple"},"_links":{"self":[{"href":"https:\/\/e.kosmolat.eu\/lt\/wp-json\/wp\/v2\/product\/43195","targetHints":{"allow":["GET"]}}],"collection":[{"href":"https:\/\/e.kosmolat.eu\/lt\/wp-json\/wp\/v2\/product"}],"about":[{"href":"https:\/\/e.kosmolat.eu\/lt\/wp-json\/wp\/v2\/types\/product"}],"wp:featuredmedia":[{"embeddable":true,"href":"https:\/\/e.kosmolat.eu\/lt\/wp-json\/wp\/v2\/media\/89218"}],"wp:attachment":[{"href":"https:\/\/e.kosmolat.eu\/lt\/wp-json\/wp\/v2\/media?parent=43195"}],"wp:term":[{"taxonomy":"product_cat","embeddable":true,"href":"https:\/\/e.kosmolat.eu\/lt\/wp-json\/wp\/v2\/product_cat?post=43195"},{"taxonomy":"product_tag","embeddable":true,"href":"https:\/\/e.kosmolat.eu\/lt\/wp-json\/wp\/v2\/product_tag?post=43195"}],"curies":[{"name":"wp","href":"https:\/\/api.w.org\/{rel}","templated":true}]}}