{"id":43127,"date":"2024-01-31T12:29:09","date_gmt":"2024-01-31T12:29:09","guid":{"rendered":"https:\/\/e.kosmolat.eu\/product\/herbarica-sejas-un-plakstinu-krems-65-super-barosana-40-g\/"},"modified":"2025-09-19T21:43:48","modified_gmt":"2025-09-19T21:43:48","slug":"herbarica-sejas-un-plakstinu-krems-65-super-barosana-40-g","status":"publish","type":"product","link":"https:\/\/e.kosmolat.eu\/lt\/produktas\/herbarica-sejas-un-plakstinu-krems-65-super-barosana-40-g\/","title":{"rendered":"HERBARICA Veido ir vok\u0173 kremas  65+ Super maitinimas, 40 g"},"content":{"rendered":"<p>Daugiafunkcinis odos prie\u017ei\u016bros produktas.<br \/>\nKokos\u0173 ir taukmed\u017ei\u0173 aliejai intensyviai maitina saus\u0105 od\u0105, j\u0105 dr\u0117kina ir pa\u0161alina \u0161erpetojim\u0105.<br \/>\n\u017den\u0161eni\u0173 ir propolio ekstraktai skatina gijim\u0105 ir audini\u0173 regeneracij\u0105, e\u017eiuol\u0117s ekstraktas turi prie\u0161u\u017edegimin\u012f poveik\u012f.<br \/>\nKomplekse esantys betainas ir glicerinas yra dr\u0117kinamieji preparatai, suteikiantys odai gaivos ir elastingumo.<br \/>\nNaudojimas: ryte ir (arba) vakare tepkite nuvalyt\u0105 veid\u0105 ir kakl\u0105.<\/p>\n","protected":false},"excerpt":{"rendered":"<p>Daugiafunkcinis odos prie\u017ei\u016bros produktas. Kokos\u0173 ir taukmed\u017ei\u0173 aliejai intensyviai maitina saus\u0105 od\u0105, j\u0105 dr\u0117kina ir pa\u0161alina \u0161erpetojim\u0105. \u017den\u0161eni\u0173 ir propolio ekstraktai skatina gijim\u0105 ir audini\u0173 regeneracij\u0105, e\u017eiuol\u0117s ekstraktas turi prie\u0161u\u017edegimin\u012f poveik\u012f. Komplekse esantys betainas ir glicerinas yra dr\u0117kinamieji preparatai, suteikiantys odai gaivos ir elastingumo. Naudojimas: ryte ir (arba) vakare tepkite nuvalyt\u0105 veid\u0105 ir kakl\u0105.<\/p>\n","protected":false},"featured_media":85322,"template":"","meta":[],"product_cat":[1322],"product_tag":[],"class_list":{"0":"post-43127","1":"product","2":"type-product","3":"status-publish","4":"has-post-thumbnail","6":"product_brand-belkosmex_by-lt","7":"product_cat-veido-kremai","9":"first","10":"outofstock","11":"taxable","12":"shipping-taxable","13":"product-type-simple"},"_links":{"self":[{"href":"https:\/\/e.kosmolat.eu\/lt\/wp-json\/wp\/v2\/product\/43127","targetHints":{"allow":["GET"]}}],"collection":[{"href":"https:\/\/e.kosmolat.eu\/lt\/wp-json\/wp\/v2\/product"}],"about":[{"href":"https:\/\/e.kosmolat.eu\/lt\/wp-json\/wp\/v2\/types\/product"}],"wp:featuredmedia":[{"embeddable":true,"href":"https:\/\/e.kosmolat.eu\/lt\/wp-json\/wp\/v2\/media\/85322"}],"wp:attachment":[{"href":"https:\/\/e.kosmolat.eu\/lt\/wp-json\/wp\/v2\/media?parent=43127"}],"wp:term":[{"taxonomy":"product_cat","embeddable":true,"href":"https:\/\/e.kosmolat.eu\/lt\/wp-json\/wp\/v2\/product_cat?post=43127"},{"taxonomy":"product_tag","embeddable":true,"href":"https:\/\/e.kosmolat.eu\/lt\/wp-json\/wp\/v2\/product_tag?post=43127"}],"curies":[{"name":"wp","href":"https:\/\/api.w.org\/{rel}","templated":true}]}}