{"id":42979,"date":"2024-01-31T12:21:12","date_gmt":"2024-01-31T12:21:12","guid":{"rendered":"https:\/\/e.kosmolat.eu\/product\/bioworld-sl-sejas-insta-maska-saudziga-attirisana-75-ml\/"},"modified":"2025-09-19T21:16:52","modified_gmt":"2025-09-19T21:16:52","slug":"bioworld-sl-sejas-insta-maska-saudziga-attirisana-75-ml","status":"publish","type":"product","link":"https:\/\/e.kosmolat.eu\/lt\/produktas\/bioworld-sl-sejas-insta-maska-saudziga-attirisana-75-ml\/","title":{"rendered":"BIO WORLD Secret Life Insta-kauk\u0117 veidui Tausojantis valymas, 75 ml"},"content":{"rendered":"<p>Valanti veido kauk\u0117, kuri padeda kovoti su ne&scaron;varumais ir ink&scaron;tirais, ramina od\u0105 ir sausina spuogus.&nbsp;<\/p>\n<p><strong>KAOLINAS<\/strong> skatina kolageno susidarym\u0105, kuris suteikia odai elastingumo. Tai padaro veido spalv\u0105 tolygesn\u0119 ir padeda atsikratyti paraudimo.&nbsp;<br \/>\n<strong>TRIKENOL PLUS<\/strong> yra sinergetinis terpinen-4-olio ir gluosnio ekstrakto mi&scaron;inys, veikiantis prie&scaron; spuogus, turintis prie&scaron;u\u017edegimin\u012f ir antimikrobin\u012f poveik\u012f.&nbsp;<\/p>\n<p><strong>Naudojimas:<\/strong> nedidel\u012f kiek\u012f kauk\u0117s u\u017etepkite ant anks\u010diau nuvalytos odos, palikite 5-15 minu\u010di\u0173, tada nuplaukite vandeniu.<\/p>\n<p>Laikyti nuo +5 &deg;C iki +25 &deg;C temperat\u016broje.<br \/>\n&nbsp;<\/p>\n","protected":false},"excerpt":{"rendered":"<p>Valanti veido kauk\u0117, kuri padeda kovoti su ne&scaron;varumais ir ink&scaron;tirais, ramina od\u0105 ir sausina spuogus.&nbsp; KAOLINAS skatina kolageno susidarym\u0105, kuris suteikia odai elastingumo. Tai padaro veido spalv\u0105 tolygesn\u0119 ir padeda atsikratyti paraudimo.&nbsp; TRIKENOL PLUS yra sinergetinis terpinen-4-olio ir gluosnio ekstrakto mi&scaron;inys, veikiantis prie&scaron; spuogus, turintis prie&scaron;u\u017edegimin\u012f ir antimikrobin\u012f poveik\u012f.&nbsp; Naudojimas: nedidel\u012f kiek\u012f kauk\u0117s u\u017etepkite ant [&#8230;]\n","protected":false},"featured_media":84862,"template":"","meta":[],"product_cat":[1369],"product_tag":[],"class_list":{"0":"post-42979","1":"product","2":"type-product","3":"status-publish","4":"has-post-thumbnail","6":"product_brand-matbea_sivis_by-lt","7":"product_cat-veido-kaukes","9":"first","10":"outofstock","11":"taxable","12":"shipping-taxable","13":"product-type-simple"},"_links":{"self":[{"href":"https:\/\/e.kosmolat.eu\/lt\/wp-json\/wp\/v2\/product\/42979","targetHints":{"allow":["GET"]}}],"collection":[{"href":"https:\/\/e.kosmolat.eu\/lt\/wp-json\/wp\/v2\/product"}],"about":[{"href":"https:\/\/e.kosmolat.eu\/lt\/wp-json\/wp\/v2\/types\/product"}],"wp:featuredmedia":[{"embeddable":true,"href":"https:\/\/e.kosmolat.eu\/lt\/wp-json\/wp\/v2\/media\/84862"}],"wp:attachment":[{"href":"https:\/\/e.kosmolat.eu\/lt\/wp-json\/wp\/v2\/media?parent=42979"}],"wp:term":[{"taxonomy":"product_cat","embeddable":true,"href":"https:\/\/e.kosmolat.eu\/lt\/wp-json\/wp\/v2\/product_cat?post=42979"},{"taxonomy":"product_tag","embeddable":true,"href":"https:\/\/e.kosmolat.eu\/lt\/wp-json\/wp\/v2\/product_tag?post=42979"}],"curies":[{"name":"wp","href":"https:\/\/api.w.org\/{rel}","templated":true}]}}