{"id":42943,"date":"2024-01-31T12:19:31","date_gmt":"2024-01-31T12:19:31","guid":{"rendered":"https:\/\/e.kosmolat.eu\/product\/fitoterapija-balzams-ar-sarkano-piparu-ekstraktu-500-ml\/"},"modified":"2025-09-19T23:06:34","modified_gmt":"2025-09-19T23:06:34","slug":"fitoterapija-balzams-ar-sarkano-piparu-ekstraktu-500-ml","status":"publish","type":"product","link":"https:\/\/e.kosmolat.eu\/lt\/produktas\/fitoterapija-balzams-ar-sarkano-piparu-ekstraktu-500-ml\/","title":{"rendered":"IRIS COSMETIC FITOTERAPIJA Balzamas su raudon\u0173j\u0173 pipir\u0173 ekstraktu vis\u0173 tip\u0173 plaukams, 500 ml"},"content":{"rendered":"<p>Nat\u016brali\u0173 raudon\u0173j\u0173 pipir\u0173, varnal\u0117\u0161\u0173 ir \u0161altalanki\u0173 ekstrakt\u0173 kompleksas aktyviai atkuria plauk\u0173 strukt\u016br\u0105 per vis\u0105 ilg\u012f, maitina ir stiprina plauk\u0173 \u0161aknis, padeda i\u0161vengti plauk\u0173 slinkimo, gerina galvos odos kraujotak\u0105, skatina nauj\u0173 plauk\u0173 folikul\u0173 atsiradim\u0105.<br \/>\nNaudojimas: nedidel\u012f kiek\u012f balzamo tepkite ant \u0161vari\u0173, dr\u0117gn\u0173 plauk\u0173, tolygiai paskirstykite per vis\u0105 plauk\u0173 ilg\u012f. Gerai nuplaukite \u0161iltu vandeniu.<br \/>\n&nbsp;<\/p>\n","protected":false},"excerpt":{"rendered":"<p>Nat\u016brali\u0173 raudon\u0173j\u0173 pipir\u0173, varnal\u0117\u0161\u0173 ir \u0161altalanki\u0173 ekstrakt\u0173 kompleksas aktyviai atkuria plauk\u0173 strukt\u016br\u0105 per vis\u0105 ilg\u012f, maitina ir stiprina plauk\u0173 \u0161aknis, padeda i\u0161vengti plauk\u0173 slinkimo, gerina galvos odos kraujotak\u0105, skatina nauj\u0173 plauk\u0173 folikul\u0173 atsiradim\u0105. Naudojimas: nedidel\u012f kiek\u012f balzamo tepkite ant \u0161vari\u0173, dr\u0117gn\u0173 plauk\u0173, tolygiai paskirstykite per vis\u0105 plauk\u0173 ilg\u012f. Gerai nuplaukite \u0161iltu vandeniu. &nbsp;<\/p>\n","protected":false},"featured_media":86794,"template":"","meta":[],"product_cat":[1640],"product_tag":[],"class_list":{"0":"post-42943","1":"product","2":"type-product","3":"status-publish","4":"has-post-thumbnail","6":"product_brand-iris-belorek_by-lt","7":"product_cat-balzamai","9":"first","10":"outofstock","11":"taxable","12":"shipping-taxable","13":"product-type-simple"},"_links":{"self":[{"href":"https:\/\/e.kosmolat.eu\/lt\/wp-json\/wp\/v2\/product\/42943","targetHints":{"allow":["GET"]}}],"collection":[{"href":"https:\/\/e.kosmolat.eu\/lt\/wp-json\/wp\/v2\/product"}],"about":[{"href":"https:\/\/e.kosmolat.eu\/lt\/wp-json\/wp\/v2\/types\/product"}],"wp:featuredmedia":[{"embeddable":true,"href":"https:\/\/e.kosmolat.eu\/lt\/wp-json\/wp\/v2\/media\/86794"}],"wp:attachment":[{"href":"https:\/\/e.kosmolat.eu\/lt\/wp-json\/wp\/v2\/media?parent=42943"}],"wp:term":[{"taxonomy":"product_cat","embeddable":true,"href":"https:\/\/e.kosmolat.eu\/lt\/wp-json\/wp\/v2\/product_cat?post=42943"},{"taxonomy":"product_tag","embeddable":true,"href":"https:\/\/e.kosmolat.eu\/lt\/wp-json\/wp\/v2\/product_tag?post=42943"}],"curies":[{"name":"wp","href":"https:\/\/api.w.org\/{rel}","templated":true}]}}