{"id":42855,"date":"2024-01-31T12:15:00","date_gmt":"2024-01-31T12:15:00","guid":{"rendered":"https:\/\/e.kosmolat.eu\/product\/oblepiha-organica-nakts-krems-komforts-dzila-barosana-atjaunosana-50-g\/"},"modified":"2025-09-19T22:33:40","modified_gmt":"2025-09-19T22:33:40","slug":"oblepiha-organica-nakts-krems-komforts-dzila-barosana-atjaunosana-50-g","status":"publish","type":"product","link":"https:\/\/e.kosmolat.eu\/lt\/produktas\/oblepiha-organica-nakts-krems-komforts-dzila-barosana-atjaunosana-50-g\/","title":{"rendered":"BELKOSMEX Oblepiha Organica Naktinis veido kremas Gilus maitinimas ir naujinimas 50 g"},"content":{"rendered":"<p>Aktyv\u016bs kremo komponentai kruop\u0161\u010diai pri\u017ei\u016bri od\u0105 naktinio poilsio metu, suteikia jai pails\u0117jusi\u0105, i\u0161puosel\u0117t\u0105 i\u0161vaizd\u0105.<br \/>\nEkologi\u0161kame \u0161altalanki\u0173 aliejuje i\u0161skirtinai gausu biologi\u0161kai aktyvi\u0173 med\u017eiag\u0173 (vitamin\u0173, mikroelement\u0173, riebal\u0173 r\u016bg\u0161\u010di\u0173). Jis giliai maitina od\u0105, kovoja su &nbsp;i\u0161saus\u0117jimu ir pleiskanojimu, atkuria jos \u0161velnum\u0105 ir glotnum\u0105, suteikia sveiko spindesio.<br \/>\nNat\u016bralus kokos\u0173 aliejus stabdo odos sen\u0117jimo procesus, gerina jos i\u0161vaizd\u0105.<br \/>\nTaukmed\u017eio sviestas efektyviai stimuliuoja kolageno sintez\u0119 ir taip l\u0117tina odos sen\u0117jim\u0105, tod\u0117l ji tampa \u0161ilkin\u0117 ir lygi.<\/p>\n<p><strong>Naudojimas: <\/strong><\/p>\n<p>Tepkite ant \u0161varios odos i\u0161ilgai masa\u017eo linij\u0173 30 minu\u010di\u0173 prie\u0161 mieg\u0105.<\/p>\n","protected":false},"excerpt":{"rendered":"<p>Aktyv\u016bs kremo komponentai kruop\u0161\u010diai pri\u017ei\u016bri od\u0105 naktinio poilsio metu, suteikia jai pails\u0117jusi\u0105, i\u0161puosel\u0117t\u0105 i\u0161vaizd\u0105. Ekologi\u0161kame \u0161altalanki\u0173 aliejuje i\u0161skirtinai gausu biologi\u0161kai aktyvi\u0173 med\u017eiag\u0173 (vitamin\u0173, mikroelement\u0173, riebal\u0173 r\u016bg\u0161\u010di\u0173). Jis giliai maitina od\u0105, kovoja su &nbsp;i\u0161saus\u0117jimu ir pleiskanojimu, atkuria jos \u0161velnum\u0105 ir glotnum\u0105, suteikia sveiko spindesio. Nat\u016bralus kokos\u0173 aliejus stabdo odos sen\u0117jimo procesus, gerina jos i\u0161vaizd\u0105. Taukmed\u017eio sviestas [&#8230;]\n","protected":false},"featured_media":86234,"template":"","meta":[],"product_cat":[1322],"product_tag":[],"class_list":{"0":"post-42855","1":"product","2":"type-product","3":"status-publish","4":"has-post-thumbnail","6":"product_brand-belkosmex_by-lt","7":"product_cat-veido-kremai","9":"first","10":"outofstock","11":"taxable","12":"shipping-taxable","13":"product-type-simple"},"_links":{"self":[{"href":"https:\/\/e.kosmolat.eu\/lt\/wp-json\/wp\/v2\/product\/42855","targetHints":{"allow":["GET"]}}],"collection":[{"href":"https:\/\/e.kosmolat.eu\/lt\/wp-json\/wp\/v2\/product"}],"about":[{"href":"https:\/\/e.kosmolat.eu\/lt\/wp-json\/wp\/v2\/types\/product"}],"wp:featuredmedia":[{"embeddable":true,"href":"https:\/\/e.kosmolat.eu\/lt\/wp-json\/wp\/v2\/media\/86234"}],"wp:attachment":[{"href":"https:\/\/e.kosmolat.eu\/lt\/wp-json\/wp\/v2\/media?parent=42855"}],"wp:term":[{"taxonomy":"product_cat","embeddable":true,"href":"https:\/\/e.kosmolat.eu\/lt\/wp-json\/wp\/v2\/product_cat?post=42855"},{"taxonomy":"product_tag","embeddable":true,"href":"https:\/\/e.kosmolat.eu\/lt\/wp-json\/wp\/v2\/product_tag?post=42855"}],"curies":[{"name":"wp","href":"https:\/\/api.w.org\/{rel}","templated":true}]}}