{"id":42851,"date":"2024-01-31T12:14:47","date_gmt":"2024-01-31T12:14:47","guid":{"rendered":"https:\/\/e.kosmolat.eu\/product\/oblepiha-organica-serums-pret-matu-izkrisanu-145-ml\/"},"modified":"2025-09-19T22:32:36","modified_gmt":"2025-09-19T22:32:36","slug":"oblepiha-organica-serums-pret-matu-izkrisanu-145-ml","status":"publish","type":"product","link":"https:\/\/e.kosmolat.eu\/lt\/produktas\/oblepiha-organica-serums-pret-matu-izkrisanu-145-ml\/","title":{"rendered":"BELKOSMEX Oblepiha Organica Serumas nuo plauk\u0173 slinkimo, 145 ml"},"content":{"rendered":"<p>&Scaron;altalanki\u0173 ekstraktas veiksmingai kovoja su i&scaron;saus\u0117jusiais ir l\u016b\u017ein\u0117jan\u010diais plaukais, \u017evilgesio praradimu ir skilin\u0117jan\u010diais galiukais.<br \/>\nArgininas &ndash; vienas i&scaron; plauk\u0173 keratino komponent\u0173 &ndash; skatina med\u017eiag\u0173 apykaitos procesus galvos odoje, stiprina &scaron;aknis, apsaugo nuo plauk\u0173 slinkimo, daro plaukus &scaron;ilkinius ir gerai pri\u017ei\u016brimus.<br \/>\nVitamin\u0173 A, E, F kompleksas pagreitina galvos odos l\u0105steli\u0173 atsinaujinimo proces\u0105, suteikia apsaug\u0105 nuo laisv\u0173j\u0173 radikal\u0173 ir apsaugo nuo plauk\u0173 slinkimo.<\/p>\n<p>Sud\u0117tyje yra vitamino A. Prie&scaron; naudojant atsi\u017evelgti \u012f paros doze.<\/p>\n<p><strong>Naudojimas: <\/strong>tepkite serum\u0105 per vis\u0105 galvos od\u0105, &scaron;velniai masa\u017euokite. Galima tepti tiek ant sausos, tiek ant dr\u0117gnos odos.<br \/>\nNereikalauja skalavimo.<\/p>\n","protected":false},"excerpt":{"rendered":"<p>&Scaron;altalanki\u0173 ekstraktas veiksmingai kovoja su i&scaron;saus\u0117jusiais ir l\u016b\u017ein\u0117jan\u010diais plaukais, \u017evilgesio praradimu ir skilin\u0117jan\u010diais galiukais. Argininas &ndash; vienas i&scaron; plauk\u0173 keratino komponent\u0173 &ndash; skatina med\u017eiag\u0173 apykaitos procesus galvos odoje, stiprina &scaron;aknis, apsaugo nuo plauk\u0173 slinkimo, daro plaukus &scaron;ilkinius ir gerai pri\u017ei\u016brimus. Vitamin\u0173 A, E, F kompleksas pagreitina galvos odos l\u0105steli\u0173 atsinaujinimo proces\u0105, suteikia apsaug\u0105 nuo laisv\u0173j\u0173 [&#8230;]\n","protected":false},"featured_media":86218,"template":"","meta":[],"product_cat":[1345],"product_tag":[],"class_list":{"0":"post-42851","1":"product","2":"type-product","3":"status-publish","4":"has-post-thumbnail","6":"product_brand-belkosmex_by-lt","7":"product_cat-kitos-plauku-prieziuros-priemones","9":"first","10":"outofstock","11":"taxable","12":"shipping-taxable","13":"product-type-simple"},"_links":{"self":[{"href":"https:\/\/e.kosmolat.eu\/lt\/wp-json\/wp\/v2\/product\/42851","targetHints":{"allow":["GET"]}}],"collection":[{"href":"https:\/\/e.kosmolat.eu\/lt\/wp-json\/wp\/v2\/product"}],"about":[{"href":"https:\/\/e.kosmolat.eu\/lt\/wp-json\/wp\/v2\/types\/product"}],"wp:featuredmedia":[{"embeddable":true,"href":"https:\/\/e.kosmolat.eu\/lt\/wp-json\/wp\/v2\/media\/86218"}],"wp:attachment":[{"href":"https:\/\/e.kosmolat.eu\/lt\/wp-json\/wp\/v2\/media?parent=42851"}],"wp:term":[{"taxonomy":"product_cat","embeddable":true,"href":"https:\/\/e.kosmolat.eu\/lt\/wp-json\/wp\/v2\/product_cat?post=42851"},{"taxonomy":"product_tag","embeddable":true,"href":"https:\/\/e.kosmolat.eu\/lt\/wp-json\/wp\/v2\/product_tag?post=42851"}],"curies":[{"name":"wp","href":"https:\/\/api.w.org\/{rel}","templated":true}]}}