{"id":42823,"date":"2024-01-31T12:12:20","date_gmt":"2024-01-31T12:12:20","guid":{"rendered":"https:\/\/e.kosmolat.eu\/product\/fj-vannas-putas-banana-mango-mousse-1-l\/"},"modified":"2026-04-22T09:42:44","modified_gmt":"2026-04-22T09:42:44","slug":"fj-vannas-putas-banana-mango-mousse-1-l","status":"publish","type":"product","link":"https:\/\/e.kosmolat.eu\/lt\/produktas\/fj-vannas-putas-banana-mango-mousse-1-l\/","title":{"rendered":"FRESH JUICE Vonios putos Banana &#038; Mango Mousse, 1 l"},"content":{"rendered":"<p>Prinok\u0119 bananai &nbsp;ir mangai + pieno baltymai.&nbsp;Voni\u0105 u\u017epildantys banan\u0173 ir mang\u0173 aromatai put\u0173 debesyje nukels \u012f ne\u017einomas atogr\u0105\u017e\u0173 salos gro\u017eybes, leis prisiliesti prie svajon\u0117s, m\u0117gautis jaudinan\u010dia egzotika, kuri\u0105 dosniai dovanoja banan\u0173-avie\u010di\u0173 put\u0117siai. Pieno baltymai, praturtinti putomis, maitina od\u0105 ir prisideda prie jos dr\u0117kinimo. Dermatologi&scaron;kai patikrintas.<\/p>\n<p><strong>Naudojimas:<\/strong> 50-100 ml put\u0173 po tekan\u010diu vandeniu. Vonia rekomenduojama naudoti 15-20 min. Nuplaukite vandeniu.<\/p>\n<p><strong>Atsargumo priemon\u0117s:<\/strong> gali padid\u0117ti individualus jautrumas atskiriems komponentams.&nbsp;<\/p>\n<p><strong>Laikymo s\u0105lygos:<\/strong> nuo +5 &deg;\u0421 iki +25 &deg;\u0421.<br \/>\n&nbsp;<\/p>\n","protected":false},"excerpt":{"rendered":"<p>Prinok\u0119 bananai &nbsp;ir mangai + pieno baltymai.&nbsp;Voni\u0105 u\u017epildantys banan\u0173 ir mang\u0173 aromatai put\u0173 debesyje nukels \u012f ne\u017einomas atogr\u0105\u017e\u0173 salos gro\u017eybes, leis prisiliesti prie svajon\u0117s, m\u0117gautis jaudinan\u010dia egzotika, kuri\u0105 dosniai dovanoja banan\u0173-avie\u010di\u0173 put\u0117siai. Pieno baltymai, praturtinti putomis, maitina od\u0105 ir prisideda prie jos dr\u0117kinimo. Dermatologi&scaron;kai patikrintas. Naudojimas: 50-100 ml put\u0173 po tekan\u010diu vandeniu. Vonia rekomenduojama naudoti [&#8230;]\n","protected":false},"featured_media":100036,"template":"","meta":[],"product_cat":[2181],"product_tag":[],"class_list":{"0":"post-42823","1":"product","2":"type-product","3":"status-publish","4":"has-post-thumbnail","6":"product_brand-elfa_ua-lt","7":"product_cat-bez-kategorijas-lt","9":"first","10":"instock","11":"taxable","12":"shipping-taxable","13":"product-type-simple"},"_links":{"self":[{"href":"https:\/\/e.kosmolat.eu\/lt\/wp-json\/wp\/v2\/product\/42823","targetHints":{"allow":["GET"]}}],"collection":[{"href":"https:\/\/e.kosmolat.eu\/lt\/wp-json\/wp\/v2\/product"}],"about":[{"href":"https:\/\/e.kosmolat.eu\/lt\/wp-json\/wp\/v2\/types\/product"}],"wp:featuredmedia":[{"embeddable":true,"href":"https:\/\/e.kosmolat.eu\/lt\/wp-json\/wp\/v2\/media\/100036"}],"wp:attachment":[{"href":"https:\/\/e.kosmolat.eu\/lt\/wp-json\/wp\/v2\/media?parent=42823"}],"wp:term":[{"taxonomy":"product_cat","embeddable":true,"href":"https:\/\/e.kosmolat.eu\/lt\/wp-json\/wp\/v2\/product_cat?post=42823"},{"taxonomy":"product_tag","embeddable":true,"href":"https:\/\/e.kosmolat.eu\/lt\/wp-json\/wp\/v2\/product_tag?post=42823"}],"curies":[{"name":"wp","href":"https:\/\/api.w.org\/{rel}","templated":true}]}}