{"id":42807,"date":"2024-01-31T12:11:23","date_gmt":"2024-01-31T12:11:23","guid":{"rendered":"https:\/\/e.kosmolat.eu\/product\/effect-troinoi-odekolons-180-ml\/"},"modified":"2026-04-09T15:22:55","modified_gmt":"2026-04-09T15:22:55","slug":"effect-troinoi-odekolons-180-ml","status":"publish","type":"product","link":"https:\/\/e.kosmolat.eu\/lt\/produktas\/effect-troinoi-odekolons-180-ml\/","title":{"rendered":"EFFECT Troinoj Odekolonas \u017ealias, 180 ml"},"content":{"rendered":"<p>Pagal imperatoriaus Napoleono recept\u0105.<br \/>\nAtsargumo priemon\u0117s: Vengti patekimo \u012f akis. Nenaudoti \u0161alia ugnies.<\/p>\n<p>Etilo alkoholio t\u016brin\u0117 dalis yra 61,5 t\u016brio proc. &plusmn; 1.<br \/>\nLaikymo temperat\u016bra nuo +5&deg;\u0421 iki +25&deg;\u0421.<br \/>\nPagaminimo data \/ Partijos numeris \/ Geriausias iki: ant pakuot\u0117s.<br \/>\n&nbsp;<\/p>\n","protected":false},"excerpt":{"rendered":"<p>Pagal imperatoriaus Napoleono recept\u0105. Atsargumo priemon\u0117s: Vengti patekimo \u012f akis. Nenaudoti \u0161alia ugnies. Etilo alkoholio t\u016brin\u0117 dalis yra 61,5 t\u016brio proc. &plusmn; 1. Laikymo temperat\u016bra nuo +5&deg;\u0421 iki +25&deg;\u0421. Pagaminimo data \/ Partijos numeris \/ Geriausias iki: ant pakuot\u0117s. &nbsp;<\/p>\n","protected":false},"featured_media":86014,"template":"","meta":[],"product_cat":[2181],"product_tag":[],"class_list":{"0":"post-42807","1":"product","2":"type-product","3":"status-publish","4":"has-post-thumbnail","6":"product_brand-effekt_ua-lt","7":"product_cat-bez-kategorijas-lt","9":"first","10":"instock","11":"taxable","12":"shipping-taxable","13":"product-type-simple"},"_links":{"self":[{"href":"https:\/\/e.kosmolat.eu\/lt\/wp-json\/wp\/v2\/product\/42807","targetHints":{"allow":["GET"]}}],"collection":[{"href":"https:\/\/e.kosmolat.eu\/lt\/wp-json\/wp\/v2\/product"}],"about":[{"href":"https:\/\/e.kosmolat.eu\/lt\/wp-json\/wp\/v2\/types\/product"}],"wp:featuredmedia":[{"embeddable":true,"href":"https:\/\/e.kosmolat.eu\/lt\/wp-json\/wp\/v2\/media\/86014"}],"wp:attachment":[{"href":"https:\/\/e.kosmolat.eu\/lt\/wp-json\/wp\/v2\/media?parent=42807"}],"wp:term":[{"taxonomy":"product_cat","embeddable":true,"href":"https:\/\/e.kosmolat.eu\/lt\/wp-json\/wp\/v2\/product_cat?post=42807"},{"taxonomy":"product_tag","embeddable":true,"href":"https:\/\/e.kosmolat.eu\/lt\/wp-json\/wp\/v2\/product_tag?post=42807"}],"curies":[{"name":"wp","href":"https:\/\/api.w.org\/{rel}","templated":true}]}}