{"id":42791,"date":"2024-01-31T12:10:48","date_gmt":"2024-01-31T12:10:48","guid":{"rendered":"https:\/\/e.kosmolat.eu\/product\/auduma-acu-patci-hyaluronic-acidx3\/"},"modified":"2026-04-07T05:39:39","modified_gmt":"2026-04-07T05:39:39","slug":"auduma-acu-patci-hyaluronic-acidx3","status":"publish","type":"product","link":"https:\/\/e.kosmolat.eu\/lt\/produktas\/auduma-acu-patci-hyaluronic-acidx3\/","title":{"rendered":"SKINLITE Med\u017eiagin\u0117s aki\u0173 pagalv\u0117l\u0117s Hyaluronic acidx3, 10 vnt"},"content":{"rendered":"<p>Naujovi\u0161ka trima\u010di\u0173 hialurono r\u016bg\u0161ties ir peptid\u0173 pagalv\u0117li\u0173 formul\u0117 yra specialiai sukurta taip, kad greitai transformuot\u0173 od\u0105 paaki\u0173 srityje.<br \/>\nEfektyviai dr\u0117kina ir tonizuoja od\u0105.<br \/>\n&Scaron;viesina tamsius ratilus, pa\u0161alina patinimus po akimis.<br \/>\nJie skatina atsinaujinim\u0105, pradeda regeneracijos procesus. Giliai maitina subtili\u0105 od\u0105 po akimis, atstato jos stangrum\u0105 ir elastingum\u0105.<br \/>\nAtjauna, kovoja &nbsp;su pirmaisiais sen\u0117jimo po\u017eymiais.<br \/>\nTuri puik\u0173 gaivinant\u012f ir v\u0117sinant\u012f poveik\u012f.<br \/>\nPagal\u0117l\u0117s idealiai tinka prie\u0161 makia\u017e\u0105, ypatingoms progoms ir reguliariai intensyviai pri\u017ei\u016br\u0117ti \u0161velni\u0105 paaki\u0173 od\u0105.&nbsp;<br \/>\nProdukto unikalumas yra d\u0117l intensyvaus poveikio visiems epidermio sluoksniams. Poveikis pasiekiamas d\u0117l didel\u0117s trij\u0173 r\u016b\u0161i\u0173 hialurono r\u016bg\u0161ties, besiskirian\u010dios molekuline mase ir molekulin\u0117s grandin\u0117s dyd\u017eiu, koncentracijos.<br \/>\nMa\u017eos molekulin\u0117s formos hialurono r\u016bg\u0161tis prasiskverbia \u012f giliausius epidermio sluoksnius, pagerina mikrocirkuliacij\u0105 ir mityb\u0105, suteikia ilgalaik\u012f dr\u0117kinam\u0105j\u012f poveik\u012f ir suaktyvina savo kolageno gamyb\u0105.<br \/>\nVidutin\u0117s molekulin\u0117s mas\u0117s &nbsp;hialurono r\u016bg\u0161tis veikia giliuosiuose ir viduriniuose epidermio sluoksniuose, sulaiko vandens molekules, stimuliuoja odos atsinaujinim\u0105, mal\u0161ina dirginim\u0105 ir ramina.<br \/>\nefektas. Didel\u0117s molekulin\u0117s mas\u0117s hialurono r\u016bg\u0161tis prisotina odos pavir\u0161iaus sluoksnius, apsaugo nuo dr\u0117gm\u0117s praradimo, l\u0117tina sen\u0117jimo procesus, intensyviai dr\u0117kina ir suteikia i\u0161kart matom\u0105 efekt\u0105.<br \/>\nD\u0117l 5 peptid\u0173 komplekso, adenozino, alantoino ir nat\u016brali\u0173 \u017ealiosios arbatos bei hamameli\u0173 ekstrakt\u0173, pagalv\u0117l\u0117s ne tik dr\u0117kina, bet ir turi aktyv\u0173 jauninant\u012f, antioksidacin\u012f poveik\u012f, efektyviai maitina ir apsaugo od\u0105 nuo neigiamo aplinkos poveikio.<br \/>\nREZULTATAS: stangri, sudr\u0117kinta oda, gaivi, \u0161vytinti i\u0161vaizda! Kaip naudoti: 1. Kruop\u0161\u010diai nuplaukite ir nusausinkite veid\u0105. 2. U\u017ed\u0117kite pagalv\u0117les paaki\u0173 srityje. 3. Palikite &nbsp;15&ndash;20 minu\u010di\u0173, tada nuimkite. 4. \u012esitikinkite, kad pakuot\u0117 yra sandariai u\u017edaryta. * Nor\u0117dami gauti geriausi\u0105 efekt\u0105, prie\u0161 naudodami pakuot\u0119 \u012fd\u0117kite \u012f \u0161aldytuv\u0105 15 minu\u010di\u0173. Atsargumo priemon\u0117s: 1. Nenaudokite ant pa\u017eeistos, sudirgintos odos. 2. Nenaudokite gaminio, jei j\u016bs &nbsp;jautr\u016bs vienam i\u0161 komponent\u0173. Jei atsiranda odos paraudimas ar dirginimas, nutraukite naudojim\u0105 ir kreipkit\u0117s \u012f gydytoj\u0105. 3. Venkite patekimo \u012f akis, jei pateks, nuplaukite vandeniu.4. Laikyti vaikams nepasiekiamoje vietoje, esant 0&ndash;25 &deg; C temperat\u016brai. 5. Venkite tiesiogini\u0173 saul\u0117s spinduli\u0173. Atidarius pakuot\u0119 rekomenduojama laikyti \u0161aldytuve. 6. Tik i\u0161oriniam naudojimui. Nenuryti!<\/p>\n","protected":false},"excerpt":{"rendered":"<p>Naujovi\u0161ka trima\u010di\u0173 hialurono r\u016bg\u0161ties ir peptid\u0173 pagalv\u0117li\u0173 formul\u0117 yra specialiai sukurta taip, kad greitai transformuot\u0173 od\u0105 paaki\u0173 srityje. Efektyviai dr\u0117kina ir tonizuoja od\u0105. &Scaron;viesina tamsius ratilus, pa\u0161alina patinimus po akimis. Jie skatina atsinaujinim\u0105, pradeda regeneracijos procesus. Giliai maitina subtili\u0105 od\u0105 po akimis, atstato jos stangrum\u0105 ir elastingum\u0105. Atjauna, kovoja &nbsp;su pirmaisiais sen\u0117jimo po\u017eymiais. Turi puik\u0173 [&#8230;]\n","protected":false},"featured_media":84658,"template":"","meta":[],"product_cat":[1369],"product_tag":[],"class_list":{"0":"post-42791","1":"product","2":"type-product","3":"status-publish","4":"has-post-thumbnail","6":"product_brand-skinlite-lt","7":"product_cat-veido-kaukes","9":"first","10":"outofstock","11":"taxable","12":"shipping-taxable","13":"product-type-simple"},"_links":{"self":[{"href":"https:\/\/e.kosmolat.eu\/lt\/wp-json\/wp\/v2\/product\/42791","targetHints":{"allow":["GET"]}}],"collection":[{"href":"https:\/\/e.kosmolat.eu\/lt\/wp-json\/wp\/v2\/product"}],"about":[{"href":"https:\/\/e.kosmolat.eu\/lt\/wp-json\/wp\/v2\/types\/product"}],"wp:featuredmedia":[{"embeddable":true,"href":"https:\/\/e.kosmolat.eu\/lt\/wp-json\/wp\/v2\/media\/84658"}],"wp:attachment":[{"href":"https:\/\/e.kosmolat.eu\/lt\/wp-json\/wp\/v2\/media?parent=42791"}],"wp:term":[{"taxonomy":"product_cat","embeddable":true,"href":"https:\/\/e.kosmolat.eu\/lt\/wp-json\/wp\/v2\/product_cat?post=42791"},{"taxonomy":"product_tag","embeddable":true,"href":"https:\/\/e.kosmolat.eu\/lt\/wp-json\/wp\/v2\/product_tag?post=42791"}],"curies":[{"name":"wp","href":"https:\/\/api.w.org\/{rel}","templated":true}]}}