{"id":42727,"date":"2024-01-31T12:07:17","date_gmt":"2024-01-31T12:07:17","guid":{"rendered":"https:\/\/e.kosmolat.eu\/product\/dp-augsti-efekt-tauku-tiritajs-citrons-sprejs-750-ml\/"},"modified":"2026-05-08T20:08:35","modified_gmt":"2026-05-08T20:08:35","slug":"dp-augsti-efekt-tauku-tiritajs-citrons-sprejs-750-ml","status":"publish","type":"product","link":"https:\/\/e.kosmolat.eu\/lt\/produktas\/dp-augsti-efekt-tauku-tiritajs-citrons-sprejs-750-ml\/","title":{"rendered":"DUAL POWER Itin veiksminga riebal\u0173 \u0161alinimo priemon\u0117 Citrina, 750 ml"},"content":{"rendered":"<p>Veiksmingai nuvalo \u012fsisen\u0117jusius ne\u0161varumus, palikdamas gaiv\u0173 kvap\u0105. Pa\u0161alina \u012fsisen\u0117jusias riebal\u0173, aliejaus ir anglies nuos\u0117das nuo vis\u0173 virtuv\u0117s pavir\u0161i\u0173, taip pat sunkiai \u012fveikiamas audini\u0173 d\u0117mes.<\/p>\n<p><strong>Naudojimas: <\/strong>purk\u0161ti produkt\u0105 ant u\u017eter\u0161to pavir\u0161iaus. Leiskite jam veikti kelet\u0105 minu\u010di\u0173. Valykite dr\u0117gna kempine.<\/p>\n<p><strong>\u012esp\u0117jimas:<\/strong> nenaudokite ant neanoduoto aliuminio, nat\u016bralaus med\u017eio ir skaidraus plastiko med\u017eiag\u0173 (polikarbonato, naudojamo, pavyzd\u017eiui, \u0161alm\u0173 skydeliuose, du\u0161uose). Prie\u0161 naudodami spalvotus audinius, patikrinkite audinio atsparum\u0105 da\u017eams nepastebimoje vietoje. Prie\u0161 naudodami gamin\u012f pirm\u0105 kart\u0105, visada patikrinkite pavir\u0161i\u0173 atsparum\u0105.<\/p>\n<p><strong>Sud\u0117tis:<\/strong> ma\u017eiau kaip 5 % anijonini\u0173 &nbsp;aktyvi\u0173j\u0173 pavir\u0161iaus med\u017eiag\u0173, &nbsp;ma\u017eiau kaip 5 % nejonini\u0173 &nbsp;aktyvi\u0173j\u0173 pavir\u0161iaus med\u017eiag\u0173. Kvapai\/ Limonene, Citral. Konservavimo med\u017eiaga: Benzisothiazolinone\/ Methylchloroisothiazolinone\/ Methylisothiazolinone.<\/p>\n<p>&nbsp;<\/p>\n<p><strong>EUH208<\/strong><br \/>\nSud\u0117tyje yra Metilchlorizotiazolinonas ir metilizotiazolinonas. Gali sukelti alergin\u0119 reakcij\u0105.<br \/>\nP101 Jei reikalinga gydytojo konsultacija, su savimi tur\u0117kite produkto talpykl\u0105 ar jo etiket\u0119.<br \/>\nP102 Laikyti vaikams neprieinamoje vietoje<br \/>\nP103 Prie\u0161 naudojim\u0105 perskaityti etiket\u0119.<br \/>\n&nbsp;<\/p>\n","protected":false},"excerpt":{"rendered":"<p>Veiksmingai nuvalo \u012fsisen\u0117jusius ne\u0161varumus, palikdamas gaiv\u0173 kvap\u0105. Pa\u0161alina \u012fsisen\u0117jusias riebal\u0173, aliejaus ir anglies nuos\u0117das nuo vis\u0173 virtuv\u0117s pavir\u0161i\u0173, taip pat sunkiai \u012fveikiamas audini\u0173 d\u0117mes. Naudojimas: purk\u0161ti produkt\u0105 ant u\u017eter\u0161to pavir\u0161iaus. Leiskite jam veikti kelet\u0105 minu\u010di\u0173. Valykite dr\u0117gna kempine. \u012esp\u0117jimas: nenaudokite ant neanoduoto aliuminio, nat\u016bralaus med\u017eio ir skaidraus plastiko med\u017eiag\u0173 (polikarbonato, naudojamo, pavyzd\u017eiui, \u0161alm\u0173 skydeliuose, du\u0161uose). [&#8230;]\n","protected":false},"featured_media":99244,"template":"","meta":[],"product_cat":[1468],"product_tag":[],"class_list":{"0":"post-42727","1":"product","2":"type-product","3":"status-publish","4":"has-post-thumbnail","6":"product_brand-italchimica-it-lt","7":"product_cat-virtuvei-namu-priezurai-namu-priezurai","9":"first","10":"instock","11":"taxable","12":"shipping-taxable","13":"product-type-simple"},"_links":{"self":[{"href":"https:\/\/e.kosmolat.eu\/lt\/wp-json\/wp\/v2\/product\/42727","targetHints":{"allow":["GET"]}}],"collection":[{"href":"https:\/\/e.kosmolat.eu\/lt\/wp-json\/wp\/v2\/product"}],"about":[{"href":"https:\/\/e.kosmolat.eu\/lt\/wp-json\/wp\/v2\/types\/product"}],"wp:featuredmedia":[{"embeddable":true,"href":"https:\/\/e.kosmolat.eu\/lt\/wp-json\/wp\/v2\/media\/99244"}],"wp:attachment":[{"href":"https:\/\/e.kosmolat.eu\/lt\/wp-json\/wp\/v2\/media?parent=42727"}],"wp:term":[{"taxonomy":"product_cat","embeddable":true,"href":"https:\/\/e.kosmolat.eu\/lt\/wp-json\/wp\/v2\/product_cat?post=42727"},{"taxonomy":"product_tag","embeddable":true,"href":"https:\/\/e.kosmolat.eu\/lt\/wp-json\/wp\/v2\/product_tag?post=42727"}],"curies":[{"name":"wp","href":"https:\/\/api.w.org\/{rel}","templated":true}]}}