{"id":42691,"date":"2024-01-31T12:05:19","date_gmt":"2024-01-31T12:05:19","guid":{"rendered":"https:\/\/e.kosmolat.eu\/product\/matbea-attirosie-diski-makijazas-nonemsanai-60-gab\/"},"modified":"2025-09-19T22:09:32","modified_gmt":"2025-09-19T22:09:32","slug":"matbea-attirosie-diski-makijazas-nonemsanai-60-gab","status":"publish","type":"product","link":"https:\/\/e.kosmolat.eu\/lt\/produktas\/matbea-attirosie-diski-makijazas-nonemsanai-60-gab\/","title":{"rendered":"MATBEA Diskeliai makia\u017eo valymui"},"content":{"rendered":"<p>.<\/p>\n<p>&bull; Efektyviai valo makia\u017e\u0105<br \/>\n&bull; Valo &nbsp;ir dr\u0117kina od\u0105<br \/>\n&bull; Suma\u017einti dirginim\u0105<br \/>\nSYMDECANOX yra galingas l\u0105stelinis antioksidantas, kuris padeda suma\u017einti dirginim\u0105, u\u017edegim\u0105 ir paraudim\u0105, taip pat papildomai dr\u0117kina ir saugo veido od\u0105.<br \/>\nHIALURONO R\u016aG&Scaron;TIS efektyviai dr\u0117kina, jaunina ir lygina od\u0105, didina jos elastingum\u0105, skatina kolageno sintez\u0119.<\/p>\n<p>PLUMERIJ\u0172 EKSTRAKTAS padeda suma\u017einti u\u017edegim\u0105, dr\u0117kina ir maitina saus\u0105 od\u0105 bei pagreitina l\u0105steli\u0173 atsinaujinimo proces\u0105.<\/p>\n<p>Naudojimas: nuvalykite makia\u017e\u0105, \u012fskaitant aki\u0173 makia\u017e\u0105, impregnuotomis pagalv\u0117l\u0117mis.<br \/>\n&nbsp;<\/p>\n","protected":false},"excerpt":{"rendered":"<p>. &bull; Efektyviai valo makia\u017e\u0105 &bull; Valo &nbsp;ir dr\u0117kina od\u0105 &bull; Suma\u017einti dirginim\u0105 SYMDECANOX yra galingas l\u0105stelinis antioksidantas, kuris padeda suma\u017einti dirginim\u0105, u\u017edegim\u0105 ir paraudim\u0105, taip pat papildomai dr\u0117kina ir saugo veido od\u0105. HIALURONO R\u016aG&Scaron;TIS efektyviai dr\u0117kina, jaunina ir lygina od\u0105, didina jos elastingum\u0105, skatina kolageno sintez\u0119. PLUMERIJ\u0172 EKSTRAKTAS padeda suma\u017einti u\u017edegim\u0105, dr\u0117kina ir maitina [&#8230;]\n","protected":false},"featured_media":85826,"template":"","meta":[],"product_cat":[1341],"product_tag":[],"class_list":{"0":"post-42691","1":"product","2":"type-product","3":"status-publish","4":"has-post-thumbnail","6":"product_brand-matbea_sivis_by-lt","7":"product_cat-valomosios-kaukes","9":"first","10":"outofstock","11":"taxable","12":"shipping-taxable","13":"product-type-simple"},"_links":{"self":[{"href":"https:\/\/e.kosmolat.eu\/lt\/wp-json\/wp\/v2\/product\/42691","targetHints":{"allow":["GET"]}}],"collection":[{"href":"https:\/\/e.kosmolat.eu\/lt\/wp-json\/wp\/v2\/product"}],"about":[{"href":"https:\/\/e.kosmolat.eu\/lt\/wp-json\/wp\/v2\/types\/product"}],"wp:featuredmedia":[{"embeddable":true,"href":"https:\/\/e.kosmolat.eu\/lt\/wp-json\/wp\/v2\/media\/85826"}],"wp:attachment":[{"href":"https:\/\/e.kosmolat.eu\/lt\/wp-json\/wp\/v2\/media?parent=42691"}],"wp:term":[{"taxonomy":"product_cat","embeddable":true,"href":"https:\/\/e.kosmolat.eu\/lt\/wp-json\/wp\/v2\/product_cat?post=42691"},{"taxonomy":"product_tag","embeddable":true,"href":"https:\/\/e.kosmolat.eu\/lt\/wp-json\/wp\/v2\/product_tag?post=42691"}],"curies":[{"name":"wp","href":"https:\/\/api.w.org\/{rel}","templated":true}]}}