{"id":42679,"date":"2024-01-31T12:04:22","date_gmt":"2024-01-31T12:04:22","guid":{"rendered":"https:\/\/e.kosmolat.eu\/product\/matbea-vitaminu-serums-ar-niacinamidu-5\/"},"modified":"2025-09-19T22:08:46","modified_gmt":"2025-09-19T22:08:46","slug":"matbea-vitaminu-serums-ar-niacinamidu-5","status":"publish","type":"product","link":"https:\/\/e.kosmolat.eu\/lt\/produktas\/matbea-vitaminu-serums-ar-niacinamidu-5\/","title":{"rendered":"MATBEA Vitamininis serumas su niacinamidu 5%"},"content":{"rendered":"<p>Probleminei odai.&nbsp;Apsaugo nuo riebal\u0173 pertekliau, suma\u017eina spuogus per 8 savaites,&nbsp;palaiko odos hidratacij\u0105.<\/p>\n<p>NIACINAMIDAS &ndash; vitamino B3 forma, dar \u017einoma kaip vitaminas PP<\/p>\n<p>BEAUPLEX VH pagreitina odos atstatymo proces\u0105 ir skatina savo kolageno gamyb\u0105.<\/p>\n<p>ALLANTOINAS yra galingas turtas, turintis raminant\u012f ir mink&scaron;tinant\u012f poveik\u012f. Stimuliuoja epidermio atsinaujinim\u0105 ir efektyviai apsaugo od\u0105 nuo \u017ealingo i&scaron;or\u0117s veiksni\u0173 poveikio.<\/p>\n<p>AUK&Scaron;TOS &nbsp;MOLEKULIN\u0116S MAS\u0116S HIALURONO R\u016aG&Scaron;TIS, kurios molekul\u0117s neprasiskverbia \u012f od\u0105, o i&scaron;lieka jos pavir&scaron;iuje, sudaro apsaugin\u012f sluoksn\u012f, neleid\u017eiant\u012f i&scaron;garuoti vandeniui.<\/p>\n<p><strong>Naudojimas: <\/strong>nedidel\u012f kiek\u012f serumo u\u017etepkite ant &scaron;varios odos, tolygiai paskirstykite pir&scaron;t\u0173 galiukais arba masa\u017eo voleliu. Gali b\u016bti naudojamas kaip makia\u017eo pagrindas.<br \/>\n&nbsp;<\/p>\n","protected":false},"excerpt":{"rendered":"<p>Probleminei odai.&nbsp;Apsaugo nuo riebal\u0173 pertekliau, suma\u017eina spuogus per 8 savaites,&nbsp;palaiko odos hidratacij\u0105. NIACINAMIDAS &ndash; vitamino B3 forma, dar \u017einoma kaip vitaminas PP BEAUPLEX VH pagreitina odos atstatymo proces\u0105 ir skatina savo kolageno gamyb\u0105. ALLANTOINAS yra galingas turtas, turintis raminant\u012f ir mink&scaron;tinant\u012f poveik\u012f. Stimuliuoja epidermio atsinaujinim\u0105 ir efektyviai apsaugo od\u0105 nuo \u017ealingo i&scaron;or\u0117s veiksni\u0173 poveikio. AUK&Scaron;TOS [&#8230;]\n","protected":false},"featured_media":85814,"template":"","meta":[],"product_cat":[1327],"product_tag":[],"class_list":{"0":"post-42679","1":"product","2":"type-product","3":"status-publish","4":"has-post-thumbnail","6":"product_brand-matbea_sivis_by-lt","7":"product_cat-serumai","9":"first","10":"outofstock","11":"taxable","12":"shipping-taxable","13":"product-type-simple"},"_links":{"self":[{"href":"https:\/\/e.kosmolat.eu\/lt\/wp-json\/wp\/v2\/product\/42679","targetHints":{"allow":["GET"]}}],"collection":[{"href":"https:\/\/e.kosmolat.eu\/lt\/wp-json\/wp\/v2\/product"}],"about":[{"href":"https:\/\/e.kosmolat.eu\/lt\/wp-json\/wp\/v2\/types\/product"}],"wp:featuredmedia":[{"embeddable":true,"href":"https:\/\/e.kosmolat.eu\/lt\/wp-json\/wp\/v2\/media\/85814"}],"wp:attachment":[{"href":"https:\/\/e.kosmolat.eu\/lt\/wp-json\/wp\/v2\/media?parent=42679"}],"wp:term":[{"taxonomy":"product_cat","embeddable":true,"href":"https:\/\/e.kosmolat.eu\/lt\/wp-json\/wp\/v2\/product_cat?post=42679"},{"taxonomy":"product_tag","embeddable":true,"href":"https:\/\/e.kosmolat.eu\/lt\/wp-json\/wp\/v2\/product_tag?post=42679"}],"curies":[{"name":"wp","href":"https:\/\/api.w.org\/{rel}","templated":true}]}}