{"id":42675,"date":"2024-01-31T12:04:03","date_gmt":"2024-01-31T12:04:03","guid":{"rendered":"https:\/\/e.kosmolat.eu\/product\/matbea-aktivs-bio-serums-ar-alveju-30-ml\/"},"modified":"2025-09-19T22:08:26","modified_gmt":"2025-09-19T22:08:26","slug":"matbea-aktivs-bio-serums-ar-alveju-30-ml","status":"publish","type":"product","link":"https:\/\/e.kosmolat.eu\/lt\/produktas\/matbea-aktivs-bio-serums-ar-alveju-30-ml\/","title":{"rendered":"MATBEA Aktyvus bioserumas su alavijais, 30 ml"},"content":{"rendered":"<p>.&bull; intensyviai dr\u0117kina ir ramina,<br \/>\n&bull; pagreitina regeneracij\u0105,<br \/>\n&bull; gali b\u016bti naudojamas kaip makia\u017eo pagrindas.<\/p>\n<p>ALOE VERA intensyviai dr\u0117kina ir ramina veido od\u0105, padeda jai ilgai i&scaron;likti gaiviai ir elastingai. Alavijuose esantys polisacharidai ir didelis vitamin\u0173 kiekis turi mink&scaron;tinant\u012f poveik\u012f, taip pat pagreitina audini\u0173 regeneracij\u0105.<\/p>\n<p>ALLANTOINAS, turi raminant\u012f ir mink&scaron;tinant\u012f poveik\u012f. Stimuliuoja epidermio atsinaujinim\u0105 ir efektyviai apsaugo od\u0105 nuo \u017ealingo i&scaron;or\u0117s veiksni\u0173 poveikio.<\/p>\n<p>PANTHENOL d\u0117l savo higroskopi&scaron;kumo ir didelio pralaidumo &bdquo;pristato&ldquo; vanden\u012f \u012f giliuosius epidermio sluoksnius. Pantoteno r\u016bg&scaron;tis, gaunama oksiduojant D-pantenol\u012f, i&scaron;lygina odos reljef\u0105 ir skatina jos atsinaujinim\u0105.<\/p>\n<p>AUK&Scaron;TOS &nbsp;MOLEKULIN\u0116S MAS\u0116S HIALURONO R\u016aG&Scaron;TIS, kurios molekul\u0117s neprasiskverbia \u012f od\u0105, o i&scaron;lieka jos pavir&scaron;iuje, sudaro apsaugin\u012f sluoksn\u012f, neleid\u017eiant\u012f i&scaron;garuoti dr\u0117gmei.<\/p>\n<p><strong>Naudojimas: <\/strong>nedidel\u012f kiek\u012f serumo u\u017etepkite ant &scaron;varios odos, tolygiai paskirstykite pir&scaron;t\u0173 galiukais arba masa\u017eo voleliu. Gali b\u016bti naudojamas kaip makia\u017eo pagrindas.<\/p>\n","protected":false},"excerpt":{"rendered":"<p>.&bull; intensyviai dr\u0117kina ir ramina, &bull; pagreitina regeneracij\u0105, &bull; gali b\u016bti naudojamas kaip makia\u017eo pagrindas. ALOE VERA intensyviai dr\u0117kina ir ramina veido od\u0105, padeda jai ilgai i&scaron;likti gaiviai ir elastingai. Alavijuose esantys polisacharidai ir didelis vitamin\u0173 kiekis turi mink&scaron;tinant\u012f poveik\u012f, taip pat pagreitina audini\u0173 regeneracij\u0105. ALLANTOINAS, turi raminant\u012f ir mink&scaron;tinant\u012f poveik\u012f. Stimuliuoja epidermio atsinaujinim\u0105 ir [&#8230;]\n","protected":false},"featured_media":85810,"template":"","meta":[],"product_cat":[1327],"product_tag":[],"class_list":{"0":"post-42675","1":"product","2":"type-product","3":"status-publish","4":"has-post-thumbnail","6":"product_brand-matbea_sivis_by-lt","7":"product_cat-serumai","9":"first","10":"outofstock","11":"taxable","12":"shipping-taxable","13":"product-type-simple"},"_links":{"self":[{"href":"https:\/\/e.kosmolat.eu\/lt\/wp-json\/wp\/v2\/product\/42675","targetHints":{"allow":["GET"]}}],"collection":[{"href":"https:\/\/e.kosmolat.eu\/lt\/wp-json\/wp\/v2\/product"}],"about":[{"href":"https:\/\/e.kosmolat.eu\/lt\/wp-json\/wp\/v2\/types\/product"}],"wp:featuredmedia":[{"embeddable":true,"href":"https:\/\/e.kosmolat.eu\/lt\/wp-json\/wp\/v2\/media\/85810"}],"wp:attachment":[{"href":"https:\/\/e.kosmolat.eu\/lt\/wp-json\/wp\/v2\/media?parent=42675"}],"wp:term":[{"taxonomy":"product_cat","embeddable":true,"href":"https:\/\/e.kosmolat.eu\/lt\/wp-json\/wp\/v2\/product_cat?post=42675"},{"taxonomy":"product_tag","embeddable":true,"href":"https:\/\/e.kosmolat.eu\/lt\/wp-json\/wp\/v2\/product_tag?post=42675"}],"curies":[{"name":"wp","href":"https:\/\/api.w.org\/{rel}","templated":true}]}}