{"id":42611,"date":"2024-01-31T12:00:49","date_gmt":"2024-01-31T12:00:49","guid":{"rendered":"https:\/\/e.kosmolat.eu\/product\/baroness-auduma-maska-ar-zensena-ekstraktu-21-g\/"},"modified":"2026-04-15T15:14:33","modified_gmt":"2026-04-15T15:14:33","slug":"baroness-auduma-maska-ar-zensena-ekstraktu-21-g","status":"publish","type":"product","link":"https:\/\/e.kosmolat.eu\/lt\/produktas\/baroness-auduma-maska-ar-zensena-ekstraktu-21-g\/","title":{"rendered":"BARONESS Lak\u0161tin\u0117 kauk\u0117 su \u017een\u0161enio ekstraktu, 21 g"},"content":{"rendered":"<p>\u0160i od\u0105 apgaubianti kauk\u0117 padeda odai b\u016bti elastingai ir atrodyti jauniau, sukurdama dr\u0117kinam\u0105j\u012f efekt\u0105 ir formuodama pl\u0117vel\u0119. Oda jau\u010diasi  \u0161ilkin\u0117 ir gaivi. Baroness Red Ginseng labai koncentruota maitinamoji kauk\u0117, kurioje yra raudonojo \u017een\u0161enio ekstrakt\u0173, padedan\u010di\u0173 atkurti odos glotnum\u0105 ir stangrum\u0105. Atgaivina pavargusi\u0105 od\u0105, ma\u017eina netobulumus ir i\u0161laiko od\u0105 gaivi\u0105 bei spindin\u010di\u0105.<\/p>\n<p>Naudojimas: 1. Po prausimo kruop\u0161\u010diai nusausinkite veid\u0105. 2. U\u017ed\u0117kite ant veido lak\u0161tine kauke. 3. Palikite 15-20 minu\u010di\u0173. 4. Nuimkite kauk\u0119 ir pir\u0161t\u0173 galiukais \u0161velniai paglostykite veid\u0105. Tolimesniam nenuplaukite.<\/p>\n<p>Atsargiai: Tik i\u0161oriniam naudojimui. Nenaudoti ant pa\u017eeistos odos. Vengti patekimo \u012f akis. Jei atsiranda dirginimas ir (arba) b\u0117rimas, kruop\u0161\u010diai nuplaukite vandeniu ir nedelsdami nutraukite naudojim\u0105. Jei simptomai i\u0161lieka, kreipkit\u0117s \u012f gydytoj\u0105. Laikyti vaikams nepasiekiamoje vietoje.<\/p>\n","protected":false},"excerpt":{"rendered":"<p>\u0160i od\u0105 apgaubianti kauk\u0117 padeda odai b\u016bti elastingai ir atrodyti jauniau, sukurdama dr\u0117kinam\u0105j\u012f efekt\u0105 ir formuodama pl\u0117vel\u0119. Oda jau\u010diasi \u0161ilkin\u0117 ir gaivi. Baroness Red Ginseng labai koncentruota maitinamoji kauk\u0117, kurioje yra raudonojo \u017een\u0161enio ekstrakt\u0173, padedan\u010di\u0173 atkurti odos glotnum\u0105 ir stangrum\u0105. Atgaivina pavargusi\u0105 od\u0105, ma\u017eina netobulumus ir i\u0161laiko od\u0105 gaivi\u0105 bei spindin\u010di\u0105. Naudojimas: 1. Po prausimo [&#8230;]\n","protected":false},"featured_media":0,"template":"","meta":[],"product_cat":[2181],"product_tag":[],"class_list":{"0":"post-42611","1":"product","2":"type-product","3":"status-publish","5":"product_brand-eurus_pl-lt","6":"product_cat-bez-kategorijas-lt","8":"first","9":"outofstock","10":"taxable","11":"shipping-taxable","12":"product-type-simple"},"_links":{"self":[{"href":"https:\/\/e.kosmolat.eu\/lt\/wp-json\/wp\/v2\/product\/42611","targetHints":{"allow":["GET"]}}],"collection":[{"href":"https:\/\/e.kosmolat.eu\/lt\/wp-json\/wp\/v2\/product"}],"about":[{"href":"https:\/\/e.kosmolat.eu\/lt\/wp-json\/wp\/v2\/types\/product"}],"wp:attachment":[{"href":"https:\/\/e.kosmolat.eu\/lt\/wp-json\/wp\/v2\/media?parent=42611"}],"wp:term":[{"taxonomy":"product_cat","embeddable":true,"href":"https:\/\/e.kosmolat.eu\/lt\/wp-json\/wp\/v2\/product_cat?post=42611"},{"taxonomy":"product_tag","embeddable":true,"href":"https:\/\/e.kosmolat.eu\/lt\/wp-json\/wp\/v2\/product_tag?post=42611"}],"curies":[{"name":"wp","href":"https:\/\/api.w.org\/{rel}","templated":true}]}}