{"id":42599,"date":"2024-01-31T12:00:08","date_gmt":"2024-01-31T12:00:08","guid":{"rendered":"https:\/\/e.kosmolat.eu\/product\/baroness-syn-ake-auduma-maska-21-g\/"},"modified":"2025-07-24T10:30:38","modified_gmt":"2025-07-24T10:30:38","slug":"baroness-syn-ake-auduma-maska-21-g","status":"publish","type":"product","link":"https:\/\/e.kosmolat.eu\/lt\/produktas\/baroness-syn-ake-auduma-maska-21-g\/","title":{"rendered":"BARONESS Lak\u0161tin\u0117 kauk\u0117 SYN-AKE, 21 g"},"content":{"rendered":"<p>BARONESS Lak\u0161tin\u0117 kauk\u0117 SYN-AKE<br \/>\nBaroness Synake labai koncentruota maitinamoji kauk\u0117, kurios sud\u0117tyje yra Sinake ekstrakt\u0173, kurie padeda dr\u0117kinti, stangrina ir pakelia od\u0105. Ma\u017eina rauk\u0161les ir ma\u017eina sen\u0117jimo po\u017eymius. Veidas tampa lygesnis ir jaunesnis.<\/p>\n<p><strong>Naudojimas:<\/strong> 1. Po plovimo kruop\u0161\u010diai nusausinkite veid\u0105. 2. U\u017ed\u0117kite kauk\u0119 ant veido. 3. Palikite 15-20 minu\u010di\u0173. 4. Nuimkite kauk\u0119 ir pir\u0161t\u0173 galiukais \u0161velniai paglostykite veid\u0105. Tolimesniam \u012fsisavinimui nenuplaukite. Atsargiai: Tik i\u0161oriniam naudojimui. Nenaudoti ant pa\u017eeistos odos. Vengti patekimo \u012f akis. Jei atsiranda dirginimas ir (arba) b\u0117rimas, kruop\u0161\u010diai nuplaukite vandeniu ir nedelsdami nutraukite naudojim\u0105. Jei simptomai i\u0161lieka, kreipkit\u0117s \u012f gydytoj\u0105. Laikyti vaikams nepasiekiamoje vietoje.<br \/>\n&nbsp;<\/p>\n","protected":false},"excerpt":{"rendered":"<p>BARONESS Lak\u0161tin\u0117 kauk\u0117 SYN-AKE Baroness Synake labai koncentruota maitinamoji kauk\u0117, kurios sud\u0117tyje yra Sinake ekstrakt\u0173, kurie padeda dr\u0117kinti, stangrina ir pakelia od\u0105. Ma\u017eina rauk\u0161les ir ma\u017eina sen\u0117jimo po\u017eymius. Veidas tampa lygesnis ir jaunesnis. Naudojimas: 1. Po plovimo kruop\u0161\u010diai nusausinkite veid\u0105. 2. U\u017ed\u0117kite kauk\u0119 ant veido. 3. Palikite 15-20 minu\u010di\u0173. 4. Nuimkite kauk\u0119 ir pir\u0161t\u0173 galiukais [&#8230;]\n","protected":false},"featured_media":932,"template":"","meta":[],"product_cat":[1369],"product_tag":[],"class_list":{"0":"post-42599","1":"product","2":"type-product","3":"status-publish","4":"has-post-thumbnail","6":"product_brand-eurus_pl-lt","7":"product_cat-veido-kaukes","9":"first","10":"outofstock","11":"taxable","12":"shipping-taxable","13":"product-type-simple"},"_links":{"self":[{"href":"https:\/\/e.kosmolat.eu\/lt\/wp-json\/wp\/v2\/product\/42599","targetHints":{"allow":["GET"]}}],"collection":[{"href":"https:\/\/e.kosmolat.eu\/lt\/wp-json\/wp\/v2\/product"}],"about":[{"href":"https:\/\/e.kosmolat.eu\/lt\/wp-json\/wp\/v2\/types\/product"}],"wp:featuredmedia":[{"embeddable":true,"href":"https:\/\/e.kosmolat.eu\/lt\/wp-json\/wp\/v2\/media\/932"}],"wp:attachment":[{"href":"https:\/\/e.kosmolat.eu\/lt\/wp-json\/wp\/v2\/media?parent=42599"}],"wp:term":[{"taxonomy":"product_cat","embeddable":true,"href":"https:\/\/e.kosmolat.eu\/lt\/wp-json\/wp\/v2\/product_cat?post=42599"},{"taxonomy":"product_tag","embeddable":true,"href":"https:\/\/e.kosmolat.eu\/lt\/wp-json\/wp\/v2\/product_tag?post=42599"}],"curies":[{"name":"wp","href":"https:\/\/api.w.org\/{rel}","templated":true}]}}