{"id":42579,"date":"2024-01-31T11:59:02","date_gmt":"2024-01-31T11:59:02","guid":{"rendered":"https:\/\/e.kosmolat.eu\/product\/br-kremziepes-intensiva-barosana-230-ml\/"},"modified":"2025-04-24T10:20:46","modified_gmt":"2025-04-24T10:20:46","slug":"br-kremziepes-intensiva-barosana-230-ml","status":"publish","type":"product","link":"https:\/\/e.kosmolat.eu\/lt\/produktas\/br-kremziepes-intensiva-barosana-230-ml\/","title":{"rendered":"BARCHARNIJE RU\u010cKI Rank\u0173 muilas- kremas Intensyvus maitinimas, 230 ml"},"content":{"rendered":"<p>Migdol\u0173 aliejaus kreminio muilo formul\u0117 &scaron;velniai valo ir sumink&scaron;tina od\u0105 plaunant rankas. Atitinka nat\u016bral\u0173 odos pH lyg\u012f. Valikliai ir kietas vanduo gali sutrikdyti nat\u016bral\u0173 odos apsaugin\u012f barjer\u0105 plaunant rankas. Muilo formul\u0117 su rank\u0173 kremo ingredientais &scaron;velniai veikia od\u0105, apsaugodama nuo i&scaron;saus\u0117jimo.<\/p>\n<p><strong>Naudojimas: <\/strong>u\u017etepkite nedidel\u012f kiek\u012f muilo ant dr\u0117gnos odos, suputokite, nuplaukite &scaron;iltu vandeniu.<\/p>\n<p>Laikyti nuo +5&deg;C iki +25&deg;C temperat\u016broje.<br \/>\n&nbsp;<\/p>\n","protected":false},"excerpt":{"rendered":"<p>Migdol\u0173 aliejaus kreminio muilo formul\u0117 &scaron;velniai valo ir sumink&scaron;tina od\u0105 plaunant rankas. Atitinka nat\u016bral\u0173 odos pH lyg\u012f. Valikliai ir kietas vanduo gali sutrikdyti nat\u016bral\u0173 odos apsaugin\u012f barjer\u0105 plaunant rankas. Muilo formul\u0117 su rank\u0173 kremo ingredientais &scaron;velniai veikia od\u0105, apsaugodama nuo i&scaron;saus\u0117jimo. Naudojimas: u\u017etepkite nedidel\u012f kiek\u012f muilo ant dr\u0117gnos odos, suputokite, nuplaukite &scaron;iltu vandeniu. Laikyti nuo [&#8230;]\n","protected":false},"featured_media":42581,"template":"","meta":[],"product_cat":[2181],"product_tag":[],"class_list":{"0":"post-42579","1":"product","2":"type-product","3":"status-publish","4":"has-post-thumbnail","6":"product_brand-unilever-ua-lt","7":"product_cat-bez-kategorijas-lt","9":"first","10":"outofstock","11":"taxable","12":"shipping-taxable","13":"product-type-simple"},"_links":{"self":[{"href":"https:\/\/e.kosmolat.eu\/lt\/wp-json\/wp\/v2\/product\/42579","targetHints":{"allow":["GET"]}}],"collection":[{"href":"https:\/\/e.kosmolat.eu\/lt\/wp-json\/wp\/v2\/product"}],"about":[{"href":"https:\/\/e.kosmolat.eu\/lt\/wp-json\/wp\/v2\/types\/product"}],"wp:featuredmedia":[{"embeddable":true,"href":"https:\/\/e.kosmolat.eu\/lt\/wp-json\/wp\/v2\/media\/42581"}],"wp:attachment":[{"href":"https:\/\/e.kosmolat.eu\/lt\/wp-json\/wp\/v2\/media?parent=42579"}],"wp:term":[{"taxonomy":"product_cat","embeddable":true,"href":"https:\/\/e.kosmolat.eu\/lt\/wp-json\/wp\/v2\/product_cat?post=42579"},{"taxonomy":"product_tag","embeddable":true,"href":"https:\/\/e.kosmolat.eu\/lt\/wp-json\/wp\/v2\/product_tag?post=42579"}],"curies":[{"name":"wp","href":"https:\/\/api.w.org\/{rel}","templated":true}]}}